{"id":8,"date":"2021-11-02T08:16:09","date_gmt":"2021-11-02T08:16:09","guid":{"rendered":"https:\/\/soledaddemo.pencidesign.net\/soledad-modern-news-magazine\/?page_id=8"},"modified":"2024-07-25T19:53:34","modified_gmt":"2024-07-25T16:53:34","slug":"soledad_home","status":"publish","type":"page","link":"https:\/\/tatd.org.tr\/yayin\/","title":{"rendered":"Soledad_Home"},"content":{"rendered":"\t\t<div data-elementor-type=\"wp-page\" data-elementor-id=\"8\" class=\"elementor elementor-8\" data-elementor-post-type=\"page\">\n\t\t\t\t\t\t<section class=\"penci-section penci-enSticky penci-repons-elsection penci-con_sb2_sb1 penci-structure-33 elementor-section elementor-top-section elementor-element elementor-element-35af948 elementor-section-boxed elementor-section-height-default elementor-section-height-default\" data-id=\"35af948\" data-element_type=\"section\" data-e-type=\"section\">\n\t\t\t\t\t\t<div class=\"elementor-container elementor-column-gap-extended\">\n\t\t\t\t\t<div class=\"penci-ercol-25 penci-ercol-order-1 penci-sticky-sb penci-sidebarSC   elementor-column elementor-col-25 elementor-top-column elementor-element elementor-element-41bc9bf\" data-id=\"41bc9bf\" data-element_type=\"column\" data-e-type=\"column\">\n\t\t\t<div class=\"elementor-widget-wrap elementor-element-populated\">\n\t\t\t\t\t\t<div class=\"elementor-element elementor-element-de33f47 elementor-widget elementor-widget-penci-text-block\" data-id=\"de33f47\" data-element_type=\"widget\" data-e-type=\"widget\" data-widget_type=\"penci-text-block.default\">\n\t\t\t\t<div class=\"elementor-widget-container\">\n\t\t\t\t\t\t\t<div class=\"penci-block-vc penci-text-editor\">\n\t\t\t    <div class=\"penci-border-arrow penci-homepage-title penci-home-latest-posts style-6 pcalign-left pciconp-right pcicon-right block-title-icon-left\">\n        <h3 class=\"inner-arrow\">\n        <span>\n                    <span>Ama\u00e7 ve Hedefler\u200b<\/a>                <\/span>\n        <\/h3>\n\t\t        <\/div>\n\t\t\t\t\t<div class=\"penci-block_content\">\n\t\t\t\t<div class=\"elementor-text-editor elementor-clearfix\"><p>TATD Yay\u0131n Komisyonu, dernek yetkili organlar\u0131ndan ald\u0131\u011f\u0131 g\u00fc\u00e7le, dernek yay\u0131nlar\u0131 olu\u015fum s\u00fcrecinin en iyi \u015fekilde y\u00fcr\u00fct\u00fclmesine, en do\u011fru \u015fekilde yap\u0131land\u0131r\u0131lmas\u0131na ve en kapsaml\u0131 \u015fekilde sunulmas\u0131na arac\u0131l\u0131k etmeyi hedefler.<br \/>TATD Yay\u0131n Komisyonu, ba\u015fta acil sa\u011fl\u0131k hizmetlerinde yer alan sa\u011fl\u0131k personelleri olmak \u00fczere, t\u00fcm di\u011fer sa\u011fl\u0131k \u00e7al\u0131\u015fanlar\u0131na ve halka y\u00f6nelik t\u0131p ya da t\u0131p d\u0131\u015f\u0131 konularda en do\u011fru yay\u0131nlar\u0131n olu\u015fumuna katk\u0131 sunmay\u0131, modern ve g\u00fc\u00e7l\u00fc bi\u00e7imde onlar\u0131 desteklemeyi kendisine ama\u00e7 edinmi\u015ftir.<\/p><\/div>\n\t\t\t<\/div>\n\t\t<\/div>\n\t\t\t\t\t\t<\/div>\n\t\t\t\t<\/div>\n\t\t\t\t\t<\/div>\n\t\t<\/div>\n\t\t\t\t<div class=\"penci-ercol-50 penci-ercol-order-2 penci-sticky-ct  penci-dmcheck penci-elbg-activate  elementor-column elementor-col-50 elementor-top-column elementor-element elementor-element-29b88e4\" data-id=\"29b88e4\" data-element_type=\"column\" data-e-type=\"column\" data-settings=\"{&quot;background_background&quot;:&quot;classic&quot;}\">\n\t\t\t<div class=\"elementor-widget-wrap elementor-element-populated\">\n\t\t\t\t\t\t<div class=\"elementor-element elementor-element-dbffcb3 elementor-widget__width-initial elementor-widget elementor-widget-penci-small-list\" data-id=\"dbffcb3\" data-element_type=\"widget\" data-e-type=\"widget\" data-widget_type=\"penci-small-list.default\">\n\t\t\t\t<div class=\"elementor-widget-container\">\n\t\t\t\t\t<script>if( typeof(penciBlock) === \"undefined\" ) {function penciBlock() { this.atts_json = ''; this.content = ''; }}var penciBlocksArray = penciBlocksArray || [];var PENCILOCALCACHE = PENCILOCALCACHE || {};var pcblock_8456 = new penciBlock();pcblock_8456.blockID=\"pcblock_8456\";pcblock_8456.atts_json = '{\"type\":\"grid\",\"dformat\":\"\",\"date_pos\":\"left\",\"column\":\"1\",\"tab_column\":\"1\",\"mb_column\":\"1\",\"imgpos\":\"left\",\"thumb_size\":\"\",\"mthumb_size\":\"\",\"post_meta\":[\"title\"],\"primary_cat\":\"\",\"title_length\":\"\",\"excerpt_pos\":\"below\",\"rmstyle\":\"filled\",\"excerpt_length\":15,\"nocrop\":\"\",\"hide_cat_mobile\":\"\",\"hide_meta_mobile\":\"\",\"hide_excerpt_mobile\":\"\",\"hide_rm_mobile\":\"\",\"imgtop_mobile\":\"\",\"ver_border\":\"\",\"hide_thumb\":\"yes\",\"show_reviewpie\":\"\",\"show_formaticon\":\"\",\"disable_lazy\":\"\",\"show_excerpt\":\"\",\"show_readmore\":\"\",\"query\":{\"orderby\":\"date\",\"order\":\"desc\",\"ignore_sticky_posts\":1,\"post_status\":\"publish\",\"post__not_in\":[],\"post_type\":\"post\",\"posts_per_page\":6,\"tax_query\":[{\"taxonomy\":\"category\",\"field\":\"term_id\",\"terms\":[\"1\",\"10010\",\"10011\",\"10012\",\"10013\",\"10014\",\"10015\"]}]},\"category_ids\":\"\",\"taxonomy\":\"\"}';penciBlocksArray.push(pcblock_8456);<\/script>        <div class=\"penci-wrapper-smalllist\">\n\t\t\t    <div class=\"penci-border-arrow penci-homepage-title penci-home-latest-posts style-6 pcalign-left pciconp-right pcicon-right block-title-icon-left\">\n        <h3 class=\"inner-arrow\">\n        <span>\n                    <span>Yaz\u0131lar\u0131m\u0131z<\/a>                <\/span>\n        <\/h3>\n\t\t        <\/div>\n\t\t\t\t\t            <div class=\"penci-smalllist-wrapper\">\n\t\t\t\t            <\/div>\n        <\/div>\n\t\t\t\t\t\t<\/div>\n\t\t\t\t<\/div>\n\t\t\t\t\t<\/div>\n\t\t<\/div>\n\t\t\t\t<div class=\"penci-ercol-25 penci-ercol-order-3 penci-sticky-sb penci-sidebarSC   elementor-column elementor-col-25 elementor-top-column elementor-element elementor-element-836b521\" data-id=\"836b521\" data-element_type=\"column\" data-e-type=\"column\">\n\t\t\t<div class=\"elementor-widget-wrap elementor-element-populated\">\n\t\t\t\t\t\t<div class=\"elementor-element elementor-element-c71c6b9 elementor-widget__width-initial elementor-widget elementor-widget-penci-small-list\" data-id=\"c71c6b9\" data-element_type=\"widget\" data-e-type=\"widget\" data-widget_type=\"penci-small-list.default\">\n\t\t\t\t<div class=\"elementor-widget-container\">\n\t\t\t\t\t<script>if( typeof(penciBlock) === \"undefined\" ) {function penciBlock() { this.atts_json = ''; this.content = ''; }}var penciBlocksArray = penciBlocksArray || [];var PENCILOCALCACHE = PENCILOCALCACHE || {};var pcblock_9522 = new penciBlock();pcblock_9522.blockID=\"pcblock_9522\";pcblock_9522.atts_json = '{\"type\":\"grid\",\"dformat\":\"\",\"date_pos\":\"left\",\"column\":\"1\",\"tab_column\":\"1\",\"mb_column\":\"1\",\"imgpos\":\"left\",\"thumb_size\":\"\",\"mthumb_size\":\"\",\"post_meta\":[\"title\"],\"primary_cat\":\"\",\"title_length\":\"\",\"excerpt_pos\":\"below\",\"rmstyle\":\"filled\",\"excerpt_length\":15,\"nocrop\":\"\",\"hide_cat_mobile\":\"\",\"hide_meta_mobile\":\"\",\"hide_excerpt_mobile\":\"\",\"hide_rm_mobile\":\"\",\"imgtop_mobile\":\"\",\"ver_border\":\"\",\"hide_thumb\":\"yes\",\"show_reviewpie\":\"\",\"show_formaticon\":\"\",\"disable_lazy\":\"\",\"show_excerpt\":\"\",\"show_readmore\":\"\",\"query\":{\"orderby\":\"date\",\"order\":\"desc\",\"ignore_sticky_posts\":1,\"post_status\":\"publish\",\"post__not_in\":[],\"post_type\":[\"post\",\"page\"],\"posts_per_page\":-1,\"post__in\":[0]},\"category_ids\":\"\",\"taxonomy\":\"\"}';penciBlocksArray.push(pcblock_9522);<\/script>        <div class=\"penci-wrapper-smalllist\">\n\t\t\t    <div class=\"penci-border-arrow penci-homepage-title penci-home-latest-posts style-6 pcalign-left pciconp-right pcicon-right block-title-icon-left\">\n        <h3 class=\"inner-arrow\">\n        <span>\n                    <span>Belgeler<\/a>                <\/span>\n        <\/h3>\n\t\t        <\/div>\n\t\t\t\t\t            <div class=\"penci-smalllist-wrapper\">\n\t\t\t\t            <\/div>\n        <\/div>\n\t\t\t\t\t\t<\/div>\n\t\t\t\t<\/div>\n\t\t\t\t\t<\/div>\n\t\t<\/div>\n\t\t\t\t\t<\/div>\n\t\t<\/section>\n\t\t<div class=\"elementor-element elementor-element-52e3e46 e-flex e-con-boxed e-con e-parent\" data-id=\"52e3e46\" data-element_type=\"container\" data-e-type=\"container\">\n\t\t\t\t\t<div class=\"e-con-inner\">\n\t\t<div class=\"elementor-element elementor-element-3584654 e-con-full e-flex e-con e-child\" data-id=\"3584654\" data-element_type=\"container\" data-e-type=\"container\">\n\t\t\t\t<div class=\"elementor-element elementor-element-8db765a elementor-widget elementor-widget-image\" data-id=\"8db765a\" data-element_type=\"widget\" data-e-type=\"widget\" data-widget_type=\"image.default\">\n\t\t\t\t<div class=\"elementor-widget-container\">\n\t\t\t\t\t\t\t\t\t\t\t\t\t\t\t\t<a href=\"https:\/\/tatd.org.tr\/yayin\/h\">\n\t\t\t\t\t\t\t<img fetchpriority=\"high\" decoding=\"async\" width=\"1024\" height=\"512\" src=\"https:\/\/tatd.org.tr\/yayin\/wp-content\/uploads\/sites\/27\/2021\/11\/Bu\u0308lten-ad-1-1024x512.gif\" class=\"attachment-large size-large wp-image-244\" alt=\"\" srcset=\"https:\/\/tatd.org.tr\/yayin\/wp-content\/uploads\/sites\/27\/2021\/11\/Bu\u0308lten-ad-1-1024x512.gif 1024w, https:\/\/tatd.org.tr\/yayin\/wp-content\/uploads\/sites\/27\/2021\/11\/Bu\u0308lten-ad-1-300x150.gif 300w, https:\/\/tatd.org.tr\/yayin\/wp-content\/uploads\/sites\/27\/2021\/11\/Bu\u0308lten-ad-1-768x384.gif 768w, https:\/\/tatd.org.tr\/yayin\/wp-content\/uploads\/sites\/27\/2021\/11\/Bu\u0308lten-ad-1-1200x600.gif 1200w\" sizes=\"(max-width: 1024px) 100vw, 1024px\" \/>\t\t\t\t\t\t\t\t<\/a>\n\t\t\t\t\t\t\t\t\t\t\t\t\t\t\t<\/div>\n\t\t\t\t<\/div>\n\t\t\t\t<\/div>\n\t\t<div class=\"elementor-element elementor-element-891c8e8 e-con-full e-flex e-con e-child\" data-id=\"891c8e8\" data-element_type=\"container\" data-e-type=\"container\">\n\t\t\t\t<div class=\"elementor-element elementor-element-639aa31 elementor-widget elementor-widget-image\" data-id=\"639aa31\" data-element_type=\"widget\" data-e-type=\"widget\" data-widget_type=\"image.default\">\n\t\t\t\t<div class=\"elementor-widget-container\">\n\t\t\t\t\t\t\t\t\t\t\t\t\t\t\t\t<a href=\"https:\/\/tatd.org.tr\/yayin\/h\">\n\t\t\t\t\t\t\t<img decoding=\"async\" width=\"1024\" height=\"512\" src=\"https:\/\/tatd.org.tr\/yayin\/wp-content\/uploads\/sites\/27\/2021\/11\/Anatolian-ad-1024x512.gif\" class=\"attachment-large size-large wp-image-239\" alt=\"\" srcset=\"https:\/\/tatd.org.tr\/yayin\/wp-content\/uploads\/sites\/27\/2021\/11\/Anatolian-ad-1024x512.gif 1024w, https:\/\/tatd.org.tr\/yayin\/wp-content\/uploads\/sites\/27\/2021\/11\/Anatolian-ad-300x150.gif 300w, https:\/\/tatd.org.tr\/yayin\/wp-content\/uploads\/sites\/27\/2021\/11\/Anatolian-ad-768x384.gif 768w, https:\/\/tatd.org.tr\/yayin\/wp-content\/uploads\/sites\/27\/2021\/11\/Anatolian-ad-1200x600.gif 1200w\" sizes=\"(max-width: 1024px) 100vw, 1024px\" \/>\t\t\t\t\t\t\t\t<\/a>\n\t\t\t\t\t\t\t\t\t\t\t\t\t\t\t<\/div>\n\t\t\t\t<\/div>\n\t\t\t\t<\/div>\n\t\t<div class=\"elementor-element elementor-element-c1e479b e-con-full e-flex e-con e-child\" data-id=\"c1e479b\" data-element_type=\"container\" data-e-type=\"container\">\n\t\t\t\t<div class=\"elementor-element elementor-element-9cdabe8 elementor-widget elementor-widget-image\" data-id=\"9cdabe8\" data-element_type=\"widget\" data-e-type=\"widget\" data-widget_type=\"image.default\">\n\t\t\t\t<div class=\"elementor-widget-container\">\n\t\t\t\t\t\t\t\t\t\t\t\t\t\t\t\t<a href=\"https:\/\/tatd.org.tr\/yayin\/h\">\n\t\t\t\t\t\t\t<img decoding=\"async\" width=\"1024\" height=\"512\" src=\"https:\/\/tatd.org.tr\/yayin\/wp-content\/uploads\/sites\/27\/2021\/11\/TJEM-ad-1024x512.gif\" class=\"attachment-large size-large wp-image-240\" alt=\"\" srcset=\"https:\/\/tatd.org.tr\/yayin\/wp-content\/uploads\/sites\/27\/2021\/11\/TJEM-ad-1024x512.gif 1024w, https:\/\/tatd.org.tr\/yayin\/wp-content\/uploads\/sites\/27\/2021\/11\/TJEM-ad-300x150.gif 300w, https:\/\/tatd.org.tr\/yayin\/wp-content\/uploads\/sites\/27\/2021\/11\/TJEM-ad-768x384.gif 768w, https:\/\/tatd.org.tr\/yayin\/wp-content\/uploads\/sites\/27\/2021\/11\/TJEM-ad-1200x600.gif 1200w\" sizes=\"(max-width: 1024px) 100vw, 1024px\" \/>\t\t\t\t\t\t\t\t<\/a>\n\t\t\t\t\t\t\t\t\t\t\t\t\t\t\t<\/div>\n\t\t\t\t<\/div>\n\t\t\t\t<\/div>\n\t\t\t\t\t<\/div>\n\t\t\t\t<\/div>\n\t\t\t\t<\/div>\n\t\t","protected":false},"excerpt":{"rendered":"<p>Ama\u00e7 ve Hedefler\u200b TATD Yay\u0131n Komisyonu, dernek yetkili organlar\u0131ndan ald\u0131\u011f\u0131 g\u00fc\u00e7le, dernek yay\u0131nlar\u0131 olu\u015fum s\u00fcrecinin en iyi \u015fekilde y\u00fcr\u00fct\u00fclmesine, en do\u011fru \u015fekilde&hellip;<\/p>\n","protected":false},"author":6260,"featured_media":0,"parent":0,"menu_order":0,"comment_status":"closed","ping_status":"closed","template":"page-fullwidth.php","meta":{"_acf_changed":false,"inline_featured_image":false,"_lmt_disableupdate":"","_lmt_disable":"","footnotes":""},"class_list":["post-8","page","type-page","status-publish","hentry"],"acf":[],"_links":{"self":[{"href":"https:\/\/tatd.org.tr\/yayin\/wp-json\/wp\/v2\/pages\/8","targetHints":{"allow":["GET"]}}],"collection":[{"href":"https:\/\/tatd.org.tr\/yayin\/wp-json\/wp\/v2\/pages"}],"about":[{"href":"https:\/\/tatd.org.tr\/yayin\/wp-json\/wp\/v2\/types\/page"}],"author":[{"embeddable":true,"href":"https:\/\/tatd.org.tr\/yayin\/wp-json\/wp\/v2\/users\/6260"}],"replies":[{"embeddable":true,"href":"https:\/\/tatd.org.tr\/yayin\/wp-json\/wp\/v2\/comments?post=8"}],"version-history":[{"count":0,"href":"https:\/\/tatd.org.tr\/yayin\/wp-json\/wp\/v2\/pages\/8\/revisions"}],"wp:attachment":[{"href":"https:\/\/tatd.org.tr\/yayin\/wp-json\/wp\/v2\/media?parent=8"}],"curies":[{"name":"wp","href":"https:\/\/api.w.org\/{rel}","templated":true}]}}