{"id":40,"date":"2021-09-21T14:14:45","date_gmt":"2021-09-21T11:14:45","guid":{"rendered":"https:\/\/tatd.org.tr\/yayin\/?page_id=40"},"modified":"2021-09-21T14:14:45","modified_gmt":"2021-09-21T11:14:45","slug":"amac-ve-hedefler","status":"publish","type":"page","link":"https:\/\/tatd.org.tr\/yayin\/hakkimizda\/amac-ve-hedefler\/","title":{"rendered":"Ama\u00e7 ve Hedefler"},"content":{"rendered":"<p>TATD Yay\u0131n Komisyonu, dernek yetkili organlar\u0131ndan ald\u0131\u011f\u0131 g\u00fc\u00e7le, dernek yay\u0131nlar\u0131 olu\u015fum s\u00fcrecinin en iyi \u015fekilde y\u00fcr\u00fct\u00fclmesine, en do\u011fru \u015fekilde yap\u0131land\u0131r\u0131lmas\u0131na ve en kapsaml\u0131 \u015fekilde sunulmas\u0131na arac\u0131l\u0131k etmeyi hedefler.<\/p>\n<p>TATD Yay\u0131n Komisyonu, ba\u015fta acil sa\u011fl\u0131k hizmetlerinde yer alan sa\u011fl\u0131k personelleri olmak \u00fczere, t\u00fcm di\u011fer sa\u011fl\u0131k \u00e7al\u0131\u015fanlar\u0131na ve halka y\u00f6nelik t\u0131p ya da t\u0131p d\u0131\u015f\u0131 konularda en do\u011fru yay\u0131nlar\u0131n olu\u015fumuna katk\u0131 sunmay\u0131, modern ve g\u00fc\u00e7l\u00fc bi\u00e7imde onlar\u0131 desteklemeyi kendisine ama\u00e7 edinmi\u015ftir.<\/p>\n","protected":false},"excerpt":{"rendered":"<p>TATD Yay\u0131n Komisyonu, dernek yetkili organlar\u0131ndan ald\u0131\u011f\u0131 g\u00fc\u00e7le, dernek yay\u0131nlar\u0131 olu\u015fum s\u00fcrecinin en iyi \u015fekilde y\u00fcr\u00fct\u00fclmesine, en do\u011fru \u015fekilde yap\u0131land\u0131r\u0131lmas\u0131na ve en&hellip;<\/p>\n","protected":false},"author":1,"featured_media":0,"parent":267,"menu_order":2,"comment_status":"closed","ping_status":"closed","template":"","meta":{"_acf_changed":false,"inline_featured_image":false,"_lmt_disableupdate":"","_lmt_disable":"","footnotes":""},"class_list":["post-40","page","type-page","status-publish","hentry"],"acf":[],"_links":{"self":[{"href":"https:\/\/tatd.org.tr\/yayin\/wp-json\/wp\/v2\/pages\/40","targetHints":{"allow":["GET"]}}],"collection":[{"href":"https:\/\/tatd.org.tr\/yayin\/wp-json\/wp\/v2\/pages"}],"about":[{"href":"https:\/\/tatd.org.tr\/yayin\/wp-json\/wp\/v2\/types\/page"}],"author":[{"embeddable":true,"href":"https:\/\/tatd.org.tr\/yayin\/wp-json\/wp\/v2\/users\/1"}],"replies":[{"embeddable":true,"href":"https:\/\/tatd.org.tr\/yayin\/wp-json\/wp\/v2\/comments?post=40"}],"version-history":[{"count":0,"href":"https:\/\/tatd.org.tr\/yayin\/wp-json\/wp\/v2\/pages\/40\/revisions"}],"up":[{"embeddable":true,"href":"https:\/\/tatd.org.tr\/yayin\/wp-json\/wp\/v2\/pages\/267"}],"wp:attachment":[{"href":"https:\/\/tatd.org.tr\/yayin\/wp-json\/wp\/v2\/media?parent=40"}],"curies":[{"name":"wp","href":"https:\/\/api.w.org\/{rel}","templated":true}]}}