{"id":36,"date":"2021-09-21T09:10:00","date_gmt":"2021-09-21T06:10:00","guid":{"rendered":"https:\/\/tatd.org.tr\/yayin\/?page_id=36"},"modified":"2021-09-21T09:10:00","modified_gmt":"2021-09-21T06:10:00","slug":"gorevler","status":"publish","type":"page","link":"https:\/\/tatd.org.tr\/yayin\/hakkimizda\/gorevler\/","title":{"rendered":"G\u00f6revler"},"content":{"rendered":"<ol>\n<li>S\u00fcreli yay\u0131nlar sorumlular\u0131ndan gelen talepleri toplamak, bunlar\u0131n TATD y\u00f6netim kuruluna sunulmas\u0131na arac\u0131l\u0131k etmek.<\/li>\n<li>S\u00fcreli yay\u0131nlar ili\u015fkili TATD Y\u00f6netim Kurulu Kararlar\u0131n\u0131n, yay\u0131n ilgililerine aktar\u0131m\u0131nda arac\u0131l\u0131k yapmak, kararlar\u0131n gerek\u00e7elerinin anlat\u0131m\u0131nda y\u00f6netim kuruluna yard\u0131mc\u0131 olmak.<\/li>\n<li>Bas\u0131l\u0131 ya da Elektronik \u201cyeni yay\u0131n\u201d taleplerinin \u00f6n de\u011ferlendirmesini yapmak, ihtiya\u00e7 durumu ara\u015ft\u0131rmas\u0131n\u0131 y\u00fcr\u00fctmek, TATD YK\u2019 ya sunmak<\/li>\n<\/ol>\n","protected":false},"excerpt":{"rendered":"<p>S\u00fcreli yay\u0131nlar sorumlular\u0131ndan gelen talepleri toplamak, bunlar\u0131n TATD y\u00f6netim kuruluna sunulmas\u0131na arac\u0131l\u0131k etmek. S\u00fcreli yay\u0131nlar ili\u015fkili TATD Y\u00f6netim Kurulu Kararlar\u0131n\u0131n, yay\u0131n ilgililerine&hellip;<\/p>\n","protected":false},"author":1,"featured_media":0,"parent":267,"menu_order":3,"comment_status":"closed","ping_status":"closed","template":"","meta":{"_acf_changed":false,"inline_featured_image":false,"_lmt_disableupdate":"","_lmt_disable":"","footnotes":""},"class_list":["post-36","page","type-page","status-publish","hentry"],"acf":[],"_links":{"self":[{"href":"https:\/\/tatd.org.tr\/yayin\/wp-json\/wp\/v2\/pages\/36","targetHints":{"allow":["GET"]}}],"collection":[{"href":"https:\/\/tatd.org.tr\/yayin\/wp-json\/wp\/v2\/pages"}],"about":[{"href":"https:\/\/tatd.org.tr\/yayin\/wp-json\/wp\/v2\/types\/page"}],"author":[{"embeddable":true,"href":"https:\/\/tatd.org.tr\/yayin\/wp-json\/wp\/v2\/users\/1"}],"replies":[{"embeddable":true,"href":"https:\/\/tatd.org.tr\/yayin\/wp-json\/wp\/v2\/comments?post=36"}],"version-history":[{"count":0,"href":"https:\/\/tatd.org.tr\/yayin\/wp-json\/wp\/v2\/pages\/36\/revisions"}],"up":[{"embeddable":true,"href":"https:\/\/tatd.org.tr\/yayin\/wp-json\/wp\/v2\/pages\/267"}],"wp:attachment":[{"href":"https:\/\/tatd.org.tr\/yayin\/wp-json\/wp\/v2\/media?parent=36"}],"curies":[{"name":"wp","href":"https:\/\/api.w.org\/{rel}","templated":true}]}}