{"id":34,"date":"2021-09-21T09:09:37","date_gmt":"2021-09-21T06:09:37","guid":{"rendered":"https:\/\/tatd.org.tr\/yayin\/?page_id=34"},"modified":"2021-09-21T09:09:37","modified_gmt":"2021-09-21T06:09:37","slug":"tanimlar","status":"publish","type":"page","link":"https:\/\/tatd.org.tr\/yayin\/hakkimizda\/tanimlar\/","title":{"rendered":"Tan\u0131mlar ve Mevzuat"},"content":{"rendered":"<p><strong>Yay\u0131n:<\/strong> TATD bas\u0131l\u0131 ve dijital dergi ve kitaplar\u0131n\u0131,<\/p>\n<p><strong>Yay\u0131n etkinlig\u0306i:<\/strong> \u00c7al\u0131\u015fma Grubu ve Komisyonlar\u0131n, faaliyet alanlar\u0131 ic\u0327erisinde tan\u0131mlanm\u0131s\u0327 konularda kendilerine amac\u0327 olarak belirledikleri sonuc\u0327lara ulas\u0327mak ic\u0327in yazmak istedikleri, ISBN ya da e-ISBN numaras\u0131 almas\u0131 gereken ve TATD Yay\u0131n Komisyonu Uygulama Usul ve Esaslar\u0131na tabii kitaplar\u0131,<\/p>\n<p><strong>Yay\u0131n Komisyonu:<\/strong> TATD\u2019nin, ilgili kurumlar\u0131nca bas\u0131l\u0131 ya da elektronik yay\u0131na d\u00f6n\u00fc\u015ft\u00fcr\u00fclmesine karar verilen s\u00fcreli\/s\u00fcresiz bas\u0131l\u0131 ya da elektronik yay\u0131n projelerine ait s\u00fcreci, y\u00f6netim kurulunu periyodik olarak bilgilendirecek \u015fekilde y\u00f6neten ve d\u00fczenleyen TATD komisyonudur.<\/p>\n<div class=\"page\" title=\"Page 10\">\n<div class=\"section\">\n<div class=\"layoutArea\">\n<div class=\"column\">\n<p>&nbsp;<\/p>\n<p>TATD C\u0327al\u0131s\u0327ma Gruplar\u0131n\u0131n Faaliyetleri Uygulama Usul ve Esaslar\u0131 Yo\u0308nergesi (v10 &#8211; 25.01.21)\u00a0Bes\u0327inci Bo\u0308lu\u0308m\u00fcnde Yay\u0131nlar ad\u0131 alt\u0131nda a\u015fa\u011f\u0131daki y\u00f6nergeler hayata ge\u00e7irilmi\u015ftir.<\/p>\n<p>MADDE 38. C\u0327G\u2019ler MADDE 4.8\u2019nin c. bendinde tan\u0131mlanan Yay\u0131n Etkinliklerini, Yay\u0131n Komisyonu denetiminde, as\u0327ag\u0306\u0131daki usul ve esaslara uyarak planlar, yu\u0308ru\u0308tu\u0308r, tan\u0131t\u0131r, gerc\u0327ekles\u0327tirir, raporlar ve ars\u0327ivler.<\/p>\n<p>MADDE 39. C\u0327al\u0131s\u0327ma gruplar\u0131ndan gelen bas\u0131l\u0131 ya da elektronik her tu\u0308rlu\u0308 yay\u0131n o\u0308nerisi Yay\u0131n Komisyonu Yo\u0308nergesinde belirtilen bas\u0327vuru kos\u0327ullar\u0131n\u0131 sag\u0306lamal\u0131d\u0131r. Bas\u0327vuru dosyas\u0131 Yay\u0131n Komisyonu taraf\u0131ndan haz\u0131rlanan dilekc\u0327eye go\u0308re yap\u0131l\u0131r.<\/p>\n<p>MADDE 40. Yay\u0131n Komisyonu taraf\u0131ndan deg\u0306erlendirilen bas\u0327vurular TATD-YK onay\u0131na sunulur. Yay\u0131n Komisyonu deg\u0306erlendirme su\u0308recinde gerektig\u0306inde TATD organlar\u0131ndan go\u0308ru\u0308s\u0327 alabilir.<\/p>\n<p>MADDE 41. Yay\u0131n Komisyonunca deg\u0306erlendirilip TATD-YK onay\u0131ndan gec\u0327en bas\u0327vurular ic\u0327in her tu\u0308rlu\u0308 bilimsel, sponsor ve endu\u0308stri desteg\u0306i Yay\u0131n Komisyonu taraf\u0131ndan aras\u0327t\u0131r\u0131l\u0131p TATD-YK\u2019ya rapor s\u0327eklinde sunulur.<\/p>\n<p>MADDE 42. Yay\u0131n Komisyonu ile yu\u0308ru\u0308tu\u0308len faaliyetleri ic\u0327eren her tu\u0308rlu\u0308 yaz\u0131s\u0327ma ve do\u0308ku\u0308man ilgili C\u0327G\u2019nin dernek elektronik ars\u0327iv klaso\u0308ru\u0308nde yer alan Yay\u0131n klaso\u0308ru\u0308nde saklan\u0131r ve ars\u0327ivlenir.<\/p>\n<\/div>\n<\/div>\n<\/div>\n<\/div>\n","protected":false},"excerpt":{"rendered":"<p>Yay\u0131n: TATD bas\u0131l\u0131 ve dijital dergi ve kitaplar\u0131n\u0131, Yay\u0131n etkinlig\u0306i: \u00c7al\u0131\u015fma Grubu ve Komisyonlar\u0131n, faaliyet alanlar\u0131 ic\u0327erisinde tan\u0131mlanm\u0131s\u0327 konularda kendilerine amac\u0327 olarak&hellip;<\/p>\n","protected":false},"author":1,"featured_media":0,"parent":267,"menu_order":1,"comment_status":"closed","ping_status":"closed","template":"","meta":{"_acf_changed":false,"inline_featured_image":false,"_lmt_disableupdate":"","_lmt_disable":"","footnotes":""},"class_list":["post-34","page","type-page","status-publish","hentry"],"acf":[],"_links":{"self":[{"href":"https:\/\/tatd.org.tr\/yayin\/wp-json\/wp\/v2\/pages\/34","targetHints":{"allow":["GET"]}}],"collection":[{"href":"https:\/\/tatd.org.tr\/yayin\/wp-json\/wp\/v2\/pages"}],"about":[{"href":"https:\/\/tatd.org.tr\/yayin\/wp-json\/wp\/v2\/types\/page"}],"author":[{"embeddable":true,"href":"https:\/\/tatd.org.tr\/yayin\/wp-json\/wp\/v2\/users\/1"}],"replies":[{"embeddable":true,"href":"https:\/\/tatd.org.tr\/yayin\/wp-json\/wp\/v2\/comments?post=34"}],"version-history":[{"count":0,"href":"https:\/\/tatd.org.tr\/yayin\/wp-json\/wp\/v2\/pages\/34\/revisions"}],"up":[{"embeddable":true,"href":"https:\/\/tatd.org.tr\/yayin\/wp-json\/wp\/v2\/pages\/267"}],"wp:attachment":[{"href":"https:\/\/tatd.org.tr\/yayin\/wp-json\/wp\/v2\/media?parent=34"}],"curies":[{"name":"wp","href":"https:\/\/api.w.org\/{rel}","templated":true}]}}