{"id":267,"date":"2021-04-07T13:31:31","date_gmt":"2021-04-07T10:31:31","guid":{"rendered":"https:\/\/tatd.org.tr\/yayin\/?page_id=2"},"modified":"2021-11-19T18:35:24","modified_gmt":"2021-11-19T15:35:24","slug":"hakkimizda","status":"publish","type":"page","link":"https:\/\/tatd.org.tr\/yayin\/hakkimizda\/","title":{"rendered":"Hakk\u0131m\u0131zda"},"content":{"rendered":"<p>TATD&#8217;nin ilgili kurumlar\u0131nca bas\u0131l\u0131 ya da elektronik yay\u0131na d\u00f6n\u00fc\u015ft\u00fcr\u00fclmesine karar verilen s\u00fcreli\/s\u00fcresiz bas\u0131l\u0131 ya da elektronik yay\u0131n projelerine ait s\u00fcreci, y\u00f6netim kurulunu periyodik olarak bilgilendirecek \u015fekilde y\u00f6netir ve d\u00fczenler.<\/p>\n<p><strong>TATD Yay\u0131n Komisyonu<\/strong> i\u00e7erisinde \u00e7al\u0131\u015fmak isteyen dernek \u00fcyelerimiz, TATD \u00fcye alan\u0131na \u015fifreleri ile giri\u015f yaparak \u201cHesab\u0131m\u201d k\u0131sm\u0131 \u201cG\u00f6revler\u201d sekmesinden \u00e7al\u0131\u015fmak istedikleri komisyon ve \u00e7al\u0131\u015fma gruplar\u0131n\u0131 se\u00e7mek suretiyle ilgili birimlerin Y\u00fcr\u00fctme Kurullar\u0131na taleplerini iletebilir ya da men\u00fcde yer alan ileti\u015fim sayfas\u0131ndaki bilgileri kullanarak kendilerine ula\u015fabilirler.<\/p>\n","protected":false},"excerpt":{"rendered":"<p>TATD&#8217;nin ilgili kurumlar\u0131nca bas\u0131l\u0131 ya da elektronik yay\u0131na d\u00f6n\u00fc\u015ft\u00fcr\u00fclmesine karar verilen s\u00fcreli\/s\u00fcresiz bas\u0131l\u0131 ya da elektronik yay\u0131n projelerine ait s\u00fcreci, y\u00f6netim kurulunu&hellip;<\/p>\n","protected":false},"author":1,"featured_media":0,"parent":0,"menu_order":0,"comment_status":"closed","ping_status":"closed","template":"","meta":{"_acf_changed":false,"inline_featured_image":false,"_lmt_disableupdate":"","_lmt_disable":"","footnotes":""},"class_list":["post-267","page","type-page","status-publish","hentry"],"acf":[],"_links":{"self":[{"href":"https:\/\/tatd.org.tr\/yayin\/wp-json\/wp\/v2\/pages\/267","targetHints":{"allow":["GET"]}}],"collection":[{"href":"https:\/\/tatd.org.tr\/yayin\/wp-json\/wp\/v2\/pages"}],"about":[{"href":"https:\/\/tatd.org.tr\/yayin\/wp-json\/wp\/v2\/types\/page"}],"author":[{"embeddable":true,"href":"https:\/\/tatd.org.tr\/yayin\/wp-json\/wp\/v2\/users\/1"}],"replies":[{"embeddable":true,"href":"https:\/\/tatd.org.tr\/yayin\/wp-json\/wp\/v2\/comments?post=267"}],"version-history":[{"count":0,"href":"https:\/\/tatd.org.tr\/yayin\/wp-json\/wp\/v2\/pages\/267\/revisions"}],"wp:attachment":[{"href":"https:\/\/tatd.org.tr\/yayin\/wp-json\/wp\/v2\/media?parent=267"}],"curies":[{"name":"wp","href":"https:\/\/api.w.org\/{rel}","templated":true}]}}