{"id":126,"date":"2021-10-16T15:19:36","date_gmt":"2021-10-16T12:19:36","guid":{"rendered":"https:\/\/tatd.org.tr\/yayin\/?page_id=126"},"modified":"2021-10-16T15:19:36","modified_gmt":"2021-10-16T12:19:36","slug":"ileri-kardiyak-yasam-destegi-kitap-projesi","status":"publish","type":"page","link":"https:\/\/tatd.org.tr\/yayin\/projelerimiz\/ileri-kardiyak-yasam-destegi-kitap-projesi\/","title":{"rendered":"\u0130leri Kardiyak Ya\u015fam Deste\u011fi Kitap Projesi"},"content":{"rendered":"<p>Projemiz devam etmektedir.<\/p>\n","protected":false},"excerpt":{"rendered":"<p>Projemiz devam etmektedir.<\/p>\n","protected":false},"author":1,"featured_media":0,"parent":124,"menu_order":1,"comment_status":"closed","ping_status":"closed","template":"","meta":{"_acf_changed":false,"inline_featured_image":false,"_lmt_disableupdate":"","_lmt_disable":"","footnotes":""},"class_list":["post-126","page","type-page","status-publish","hentry"],"acf":[],"_links":{"self":[{"href":"https:\/\/tatd.org.tr\/yayin\/wp-json\/wp\/v2\/pages\/126","targetHints":{"allow":["GET"]}}],"collection":[{"href":"https:\/\/tatd.org.tr\/yayin\/wp-json\/wp\/v2\/pages"}],"about":[{"href":"https:\/\/tatd.org.tr\/yayin\/wp-json\/wp\/v2\/types\/page"}],"author":[{"embeddable":true,"href":"https:\/\/tatd.org.tr\/yayin\/wp-json\/wp\/v2\/users\/1"}],"replies":[{"embeddable":true,"href":"https:\/\/tatd.org.tr\/yayin\/wp-json\/wp\/v2\/comments?post=126"}],"version-history":[{"count":0,"href":"https:\/\/tatd.org.tr\/yayin\/wp-json\/wp\/v2\/pages\/126\/revisions"}],"up":[{"embeddable":true,"href":"https:\/\/tatd.org.tr\/yayin\/wp-json\/wp\/v2\/pages\/124"}],"wp:attachment":[{"href":"https:\/\/tatd.org.tr\/yayin\/wp-json\/wp\/v2\/media?parent=126"}],"curies":[{"name":"wp","href":"https:\/\/api.w.org\/{rel}","templated":true}]}}