{"id":124,"date":"2021-10-16T15:18:37","date_gmt":"2021-10-16T12:18:37","guid":{"rendered":"https:\/\/tatd.org.tr\/yayin\/?page_id=124"},"modified":"2021-10-16T15:18:37","modified_gmt":"2021-10-16T12:18:37","slug":"projelerimiz","status":"publish","type":"page","link":"https:\/\/tatd.org.tr\/yayin\/projelerimiz\/","title":{"rendered":"Projelerimiz"},"content":{"rendered":"<p>Ba\u015flam\u0131\u015f ve devam etmek olan yay\u0131n projelerimiz bu sayfalarda ve yandaki men\u00fcde listelenmektedir.<\/p>\n","protected":false},"excerpt":{"rendered":"<p>Ba\u015flam\u0131\u015f ve devam etmek olan yay\u0131n projelerimiz bu sayfalarda ve yandaki men\u00fcde listelenmektedir.<\/p>\n","protected":false},"author":1,"featured_media":0,"parent":0,"menu_order":0,"comment_status":"closed","ping_status":"closed","template":"","meta":{"_acf_changed":false,"inline_featured_image":false,"_lmt_disableupdate":"","_lmt_disable":"","footnotes":""},"class_list":["post-124","page","type-page","status-publish","hentry"],"acf":[],"_links":{"self":[{"href":"https:\/\/tatd.org.tr\/yayin\/wp-json\/wp\/v2\/pages\/124","targetHints":{"allow":["GET"]}}],"collection":[{"href":"https:\/\/tatd.org.tr\/yayin\/wp-json\/wp\/v2\/pages"}],"about":[{"href":"https:\/\/tatd.org.tr\/yayin\/wp-json\/wp\/v2\/types\/page"}],"author":[{"embeddable":true,"href":"https:\/\/tatd.org.tr\/yayin\/wp-json\/wp\/v2\/users\/1"}],"replies":[{"embeddable":true,"href":"https:\/\/tatd.org.tr\/yayin\/wp-json\/wp\/v2\/comments?post=124"}],"version-history":[{"count":0,"href":"https:\/\/tatd.org.tr\/yayin\/wp-json\/wp\/v2\/pages\/124\/revisions"}],"wp:attachment":[{"href":"https:\/\/tatd.org.tr\/yayin\/wp-json\/wp\/v2\/media?parent=124"}],"curies":[{"name":"wp","href":"https:\/\/api.w.org\/{rel}","templated":true}]}}