{"id":122,"date":"2021-10-16T15:18:21","date_gmt":"2021-10-16T12:18:21","guid":{"rendered":"https:\/\/tatd.org.tr\/yayin\/?page_id=122"},"modified":"2021-10-16T15:18:21","modified_gmt":"2021-10-16T12:18:21","slug":"tintinalli-acil-tip-9-baski-ceviri-projesi","status":"publish","type":"page","link":"https:\/\/tatd.org.tr\/yayin\/projelerimiz\/tintinalli-acil-tip-9-baski-ceviri-projesi\/","title":{"rendered":"Tintinalli Acil T\u0131p 9.Bask\u0131 \u00c7eviri Projesi"},"content":{"rendered":"<p>Projemiz devam etmektedir.<\/p>\n<h4>Edit\u00f6rler Kurulu<\/h4>\n<div class=\"pcrstb-wrap\"><table style=\"border-collapse: collapse;width: 100%\" border=\"1\">\n<tbody>\n<tr>\n<td style=\"width: 50%\"><strong>Ba\u015f Edit\u00f6r<\/strong><\/td>\n<td style=\"width: 50%\"><\/td>\n<\/tr>\n<tr>\n<td style=\"width: 50%\"><strong>Edit\u00f6r Yard\u0131mc\u0131s\u0131<\/strong><\/td>\n<td style=\"width: 50%\"><\/td>\n<\/tr>\n<tr>\n<td style=\"width: 50%\"><strong>Edit\u00f6r Yard\u0131mc\u0131s\u0131<\/strong><\/td>\n<td style=\"width: 50%\"><\/td>\n<\/tr>\n<tr>\n<td style=\"width: 50%\"><strong>Edit\u00f6r Yard\u0131mc\u0131s\u0131<\/strong><\/td>\n<td style=\"width: 50%\"><\/td>\n<\/tr>\n<\/tbody>\n<\/table><\/div>\n","protected":false},"excerpt":{"rendered":"<p>Projemiz devam etmektedir. Edit\u00f6rler Kurulu Ba\u015f Edit\u00f6r Edit\u00f6r Yard\u0131mc\u0131s\u0131 Edit\u00f6r Yard\u0131mc\u0131s\u0131 Edit\u00f6r Yard\u0131mc\u0131s\u0131<\/p>\n","protected":false},"author":1,"featured_media":0,"parent":124,"menu_order":0,"comment_status":"closed","ping_status":"closed","template":"","meta":{"_acf_changed":false,"inline_featured_image":false,"_lmt_disableupdate":"","_lmt_disable":"","footnotes":""},"class_list":["post-122","page","type-page","status-publish","hentry"],"acf":[],"_links":{"self":[{"href":"https:\/\/tatd.org.tr\/yayin\/wp-json\/wp\/v2\/pages\/122","targetHints":{"allow":["GET"]}}],"collection":[{"href":"https:\/\/tatd.org.tr\/yayin\/wp-json\/wp\/v2\/pages"}],"about":[{"href":"https:\/\/tatd.org.tr\/yayin\/wp-json\/wp\/v2\/types\/page"}],"author":[{"embeddable":true,"href":"https:\/\/tatd.org.tr\/yayin\/wp-json\/wp\/v2\/users\/1"}],"replies":[{"embeddable":true,"href":"https:\/\/tatd.org.tr\/yayin\/wp-json\/wp\/v2\/comments?post=122"}],"version-history":[{"count":0,"href":"https:\/\/tatd.org.tr\/yayin\/wp-json\/wp\/v2\/pages\/122\/revisions"}],"up":[{"embeddable":true,"href":"https:\/\/tatd.org.tr\/yayin\/wp-json\/wp\/v2\/pages\/124"}],"wp:attachment":[{"href":"https:\/\/tatd.org.tr\/yayin\/wp-json\/wp\/v2\/media?parent=122"}],"curies":[{"name":"wp","href":"https:\/\/api.w.org\/{rel}","templated":true}]}}