{"id":44,"date":"2021-09-21T14:15:44","date_gmt":"2021-09-21T11:15:44","guid":{"rendered":"https:\/\/tatd.org.tr\/uzmanlik\/?page_id=44"},"modified":"2022-06-08T15:21:47","modified_gmt":"2022-06-08T12:21:47","slug":"bolge-temsilcileri","status":"publish","type":"page","link":"https:\/\/tatd.org.tr\/uzmanlik\/hakkimizda\/bolge-temsilcileri\/","title":{"rendered":"B\u00f6lge Temsilcileri"},"content":{"rendered":"<div class=\"pcrstb-wrap\"><table style=\"border-collapse: collapse; width: 100%;\" border=\"1\">\n<tbody>\n<tr>\n<td style=\"width: 44.1601%;\" width=\"250\"><strong>Marmara Avrupa-Trakya B\u00f6lge Temsilcileri<\/strong><\/td>\n<td style=\"width: 55.7743%;\" width=\"316\">\u00d6zg\u00fcr D\u0130KME (\u0130stanbul)<\/td>\n<\/tr>\n<tr>\n<td style=\"width: 44.1601%;\" width=\"250\"><\/td>\n<td style=\"width: 55.7743%;\" width=\"316\">\u00c7i\u011fdem ARSLAN (\u0130stanbul)<\/td>\n<\/tr>\n<tr>\n<td style=\"width: 44.1601%;\" width=\"250\"><\/td>\n<td style=\"width: 55.7743%;\" width=\"316\">Mustafa Burak SAYHAN (Edirne)<\/td>\n<\/tr>\n<tr>\n<td style=\"width: 44.1601%;\" width=\"250\"><strong>Marmara Anadolu B\u00f6lge Temsilcileri<\/strong><\/td>\n<td style=\"width: 55.7743%;\" width=\"316\">Tuba C\u0130M\u0130LL\u0130 \u00d6ZT\u00dcRK (\u0130stanbul)<\/td>\n<\/tr>\n<tr>\n<td style=\"width: 44.1601%;\" width=\"250\"><\/td>\n<td style=\"width: 55.7743%;\" width=\"316\">Erdem \u00c7EV\u0130K (\u0130stanbul)<\/td>\n<\/tr>\n<tr>\n<td style=\"width: 44.1601%;\" width=\"250\"><\/td>\n<td style=\"width: 55.7743%;\" width=\"316\">Onur KARAKAYALI (Kocaeli)<\/td>\n<\/tr>\n<tr>\n<td style=\"width: 44.1601%;\" width=\"250\"><strong>\u0130\u00e7 Anadolu B\u00f6lge Temsilcileri<\/strong><\/td>\n<td style=\"width: 55.7743%;\" width=\"316\">Ahmet Burak O\u011eUZ (Ankara)<\/td>\n<\/tr>\n<tr>\n<td style=\"width: 44.1601%;\" width=\"250\"><\/td>\n<td style=\"width: 55.7743%;\" width=\"316\">Nurullah G\u00dcNAY (Kayseri)<\/td>\n<\/tr>\n<tr>\n<td style=\"width: 44.1601%;\" width=\"250\"><\/td>\n<td style=\"width: 55.7743%;\" width=\"316\">Mustafa Emin \u00c7ANAK\u00c7I (Eski\u015fehir)<\/td>\n<\/tr>\n<tr>\n<td style=\"width: 44.1601%;\" width=\"250\"><\/td>\n<td style=\"width: 55.7743%;\" width=\"316\">Ramazan K\u00d6YL\u00dc (Konya)<\/td>\n<\/tr>\n<tr>\n<td style=\"width: 44.1601%;\" width=\"250\"><strong>Ege B\u00f6lge Temsilcileri<\/strong><\/td>\n<td style=\"width: 55.7743%;\" width=\"316\">Yusuf Ali ALTUNC\u0130 (\u0130zmir)<\/td>\n<\/tr>\n<tr>\n<td style=\"width: 44.1601%;\" width=\"250\"><\/td>\n<td style=\"width: 55.7743%;\" width=\"316\">Okhan AKDUR (\u00c7anakkale)<\/td>\n<\/tr>\n<tr>\n<td style=\"width: 44.1601%;\" width=\"250\"><\/td>\n<td style=\"width: 55.7743%;\" width=\"316\">\u0130brahim T\u00dcRK\u00c7\u00dcER (Denizli)<\/td>\n<\/tr>\n<tr>\n<td style=\"width: 44.1601%;\" width=\"250\"><strong>Bat\u0131 Akdeniz B\u00f6lge Temsilcileri<\/strong><\/td>\n<td style=\"width: 55.7743%;\" width=\"316\">Vefa SAYRA\u00c7 (Antalya)<\/td>\n<\/tr>\n<tr>\n<td style=\"width: 44.1601%;\" width=\"250\"><\/td>\n<td style=\"width: 55.7743%;\" width=\"316\">Deniz KILI\u00c7 (Antalya)<\/td>\n<\/tr>\n<tr>\n<td style=\"width: 44.1601%;\" width=\"250\"><strong>Do\u011fu Akdeniz B\u00f6lge Temsilcileri<\/strong><\/td>\n<td style=\"width: 55.7743%;\" width=\"316\">Seyran BOZKURT (Mersin)<\/td>\n<\/tr>\n<tr>\n<td style=\"width: 44.1601%;\" width=\"250\"><\/td>\n<td style=\"width: 55.7743%;\" width=\"316\">Akkan AVCI (Adana)<\/td>\n<\/tr>\n<tr>\n<td style=\"width: 44.1601%;\" width=\"250\"><\/td>\n<td style=\"width: 55.7743%;\" width=\"316\">Ay\u00e7a A\u00c7IKALIN AKPINAR (Adana)<\/td>\n<\/tr>\n<tr>\n<td style=\"width: 44.1601%;\" width=\"250\"><strong>Bat\u0131 Karadeniz B\u00f6lge Temsilcileri<\/strong><\/td>\n<td style=\"width: 55.7743%;\" width=\"316\">Murat Y\u00dcCEL (Samsun)<\/td>\n<\/tr>\n<tr>\n<td style=\"width: 44.1601%;\" width=\"250\"><\/td>\n<td style=\"width: 55.7743%;\" width=\"316\">Ali Kemal ERENLER (\u00c7orum)<\/td>\n<\/tr>\n<tr>\n<td style=\"width: 44.1601%;\" width=\"250\"><strong>Do\u011fu Karadeniz B\u00f6lge Temsilcileri<\/strong><\/td>\n<td style=\"width: 55.7743%;\" width=\"316\">\u015eenol ARDI\u00c7 (Trabzon)<\/td>\n<\/tr>\n<tr>\n<td style=\"width: 44.1601%;\" width=\"250\"><\/td>\n<td style=\"width: 55.7743%;\" width=\"316\">\u00d6zcan YAVA\u015e\u0130 (Rize)<\/td>\n<\/tr>\n<tr>\n<td style=\"width: 44.1601%;\" width=\"250\"><strong>Do\u011fu Anadolu B\u00f6lge Temsilcileri<\/strong><\/td>\n<td style=\"width: 55.7743%;\" width=\"316\">Levent \u015eAH\u0130N (Kars)<\/td>\n<\/tr>\n<tr>\n<td style=\"width: 44.1601%;\" width=\"250\"><\/td>\n<td style=\"width: 55.7743%;\" width=\"316\">P\u0131nar \u00d6ZT\u00dcRK (Erzincan)<\/td>\n<\/tr>\n<tr>\n<td style=\"width: 44.1601%;\" width=\"250\"><\/td>\n<td style=\"width: 55.7743%;\" width=\"316\">Melih \u00c7AMCI (A\u011fr\u0131)<\/td>\n<\/tr>\n<tr>\n<td style=\"width: 44.1601%;\" width=\"250\"><strong>G\u00fcneydo\u011fu Anadolu B\u00f6lge Temsilcileri<\/strong><\/td>\n<td style=\"width: 55.7743%;\" width=\"316\">Yenal KARAKO\u00c7 (Diyarbak\u0131r)<\/td>\n<\/tr>\n<tr>\n<td style=\"width: 44.1601%;\" width=\"250\"><\/td>\n<td style=\"width: 55.7743%;\" width=\"316\">Cuma YILDIRIM (G. Antep)<\/td>\n<\/tr>\n<\/tbody>\n<\/table><\/div>\n","protected":false},"excerpt":{"rendered":"<p>Marmara Avrupa-Trakya B\u00f6lge Temsilcileri \u00d6zg\u00fcr D\u0130KME (\u0130stanbul) \u00c7i\u011fdem ARSLAN (\u0130stanbul) Mustafa Burak SAYHAN (Edirne) Marmara Anadolu B\u00f6lge Temsilcileri Tuba C\u0130M\u0130LL\u0130 \u00d6ZT\u00dcRK (\u0130stanbul)&hellip;<\/p>\n","protected":false},"author":1,"featured_media":0,"parent":228,"menu_order":7,"comment_status":"closed","ping_status":"closed","template":"team.php","meta":{"_acf_changed":false,"inline_featured_image":false,"_lmt_disableupdate":"","_lmt_disable":"","footnotes":""},"class_list":["post-44","page","type-page","status-publish","hentry"],"acf":[],"_links":{"self":[{"href":"https:\/\/tatd.org.tr\/uzmanlik\/wp-json\/wp\/v2\/pages\/44","targetHints":{"allow":["GET"]}}],"collection":[{"href":"https:\/\/tatd.org.tr\/uzmanlik\/wp-json\/wp\/v2\/pages"}],"about":[{"href":"https:\/\/tatd.org.tr\/uzmanlik\/wp-json\/wp\/v2\/types\/page"}],"author":[{"embeddable":true,"href":"https:\/\/tatd.org.tr\/uzmanlik\/wp-json\/wp\/v2\/users\/1"}],"replies":[{"embeddable":true,"href":"https:\/\/tatd.org.tr\/uzmanlik\/wp-json\/wp\/v2\/comments?post=44"}],"version-history":[{"count":0,"href":"https:\/\/tatd.org.tr\/uzmanlik\/wp-json\/wp\/v2\/pages\/44\/revisions"}],"up":[{"embeddable":true,"href":"https:\/\/tatd.org.tr\/uzmanlik\/wp-json\/wp\/v2\/pages\/228"}],"wp:attachment":[{"href":"https:\/\/tatd.org.tr\/uzmanlik\/wp-json\/wp\/v2\/media?parent=44"}],"curies":[{"name":"wp","href":"https:\/\/api.w.org\/{rel}","templated":true}]}}