{"id":40,"date":"2021-09-21T14:14:45","date_gmt":"2021-09-21T11:14:45","guid":{"rendered":"https:\/\/tatd.org.tr\/uzmanlik\/?page_id=40"},"modified":"2021-09-21T14:14:45","modified_gmt":"2021-09-21T11:14:45","slug":"amac-ve-hedefler","status":"publish","type":"page","link":"https:\/\/tatd.org.tr\/uzmanlik\/hakkimizda\/amac-ve-hedefler\/","title":{"rendered":"Tarih\u00e7e, Ama\u00e7 ve Hedefler"},"content":{"rendered":"<p>TATD Acil T\u0131p Uzmanl\u0131\u011f\u0131 komisyonu 2020 y\u0131l\u0131nda a\u015fa\u011f\u0131daki ama\u00e7 ve hedefleri ger\u00e7ekle\u015ftirmek i\u00e7in kurulmu\u015ftur:<\/p>\n<ul>\n<li>Sa\u011fl\u0131k Bakanl\u0131\u011f\u0131 ve TTB-UDEK ve ilgili di\u011fer kurum ve kurulu\u015flar nezdinde Acil T\u0131p Uzmanl\u0131\u011f\u0131n\u0131n ilgili toplant\u0131larda temsiliyeti,<\/li>\n<li>Acil T\u0131p Uzmanlar\u0131n\u0131n \u00f6zl\u00fck haklar\u0131 ve \u00e7al\u0131\u015fma ko\u015fullar\u0131 hakk\u0131nda g\u00f6r\u00fc\u015f olu\u015fturulmas\u0131 ve merkezi otorite ile ili\u015fkiye ge\u00e7ilmesi,<\/li>\n<li>Kamu, \u00fcniversite, afiliye ve \u00f6zel hastanelerde \u00e7al\u0131\u015fan Acil T\u0131p Uzmanlar\u0131n\u0131n \u00e7al\u0131\u015fma ko\u015fullar\u0131 ile ilgili g\u00f6r\u00fc\u015f olu\u015fturulmas\u0131,<\/li>\n<li>Acil servis standartlar\u0131 (mimari, insan g\u00fcc\u00fc ve malzeme) konusunda bilgi ve belge \u00fcretmek. Konu ile ilgili kurum ve kurulu\u015flarla i\u015fbirli\u011fi i\u00e7erisinde olunmas\u0131.<\/li>\n<\/ul>\n<p>Bu amaca ula\u015fmak i\u00e7in t\u00fcm \u00fclke nezdinde Acil T\u0131p Uzmanlar\u0131n\u0131 b\u00f6lgesel olarak bir araya getiren ve g\u00fc\u00e7l\u00fc bir ileti\u015fim a\u011f\u0131 kurulmu\u015ftur. Bu a\u011fa dahil olmak ve b\u00f6lgesel ileti\u015fim gruplar\u0131na kat\u0131lmak i\u00e7in \u0130leti\u015fim sekmesinde yer alan bilgiler ile komisyon y\u00fcr\u00fctme kuruluna ula\u015fabilirsiniz.<\/p>\n<p>&nbsp;<\/p>\n<h3>K\u0131sa D\u00f6nem Hedefler<\/h3>\n<ul>\n<li>AC\u0130L TIP UZMANLI\u011eININ T\u00dcRK\u0130YE SA\u011eLIK S\u0130STEM\u0130NDEK\u0130 GELECEKTEK\u0130 KONUMU\n<ul>\n<li>Konu ile ilgili Sa\u011fl\u0131k Bakanl\u0131\u011f\u0131 ve Y\u00d6K d\u00fczeyinde giri\u015fimler ile\n<ul>\n<li>Kamu hastanelerinde giderek artan ye\u015fil alan doktorlu\u011fu bask\u0131s\u0131?<\/li>\n<li>\u015eehir hastaneleri<\/li>\n<li>\u00dcniversitelerde ya\u015fanan sorunlar<\/li>\n<li>SGK, SUT\u2026.d\u00fczenlemeleri<\/li>\n<\/ul>\n<\/li>\n<\/ul>\n<\/li>\n<li>Yeterlilik\n<ul>\n<li>E\u011fitimin Standardizasyonu<\/li>\n<li>Board Sertifikasyonu<\/li>\n<\/ul>\n<\/li>\n<li>\u00d6zl\u00fck\n<ul>\n<li>Acil T\u0131p ile ilgili Sa\u011fl\u0131k Bakanl\u0131\u011f\u0131 ve Y\u00d6K mevzuat\u0131n\u0131n g\u00f6zden ge\u00e7irilmesi (vardiya, n\u00f6bet \u015fartlar\u0131 ve \u00fccretleri, ek \u00f6deme, i\u015fleyi\u015f)<\/li>\n<li>Acil Servis \u00e7al\u0131\u015fanlar\u0131na y\u0131pranma pay\u0131 verilmesi ve erken emekli olabilmesi i\u00e7in Sa\u011fl\u0131k Bakanl\u0131\u011f\u0131, \u00c7al\u0131\u015fma Bakanl\u0131\u011f\u0131 ve Maliye Bakanl\u0131\u011f\u0131 d\u00fczeyinde giri\u015fimlerde bulunmak<\/li>\n<\/ul>\n<\/li>\n<li>\u00dclke genelindeki ATU \u00e7al\u0131\u015fan t\u00fcm acil servislere ula\u015facak b\u00f6lge temsilcili\u011fi organizasyonunu g\u00fc\u00e7lendirmek, gerek bu b\u00f6lge temsilcileri ve YK \u00fcyeleri arac\u0131l\u0131\u011f\u0131yla kurum ziyaretleri d\u00fczenleyerek;\n<ul>\n<li>Acil \u00e7al\u0131\u015fanlar\u0131n\u0131n sorunlar\u0131n\u0131 yerinde dinlemek ve \u00e7\u00f6z\u00fcm orta\u011f\u0131 olmak<\/li>\n<li>\u00d6rnek uygulamalar varsa bunlar\u0131 tespit edip yayg\u0131nla\u015ft\u0131rmak<\/li>\n<li>\u015eiddet, malpraktis, mobing gibi ATU\u2019n\u0131n deste\u011fe ihtiyac\u0131 olan durumlarda kendisine mevzuatla ilgili mesleki ve yasal deste\u011fin zaman\u0131nda ve etkin sa\u011flanmas\u0131\n<ul>\n<li>Adli T\u0131p Uzmanlar\u0131<\/li>\n<li>Hukuk\u00e7u<\/li>\n<li>Konu ile ilgili yasal mevzuata hakim ATU<\/li>\n<\/ul>\n<\/li>\n<li>Acil Serviste Adli olgular\u0131n de\u011ferlendirilmesi s\u0131ras\u0131nda ya\u015fanan sorunlar ve zaman zaman de\u011fi\u015fen kanun ve y\u00f6netmelikler ile ilgili \u00fcyelerimizi bilgilendirmek ama\u00e7l\u0131 Adli T\u0131p Derne\u011fi ile ortakla\u015fa e\u011fitim, seminer (kurs), planlamak ve sitemizde d\u00fczenli yaz\u0131lar\u0131n kaleme al\u0131nmas\u0131n\u0131 sa\u011flamak<\/li>\n<\/ul>\n<\/li>\n<\/ul>\n<p><strong>\u00a0<\/strong><\/p>\n<h3>Orta D\u00f6nem Hedefler<\/h3>\n<ul>\n<li>\u00d6zel Sekt\u00f6r\n<ul>\n<li>Acil T\u0131p Uzmanlar\u0131n\u0131n \u00f6zel sekt\u00f6rde Acil T\u0131p Uzmanl\u0131\u011f\u0131 gereklerince \u00e7al\u0131\u015fabilmeleri i\u00e7in Bakanl\u0131kla g\u00f6r\u00fc\u015fmeler yap\u0131p yasal mevzuat\u0131n d\u00fczenlenmesini sa\u011flamak,<\/li>\n<li>\u00d6zel hastanelerde \u00e7al\u0131\u015fan Acil T\u0131p Uzmanlar\u0131n\u0131n yapacaklar\u0131 s\u00f6zle\u015fmeleri standardize etmek<\/li>\n<\/ul>\n<\/li>\n<li>Acil servislerde \u015fiddet ile ilgili yasal mevzuat\u0131 g\u00f6zden ge\u00e7irmek, gerekli d\u00fczenlemelerin yap\u0131labilmesi i\u00e7in hukuk ve siyaset alanlar\u0131nda gerekli giri\u015fimlerde bulunmak<\/li>\n<li>Adli bilirki\u015filik e\u011fitimi d\u00fczenlenmesi<\/li>\n<\/ul>\n<p>&nbsp;<\/p>\n<p><strong>\u00a0<\/strong><\/p>\n<h3><strong>Uzun D\u00f6nem Hedefler<\/strong><\/h3>\n<ul>\n<li>ATU\u2019lar\u0131n\u0131n adli ve idari sorunlar\u0131 i\u00e7in ula\u015fabilecekleri sabit bir dan\u0131\u015fma hatt\u0131n\u0131n kurulmas\u0131<\/li>\n<\/ul>\n<p>&nbsp;<\/p>\n","protected":false},"excerpt":{"rendered":"<p>TATD Acil T\u0131p Uzmanl\u0131\u011f\u0131 komisyonu 2020 y\u0131l\u0131nda a\u015fa\u011f\u0131daki ama\u00e7 ve hedefleri ger\u00e7ekle\u015ftirmek i\u00e7in kurulmu\u015ftur: Sa\u011fl\u0131k Bakanl\u0131\u011f\u0131 ve TTB-UDEK ve ilgili di\u011fer kurum&hellip;<\/p>\n","protected":false},"author":1,"featured_media":0,"parent":228,"menu_order":2,"comment_status":"closed","ping_status":"closed","template":"","meta":{"_acf_changed":false,"inline_featured_image":false,"_lmt_disableupdate":"","_lmt_disable":"","footnotes":""},"class_list":["post-40","page","type-page","status-publish","hentry"],"acf":[],"_links":{"self":[{"href":"https:\/\/tatd.org.tr\/uzmanlik\/wp-json\/wp\/v2\/pages\/40","targetHints":{"allow":["GET"]}}],"collection":[{"href":"https:\/\/tatd.org.tr\/uzmanlik\/wp-json\/wp\/v2\/pages"}],"about":[{"href":"https:\/\/tatd.org.tr\/uzmanlik\/wp-json\/wp\/v2\/types\/page"}],"author":[{"embeddable":true,"href":"https:\/\/tatd.org.tr\/uzmanlik\/wp-json\/wp\/v2\/users\/1"}],"replies":[{"embeddable":true,"href":"https:\/\/tatd.org.tr\/uzmanlik\/wp-json\/wp\/v2\/comments?post=40"}],"version-history":[{"count":0,"href":"https:\/\/tatd.org.tr\/uzmanlik\/wp-json\/wp\/v2\/pages\/40\/revisions"}],"up":[{"embeddable":true,"href":"https:\/\/tatd.org.tr\/uzmanlik\/wp-json\/wp\/v2\/pages\/228"}],"wp:attachment":[{"href":"https:\/\/tatd.org.tr\/uzmanlik\/wp-json\/wp\/v2\/media?parent=40"}],"curies":[{"name":"wp","href":"https:\/\/api.w.org\/{rel}","templated":true}]}}