{"id":292,"date":"2021-11-22T12:46:27","date_gmt":"2021-11-22T09:46:27","guid":{"rendered":"https:\/\/tatd.org.tr\/uzmanlik\/?page_id=292"},"modified":"2021-11-22T12:46:27","modified_gmt":"2021-11-22T09:46:27","slug":"basin-bildirileri-gorusler-ve-basvurular","status":"publish","type":"page","link":"https:\/\/tatd.org.tr\/uzmanlik\/hakkimizda\/belgeler\/basin-bildirileri-gorusler-ve-basvurular\/","title":{"rendered":"Bas\u0131n Bildirileri, G\u00f6r\u00fc\u015fler ve Ba\u015fvurular"},"content":{"rendered":"<h2>Bas\u0131n Bildirileri<\/h2>\n<p><a class=\"btn btn-outline-primary fw-bold text-start\" href=\"https:\/\/tatd.org.tr\/uzmanlik\/wp-content\/uploads\/sites\/26\/2021\/10\/Tu\u0308rkiye-Acil-Tip-Derneg\u0306i-TATD-Acil-Tip-Uzmanlari-ATU-Bo\u0308lge-Temsilcileri-Toplantisi-Toplanti-Tutanag\u0306i-ve-Basin-Bildirisi-27.10.2020.pdf\" target=\"_blank\" rel=\"noopener\">TATD ATU Bo\u0308lge Temsilcileri Toplant\u0131 Tutanag\u0306\u0131 ve Bas\u0131n Bildirisi 27.10.2020 (49,30 KB)<\/a><\/p>\n<p>&nbsp;<\/p>\n<h2>Ba\u015fvurular<\/h2>\n<p><a class=\"btn btn-outline-primary fw-bold text-start\" href=\"https:\/\/tatd.org.tr\/uzmanlik\/wp-content\/uploads\/sites\/26\/2021\/10\/ic\u0327is\u0327leri-bakanlig\u0306i-beyaz-kod-yazisi.pdf\" target=\"_blank\" rel=\"noopener\"><i class=\"fas fa-file-pdf me-2\"><\/i>TATD\u2019den \u0130c\u0327is\u0327leri Bakanl\u0131g\u0306\u0131\u2019na beyaz kod yaz\u0131s\u0131 (1,12 MB)<\/a><\/p>\n<p><a class=\"btn btn-outline-primary fw-bold text-start\" href=\"https:\/\/tatd.org.tr\/uzmanlik\/wp-content\/uploads\/sites\/26\/2021\/10\/4924-Sayili-Kanun-ile-I\u0307lgili-Bas\u0327vurumuz.pdf\" target=\"_blank\" rel=\"noopener\"><i class=\"fas fa-file-pdf me-2\"><\/i>4924 Say\u0131l\u0131 Kanun ile I\u0307lgili Bas\u0327vurumuz (42,79 KB)<\/a><\/p>\n<p><a class=\"btn btn-outline-primary fw-bold text-start\" href=\"https:\/\/tatd.org.tr\/uzmanlik\/wp-content\/uploads\/sites\/26\/2021\/10\/O\u0308zel-Hastaneler-ic\u0327in-ATU-Kadro-Bas\u0327vurumuz-8.11.2019.pdf\" target=\"_blank\" rel=\"noopener\"><i class=\"fas fa-file-pdf me-2\"><\/i>O\u0308zel Hastaneler ic\u0327in ATU Kadro Bas\u0327vurumuz 8.11.2019 (43,22 KB)<\/a><\/p>\n<p><a class=\"btn btn-outline-primary fw-bold text-start\" href=\"https:\/\/tatd.org.tr\/uzmanlik\/wp-content\/uploads\/sites\/26\/2021\/11\/RTU\u0308K-22Zalim-I\u0307stanbul22-dizisi-ile-ilgili-bas\u0327vurumuza-yaniti-190419.pdf\" target=\"_blank\" rel=\"noopener\"><i class=\"fas fa-file-pdf me-2\"><\/i>RTU\u0308K Zalim I\u0307stanbul dizisi ile ilgili bas\u0327vurumuza yan\u0131t\u0131 19.04.2019 (402,97 KB)<\/a><\/p>\n<p>&nbsp;<\/p>\n<h2>TATD G\u00f6r\u00fc\u015fleri<\/h2>\n<p><a class=\"btn btn-outline-primary fw-bold text-start\" href=\"https:\/\/tatd.org.tr\/uzmanlik\/wp-content\/uploads\/sites\/26\/2021\/10\/O\u0308zel-Hastaneler-ic\u0327in-ATU-Kadro-Bas\u0327vurumuz-8.11.2019.pdf\" target=\"_blank\" rel=\"noopener\">O\u0308zel Hastaneler ic\u0327in ATU Kadro Bas\u0327vurumuz 8.11.2019 (43,22 KB)<\/a><\/p>\n<p><a class=\"btn btn-outline-primary fw-bold text-start\" href=\"https:\/\/tatd.org.tr\/uzmanlik\/wp-content\/uploads\/sites\/26\/2021\/10\/30338-sayisi-Acil-Servis-Hizmetleri-Uygulama-Teblig\u0306i-ile-ilgili-TATD-Go\u0308ru\u0308s\u0327u\u0308-31.05.2018.pdf\" target=\"_blank\" rel=\"noopener\">30338 say\u0131s\u0131 Acil Servis Hizmetleri Uygulama Teblig\u0306i ile ilgili TATD Go\u0308ru\u0308s\u0327u\u0308 31.05.2018 (906,47 KB)<\/a><\/p>\n<p>&nbsp;<\/p>\n<p>&nbsp;<\/p>\n","protected":false},"excerpt":{"rendered":"<p>Bas\u0131n Bildirileri TATD ATU Bo\u0308lge Temsilcileri Toplant\u0131 Tutanag\u0306\u0131 ve Bas\u0131n Bildirisi 27.10.2020 (49,30 KB) &nbsp; Ba\u015fvurular TATD\u2019den \u0130c\u0327is\u0327leri Bakanl\u0131g\u0306\u0131\u2019na beyaz kod yaz\u0131s\u0131&hellip;<\/p>\n","protected":false},"author":1561,"featured_media":0,"parent":60,"menu_order":5,"comment_status":"closed","ping_status":"closed","template":"","meta":{"_acf_changed":false,"inline_featured_image":false,"_lmt_disableupdate":"","_lmt_disable":"","footnotes":""},"class_list":["post-292","page","type-page","status-publish","hentry"],"acf":[],"_links":{"self":[{"href":"https:\/\/tatd.org.tr\/uzmanlik\/wp-json\/wp\/v2\/pages\/292","targetHints":{"allow":["GET"]}}],"collection":[{"href":"https:\/\/tatd.org.tr\/uzmanlik\/wp-json\/wp\/v2\/pages"}],"about":[{"href":"https:\/\/tatd.org.tr\/uzmanlik\/wp-json\/wp\/v2\/types\/page"}],"author":[{"embeddable":true,"href":"https:\/\/tatd.org.tr\/uzmanlik\/wp-json\/wp\/v2\/users\/1561"}],"replies":[{"embeddable":true,"href":"https:\/\/tatd.org.tr\/uzmanlik\/wp-json\/wp\/v2\/comments?post=292"}],"version-history":[{"count":0,"href":"https:\/\/tatd.org.tr\/uzmanlik\/wp-json\/wp\/v2\/pages\/292\/revisions"}],"up":[{"embeddable":true,"href":"https:\/\/tatd.org.tr\/uzmanlik\/wp-json\/wp\/v2\/pages\/60"}],"wp:attachment":[{"href":"https:\/\/tatd.org.tr\/uzmanlik\/wp-json\/wp\/v2\/media?parent=292"}],"curies":[{"name":"wp","href":"https:\/\/api.w.org\/{rel}","templated":true}]}}