{"id":186,"date":"2021-10-16T20:51:51","date_gmt":"2021-10-16T17:51:51","guid":{"rendered":"https:\/\/tatd.org.tr\/uzmanlik\/?page_id=186"},"modified":"2021-11-22T12:42:52","modified_gmt":"2021-11-22T09:42:52","slug":"raporlar","status":"publish","type":"page","link":"https:\/\/tatd.org.tr\/uzmanlik\/hakkimizda\/belgeler\/raporlar\/","title":{"rendered":"Raporlar"},"content":{"rendered":"<h4><\/h4>\n<div class=\"col-sm-12 col-md-8 col-lg-9 flex-fill\">\n<h2>Komisyon Taraf\u0131ndan Haz\u0131rlanan Raporlar<\/h2>\n<p>Komisyon taraf\u0131ndan haz\u0131rlanan rapor ve belgelere bu sayfada yer verilmektedir.<\/p>\n<\/div>\n<div class=\"pcrstb-wrap\"><table style=\"border-collapse: collapse; width: 100%;\" border=\"1\">\n<tbody>\n<tr>\n<td style=\"width: 33.3333%;\"><strong>Rapor<\/strong><\/td>\n<td style=\"width: 33.3333%;\"><strong>Edit\u00f6r ve Yazarlar<\/strong><\/td>\n<td style=\"width: 33.3333%;\"><strong>Yay\u0131n Y\u0131l\u0131<\/strong><\/td>\n<\/tr>\n<tr>\n<td style=\"width: 33.3333%;\"><a class=\"btn btn-outline-primary fw-bold text-start\" href=\"https:\/\/tatd.org.tr\/uzmanlik\/wp-content\/uploads\/sites\/26\/2021\/10\/Siddeti_O\u0308nleme_Raporu_2020.pdf\" target=\"_blank\" rel=\"noopener\"><i class=\"fas fa-file-pdf me-2\"><\/i>TATD Acil Servislerde \u015eiddeti O\u0308nleme Raporu (2020) (1,60 MB)<\/a><\/td>\n<td style=\"width: 33.3333%;\">Acil T\u0131p Uzmanl\u0131\u011f\u0131 Komisyonu<\/td>\n<td style=\"width: 33.3333%;\">\u015eubat 2020<\/td>\n<\/tr>\n<tr>\n<td style=\"width: 33.3333%;\"><a class=\"btn btn-outline-primary fw-bold text-start\" href=\"https:\/\/tatd.org.tr\/uzmanlik\/wp-content\/uploads\/sites\/26\/2021\/10\/5bcdc23a23930_tbl_komisyon_belgeleri2018142738.pdf\" target=\"_blank\" rel=\"noopener\"><i class=\"fas fa-file-pdf me-2\"><\/i>Acil T\u0131p Uzmanl\u0131\u011f\u0131 Planlama Raporu 2016-2017 D\u00f6nemi (47,12 KB)<\/a><\/td>\n<td style=\"width: 33.3333%;\">Acil T\u0131p Uzmanl\u0131\u011f\u0131 Komisyonu<\/td>\n<td style=\"width: 33.3333%;\">2017<\/td>\n<\/tr>\n<\/tbody>\n<\/table><\/div>\n<h2><\/h2>\n<h2>\u00c7al\u0131\u015ftay Raporlar\u0131<\/h2>\n<div class=\"pcrstb-wrap\"><table style=\"border-collapse: collapse; width: 100%;\" border=\"1\">\n<tbody>\n<tr>\n<td style=\"width: 33.3333%;\"><strong>Rapor<\/strong><\/td>\n<td style=\"width: 33.3333%;\"><strong>Edit\u00f6r ve Yazarlar<\/strong><\/td>\n<td style=\"width: 33.3333%;\"><strong>Yay\u0131n Y\u0131l\u0131<\/strong><\/td>\n<\/tr>\n<tr>\n<td style=\"width: 33.3333%;\"><a class=\"btn btn-outline-primary fw-bold text-start\" href=\"https:\/\/tatd.org.tr\/uzmanlik\/wp-content\/uploads\/sites\/26\/2021\/10\/Yeni-C\u0327alis\u0327tay-O\u0308neri-Taslag\u0306i-v10.pdf\" target=\"_blank\" rel=\"noopener\"><i class=\"fas fa-file-pdf me-2\"><\/i>Acil Hizmetleri \u00c7al\u0131\u015ftay\u0131 Raporu ve 2014 Y\u0131l\u0131 \u00c7al\u0131\u015ftay Raporu G\u00fcncellemesi Tasla\u011f\u0131 (2019 v10) (3,40 MB)<\/a><\/td>\n<td style=\"width: 33.3333%;\">Raport\u00f6rler: Haldun Ako\u011flu, Beh\u00e7et Al<\/td>\n<td style=\"width: 33.3333%;\">Taslak olarak kalm\u0131\u015f, yay\u0131nlanmam\u0131\u015ft\u0131r<\/td>\n<\/tr>\n<tr>\n<td style=\"width: 33.3333%;\"><a class=\"btn btn-outline-primary fw-bold text-start\" href=\"https:\/\/tatd.org.tr\/uzmanlik\/wp-content\/uploads\/sites\/26\/2021\/10\/06.01.2017-ACI\u0307L-SAG\u0306LIK-HI\u0307ZMETLERI\u0307-C\u0327ALIS\u0327TAY-SONUC\u0327-RAPORU-.pdf\" target=\"_blank\" rel=\"noopener\"><i class=\"fas fa-file-pdf me-2\"><\/i>Acil Sa\u011fl\u0131k Hizmetleri \u00c7al\u0131\u015ftay\u0131 Sonu\u00e7 Raporu 06.01.2017 (347,83 KB)<\/a><\/td>\n<td style=\"width: 33.3333%;\">Acil T\u0131p Uzmanl\u0131\u011f\u0131 Komisyonu<\/td>\n<td style=\"width: 33.3333%;\">6 Ocak 2017<\/td>\n<\/tr>\n<tr>\n<td style=\"width: 33.3333%;\"><a class=\"btn btn-outline-primary fw-bold text-start\" href=\"https:\/\/tatd.org.tr\/uzmanlik\/wp-content\/uploads\/sites\/26\/2021\/10\/C\u0327alis\u0327tay-Raporu-v21.pdf\" target=\"_blank\" rel=\"noopener\"><i class=\"fas fa-file-pdf me-2\"><\/i>Acil Servis Sorunlar\u0131 C\u0327al\u0131s\u0327tay Raporu (2014 v21) 13.05.14 (725,99 KB)<\/a><\/td>\n<td style=\"width: 33.3333%;\">Raport\u00f6rler: \u015eervan G\u00f6khan, Haldun Ako\u011flu, Yusuf Ali Altunc\u0131<\/td>\n<td style=\"width: 33.3333%;\">12-13 May\u0131s 2014<\/td>\n<\/tr>\n<\/tbody>\n<\/table><\/div>\n<p>&nbsp;<\/p>\n<h2>Ba\u011f\u0131ms\u0131z Raporlar<\/h2>\n<div class=\"pcrstb-wrap\"><table style=\"border-collapse: collapse; width: 100%;\" border=\"1\">\n<tbody>\n<tr>\n<td style=\"width: 33.3333%;\"><strong>Rapor<\/strong><\/td>\n<td style=\"width: 33.3333%;\"><strong>Edit\u00f6r ve Yazarlar<\/strong><\/td>\n<td style=\"width: 33.3333%;\"><strong>Yay\u0131n Y\u0131l\u0131<\/strong><\/td>\n<\/tr>\n<tr>\n<td style=\"width: 33.3333%;\"><a class=\"btn btn-outline-primary fw-bold text-start\" href=\"https:\/\/tatd.org.tr\/uzmanlik\/wp-content\/uploads\/sites\/26\/2021\/10\/4-Akog\u0306lu_Acil-Servis-Kalabalig\u0306ini-O\u0308nleme-Raporu.pdf\" target=\"_blank\" rel=\"noopener\"><i class=\"fas fa-file-pdf me-2\"><\/i>Acil Servis Kalabal\u0131g\u0306\u0131n\u0131 O\u0308nleme Raporu (2013) Haldun Ako\u011flu (1,74 MB)<\/a><\/td>\n<td style=\"width: 33.3333%;\">Haldun Ako\u011flu<\/td>\n<td style=\"width: 33.3333%;\">2013<\/td>\n<\/tr>\n<\/tbody>\n<\/table><\/div>\n<p>&nbsp;<\/p>\n","protected":false},"excerpt":{"rendered":"<p>Komisyon Taraf\u0131ndan Haz\u0131rlanan Raporlar Komisyon taraf\u0131ndan haz\u0131rlanan rapor ve belgelere bu sayfada yer verilmektedir. Rapor Edit\u00f6r ve Yazarlar Yay\u0131n Y\u0131l\u0131 TATD Acil&hellip;<\/p>\n","protected":false},"author":1,"featured_media":0,"parent":60,"menu_order":4,"comment_status":"closed","ping_status":"closed","template":"","meta":{"_acf_changed":false,"inline_featured_image":false,"_lmt_disableupdate":"","_lmt_disable":"","footnotes":""},"class_list":["post-186","page","type-page","status-publish","hentry"],"acf":[],"_links":{"self":[{"href":"https:\/\/tatd.org.tr\/uzmanlik\/wp-json\/wp\/v2\/pages\/186","targetHints":{"allow":["GET"]}}],"collection":[{"href":"https:\/\/tatd.org.tr\/uzmanlik\/wp-json\/wp\/v2\/pages"}],"about":[{"href":"https:\/\/tatd.org.tr\/uzmanlik\/wp-json\/wp\/v2\/types\/page"}],"author":[{"embeddable":true,"href":"https:\/\/tatd.org.tr\/uzmanlik\/wp-json\/wp\/v2\/users\/1"}],"replies":[{"embeddable":true,"href":"https:\/\/tatd.org.tr\/uzmanlik\/wp-json\/wp\/v2\/comments?post=186"}],"version-history":[{"count":0,"href":"https:\/\/tatd.org.tr\/uzmanlik\/wp-json\/wp\/v2\/pages\/186\/revisions"}],"up":[{"embeddable":true,"href":"https:\/\/tatd.org.tr\/uzmanlik\/wp-json\/wp\/v2\/pages\/60"}],"wp:attachment":[{"href":"https:\/\/tatd.org.tr\/uzmanlik\/wp-json\/wp\/v2\/media?parent=186"}],"curies":[{"name":"wp","href":"https:\/\/api.w.org\/{rel}","templated":true}]}}