{"id":125,"date":"2021-10-16T17:21:27","date_gmt":"2021-10-16T14:21:27","guid":{"rendered":"https:\/\/tatd.org.tr\/uzmanlik\/?page_id=125"},"modified":"2021-10-16T17:21:27","modified_gmt":"2021-10-16T14:21:27","slug":"bolge-idari-temsilciligi","status":"publish","type":"page","link":"https:\/\/tatd.org.tr\/uzmanlik\/hakkimizda\/bolge-idari-temsilciligi\/","title":{"rendered":"B\u00f6lge \u0130dari Temsilcili\u011fi"},"content":{"rendered":"<p>TATD Acil T\u0131p Uzmanl\u0131\u011f\u0131 Komisyonu i\u00e7erisinde, artan Acil T\u0131p Uzman\u0131 say\u0131s\u0131 ve \u00fclke genelinde yayg\u0131nl\u0131\u011f\u0131 dikkate al\u0131narak, Acil T\u0131p Uzmanlar\u0131 ile TATD\u2019nin ileti\u015fiminin artt\u0131r\u0131lmas\u0131, sorunlar\u0131n h\u0131zl\u0131 ve etkin bir \u015fekilde de\u011ferlendirilmesi ve \u00e7\u00f6z\u00fcm\u00fcne katk\u0131da bulunabilmek amac\u0131yla b\u00f6lgesel idari temsilciler belirlenmi\u015ftir.<\/p>\n<h3>B\u00f6lgesel \u0130dari Temsilcilerinin Yetki ve Sorumluluklar\u0131<\/h3>\n<ul>\n<li>B\u00f6lgesinde bulunan Acil T\u0131p Uzmanlar\u0131 aras\u0131nda b\u00f6lgesel ileti\u015fim a\u011f\u0131 kurmak<\/li>\n<li>B\u00f6lgeye yeni atanan\/tayin olan ki\u015filere ula\u015f\u0131p TATD ile kontak noktas\u0131 olmak<\/li>\n<li>TATD ad\u0131na, sorun ya\u015fayan uzmanlar\u0131 h\u0131zla tespit edip sorunlar\u0131n \u00e7\u00f6z\u00fcm\u00fc amac\u0131yla TATD Acil T\u0131p Uzmanl\u0131\u011f\u0131 Komisyonu ile ortak planlamalar yapmak<\/li>\n<li>Acil t\u0131p Uzmanl\u0131k alan\u0131 ile ilgili b\u00f6lgesel ihtiya\u00e7lar\u0131 tespit etmek ve giderilmesi i\u00e7in ilgili b\u00f6lge sa\u011fl\u0131k y\u00f6neticileri ve Acil T\u0131p Uzmanl\u0131\u011f\u0131 Komisyonu ile ileti\u015fime ge\u00e7mek ve \u00e7\u00f6z\u00fcm orta\u011f\u0131 olmak<\/li>\n<li>\u00dclke genelindeki Kamu, \u00fcniversite, afiliye ve \u00f6zel hastanelerin acil servislerine gerek gerek TATD Y\u00f6netim Kurulu ile birlikte gerekse b\u00f6lge temsilcisi s\u0131fat\u0131yla kendisi ziyaretler d\u00fczenleyerek acil \u00e7al\u0131s\u0327anlar\u0131n\u0131n sorunlar\u0131n\u0131 yerinde dinlemek ve \u00f6rnek uygulamalar varsa bunlar\u0131 tespit edip yayg\u0131nlas\u0327t\u0131rmak<\/li>\n<\/ul>\n","protected":false},"excerpt":{"rendered":"<p>TATD Acil T\u0131p Uzmanl\u0131\u011f\u0131 Komisyonu i\u00e7erisinde, artan Acil T\u0131p Uzman\u0131 say\u0131s\u0131 ve \u00fclke genelinde yayg\u0131nl\u0131\u011f\u0131 dikkate al\u0131narak, Acil T\u0131p Uzmanlar\u0131 ile TATD\u2019nin&hellip;<\/p>\n","protected":false},"author":1,"featured_media":0,"parent":228,"menu_order":6,"comment_status":"closed","ping_status":"closed","template":"","meta":{"_acf_changed":false,"inline_featured_image":false,"_lmt_disableupdate":"","_lmt_disable":"","footnotes":""},"class_list":["post-125","page","type-page","status-publish","hentry"],"acf":[],"_links":{"self":[{"href":"https:\/\/tatd.org.tr\/uzmanlik\/wp-json\/wp\/v2\/pages\/125","targetHints":{"allow":["GET"]}}],"collection":[{"href":"https:\/\/tatd.org.tr\/uzmanlik\/wp-json\/wp\/v2\/pages"}],"about":[{"href":"https:\/\/tatd.org.tr\/uzmanlik\/wp-json\/wp\/v2\/types\/page"}],"author":[{"embeddable":true,"href":"https:\/\/tatd.org.tr\/uzmanlik\/wp-json\/wp\/v2\/users\/1"}],"replies":[{"embeddable":true,"href":"https:\/\/tatd.org.tr\/uzmanlik\/wp-json\/wp\/v2\/comments?post=125"}],"version-history":[{"count":0,"href":"https:\/\/tatd.org.tr\/uzmanlik\/wp-json\/wp\/v2\/pages\/125\/revisions"}],"up":[{"embeddable":true,"href":"https:\/\/tatd.org.tr\/uzmanlik\/wp-json\/wp\/v2\/pages\/228"}],"wp:attachment":[{"href":"https:\/\/tatd.org.tr\/uzmanlik\/wp-json\/wp\/v2\/media?parent=125"}],"curies":[{"name":"wp","href":"https:\/\/api.w.org\/{rel}","templated":true}]}}