{"id":598,"date":"2022-10-13T10:13:50","date_gmt":"2022-10-13T07:13:50","guid":{"rendered":"https:\/\/tatd.org.tr\/travma\/?page_id=598"},"modified":"2024-02-12T15:08:59","modified_gmt":"2024-02-12T12:08:59","slug":"egitmenler","status":"publish","type":"page","link":"https:\/\/tatd.org.tr\/travma\/egitmenler\/","title":{"rendered":"E\u011fitmenler"},"content":{"rendered":"<div class=\"pcrstb-wrap\"><table style=\"border-collapse: collapse;width: 100%\" border=\"1\">\n<tbody>\n<tr style=\"height: 24px\">\n<td style=\"width: 50%;height: 24px\"><strong>\u0130sim<\/strong><\/td>\n<td style=\"width: 60.4452%;height: 24px\"><strong>\u00c7al\u0131\u015ft\u0131\u011f\u0131 Kurum<\/strong><\/td>\n<\/tr>\n<tr style=\"height: 14px\">\n<td style=\"width: 50%;height: 14px\">Prof. Dr. Haldun Ako\u011flu<\/td>\n<td style=\"width: 60.4452%;height: 14px\">Marmara \u00dcniversitesi Acil T\u0131p AD<\/td>\n<\/tr>\n<tr style=\"height: 13px\">\n<td style=\"width: 50%;height: 13px\">Prof. Dr. Ersin Aksay<\/td>\n<td style=\"width: 60.4452%;height: 13px\">Dokuz Eyl\u00fcl \u00dcniversitesi Acil T\u0131p AD<\/td>\n<\/tr>\n<tr style=\"height: 24px\">\n<td style=\"width: 50%;height: 24px\">Prof. Dr. Arzu Denizba\u015f\u0131<\/td>\n<td style=\"width: 60.4452%;height: 24px\">Marmara \u00dcniversitesi Acil T\u0131p AD<\/td>\n<\/tr>\n<tr style=\"height: 24px\">\n<td style=\"width: 50%;height: 24px\">Prof. Dr. Erkan G\u00f6ksu<\/td>\n<td style=\"width: 60.4452%;height: 24px\">Antalya \u00dcniversitesi Acil T\u0131p AD<\/td>\n<\/tr>\n<tr style=\"height: 24px\">\n<td style=\"width: 50%;height: 24px\">Prof. Dr. M\u00fcge G\u00fcnalp<\/td>\n<td style=\"width: 60.4452%;height: 24px\">Ankara \u00dcniversitesi Acil T\u0131p AD<\/td>\n<\/tr>\n<tr style=\"height: 24px\">\n<td style=\"width: 50%;height: 24px\">Prof. Dr. \u00d6zg\u00fcr Karc\u0131o\u011flu<\/td>\n<td style=\"width: 60.4452%;height: 24px\">\u0130stanbul E\u011fitim ve Ara\u015ft\u0131rma Hastanesi Acil T\u0131p Klini\u011fi<\/td>\n<\/tr>\n<tr style=\"height: 24px\">\n<td style=\"width: 50%;height: 24px\">Prof. Dr. Cemil Kavalc\u0131<\/td>\n<td style=\"width: 60.4452%;height: 24px\">Antalya E\u011fitim ve Ara\u015ft\u0131rma Hastanesi Acil T\u0131p Klini\u011fi<\/td>\n<\/tr>\n<tr style=\"height: 24px\">\n<td style=\"width: 50%;height: 24px\">Prof. Dr. D. Niyazi \u00d6z\u00fc\u00e7elik<\/td>\n<td style=\"width: 60.4452%;height: 24px\">\u0130stanbul \u00dcniversitesi<\/td>\n<\/tr>\n<tr style=\"height: 24px\">\n<td style=\"width: 50%;height: 24px\">Prof. Dr. Sezgin Sar\u0131kaya<\/td>\n<td style=\"width: 60.4452%;height: 24px\">Yeditepe \u00dcniversitesi Acil T\u0131p AD<\/td>\n<\/tr>\n<tr style=\"height: 24px\">\n<td style=\"width: 50%;height: 24px\">Prof. Dr. Serkan \u015eener<\/td>\n<td style=\"width: 60.4452%;height: 24px\">Ac\u0131badem \u00dcniversitesi Acil T\u0131p AD<\/td>\n<\/tr>\n<tr style=\"height: 24px\">\n<td style=\"width: 50%;height: 24px\">Prof. Dr. S\u00fcleyman T\u00fcredi<\/td>\n<td style=\"width: 60.4452%;height: 24px\">Karadeniz Teknik \u00dcniversitesi Acil T\u0131p AD<\/td>\n<\/tr>\n<tr style=\"height: 24px\">\n<td style=\"width: 50%;height: 24px\">Prof. Dr. Serpil Yaylac\u0131<\/td>\n<td style=\"width: 60.4452%;height: 24px\">Ac\u0131badem \u00dcniversitesi Acil T\u0131p AD<\/td>\n<\/tr>\n<tr style=\"height: 24px\">\n<td style=\"width: 50%;height: 24px\">Prof. Dr. Serkan Y\u0131lmaz<\/td>\n<td style=\"width: 60.4452%;height: 24px\">Kocaeli \u00dcniversitesi Acil T\u0131p AD<\/td>\n<\/tr>\n<tr style=\"height: 24px\">\n<td style=\"width: 50%;height: 24px\">Do\u00e7. Dr. Engin Deniz Arslan<\/td>\n<td style=\"width: 60.4452%;height: 24px\">Antalya E\u011fitim ve Ara\u015ft\u0131rma Hastanesi Acil T\u0131p Klini\u011fi<\/td>\n<\/tr>\n<tr style=\"height: 24px\">\n<td style=\"width: 50%;height: 24px\">Do\u00e7. Dr. \u00d6zge Duman Atilla<\/td>\n<td style=\"width: 60.4452%;height: 24px\">Tepecik E\u011fitim ve Ara\u015ft\u0131rma Hastanesi Acil T\u0131p Klini\u011fi<\/td>\n<\/tr>\n<tr style=\"height: 24px\">\n<td style=\"width: 50%;height: 24px\">Do\u00e7. Dr. Ba\u015fak Bayram<\/td>\n<td style=\"width: 60.4452%;height: 24px\">Dokuz Eyl\u00fcl \u00dcniversitesi Acil T\u0131p AD<\/td>\n<\/tr>\n<tr style=\"height: 24px\">\n<td style=\"width: 50%;height: 24px\">Do\u00e7. Dr. Sel\u00e7uk Co\u015fkun<\/td>\n<td style=\"width: 60.4452%;height: 24px\">Ankara<\/td>\n<\/tr>\n<tr style=\"height: 24px\">\n<td style=\"width: 50%;height: 24px\">Do\u00e7. Dr. Mustafa Emin \u00c7anak\u00e7\u0131<\/td>\n<td style=\"width: 60.4452%;height: 24px\">Eski\u015fehir \u00dcniversitesi Acil T\u0131p AD<\/td>\n<\/tr>\n<tr style=\"height: 24px\">\n<td style=\"width: 50%;height: 24px\">Do\u00e7. Dr. G\u00fclhan Kurto\u011flu \u00c7elik<\/td>\n<td style=\"width: 60.4452%;height: 24px\">Ankara \u015eehir Hastanesi<\/td>\n<\/tr>\n<tr style=\"height: 24px\">\n<td style=\"width: 50%;height: 24px\">Do\u00e7. Dr. B\u00fclent Erbil<\/td>\n<td style=\"width: 60.4452%;height: 24px\">Hacettepe \u00dcniversitesi Acil T\u0131p AD<\/td>\n<\/tr>\n<tr style=\"height: 24px\">\n<td style=\"width: 50%;height: 24px\">Do\u00e7. Dr. Mehmet Ali Karaca<\/td>\n<td style=\"width: 60.4452%;height: 24px\">Hacettepe \u00dcniversitesi Acil T\u0131p AD<\/td>\n<\/tr>\n<tr style=\"height: 24px\">\n<td style=\"width: 50%;height: 24px\">Do\u00e7. Dr. Onur Karakayal\u0131<\/td>\n<td style=\"width: 60.4452%;height: 24px\">Sakarya E\u011fitim ve Ara\u015ft\u0131rma Hastanesi<\/td>\n<\/tr>\n<tr style=\"height: 24px\">\n<td style=\"width: 50%;height: 24px\">Do\u00e7. Dr. Turgay Y\u0131lmaz K\u0131l\u0131\u00e7<\/td>\n<td style=\"width: 60.4452%;height: 24px\">Tepecik E\u011fitim ve Ara\u015ft\u0131rma Hastanesi Acil T\u0131p Klini\u011fi<\/td>\n<\/tr>\n<tr style=\"height: 24px\">\n<td style=\"width: 50%;height: 24px\">Do\u00e7. Dr. Tanzer Korkmaz<\/td>\n<td style=\"width: 60.4452%;height: 24px\">Tepecik E\u011fitim ve Ara\u015ft\u0131rma Hastanesi Acil T\u0131p Klini\u011fi<\/td>\n<\/tr>\n<tr style=\"height: 24px\">\n<td style=\"width: 50%;height: 24px\">Do\u00e7. Dr. \u00d6nder Limon<\/td>\n<td style=\"width: 60.4452%;height: 24px\">\u0130zmir Medical Park<\/td>\n<\/tr>\n<tr style=\"height: 24px\">\n<td style=\"width: 50%;height: 24px\">Do\u00e7. Dr. Yunus Emre \u00d6zl\u00fcer<\/td>\n<td style=\"width: 60.4452%;height: 24px\">Ayd\u0131n Adnan Menderes \u00dcniversitesi Acil T\u0131p AD<\/td>\n<\/tr>\n<tr style=\"height: 24px\">\n<td style=\"width: 50%;height: 24px\">Do\u00e7. Dr. Erkman Sanr\u0131<\/td>\n<td style=\"width: 60.4452%;height: 24px\">Marmara \u00dcniversitesi Acil T\u0131p AD<\/td>\n<\/tr>\n<tr style=\"height: 48px\">\n<td style=\"width: 50%;height: 48px\">Do\u00e7. Dr. Ebru \u00dcnal Ako\u011flu<\/td>\n<td style=\"width: 60.4452%;height: 48px\">Fatih Sultan Mehmet E\u011fitim ve Ara\u015ft\u0131rma Hastanesi Acil T\u0131p Klini\u011fi<\/td>\n<\/tr>\n<tr style=\"height: 24px\">\n<td style=\"width: 50%;height: 24px\">Do\u00e7. Dr. Sercan Yal\u00e7\u0131nl\u0131<\/td>\n<td style=\"width: 60.4452%;height: 24px\">Ege \u00dcniversitesi Acil T\u0131p AD<\/td>\n<\/tr>\n<tr style=\"height: 24px\">\n<td style=\"width: 50%;height: 24px\">Do\u00e7. Dr. \u00d6zcan Yava\u015fi<\/td>\n<td style=\"width: 60.4452%;height: 24px\">Rize Devlet Hastanesi<\/td>\n<\/tr>\n<tr style=\"height: 24px\">\n<td style=\"width: 50%;height: 24px\">Do\u00e7. Dr. Murat Ye\u015filaras<\/td>\n<td style=\"width: 60.4452%;height: 24px\">Tepecik E\u011fitim ve Ara\u015ft\u0131rma Hastanesi Acil T\u0131p Klini\u011fi<\/td>\n<\/tr>\n<tr style=\"height: 24px\">\n<td style=\"width: 50%;height: 24px\">Do\u00e7. Dr. M\u00fccahit G\u00fcnayd\u0131n<\/td>\n<td style=\"width: 60.4452%;height: 24px\">Rize \u00dcniversitesi Acil T\u0131p AD<\/td>\n<\/tr>\n<tr style=\"height: 24px\">\n<td style=\"width: 50%;height: 24px\">Uzm. Dr. Asl\u0131 Acarer<\/td>\n<td style=\"width: 60.4452%;height: 24px\">\u0130zmir<\/td>\n<\/tr>\n<tr style=\"height: 24px\">\n<td style=\"width: 50%;height: 24px\">Uzm. Dr. \u0130lter A\u011fa\u00e7k\u0131ran<\/td>\n<td style=\"width: 60.4452%;height: 24px\">Hitit \u00dcniversitesi Acil T\u0131p AD<\/td>\n<\/tr>\n<tr style=\"height: 24px\">\n<td style=\"width: 50%;height: 24px\">Dr. \u00d6\u011f. \u00dcyesi Yusuf Ali Altunc\u0131<\/td>\n<td style=\"width: 60.4452%;height: 24px\">Ege \u00dcniversitesi Acil T\u0131p AD<\/td>\n<\/tr>\n<tr style=\"height: 24px\">\n<td style=\"width: 50%;height: 24px\">Dr. \u00d6\u011f. \u00dcyesi G\u00fcrkan Altunta\u015f<\/td>\n<td style=\"width: 60.4452%;height: 24px\">Rize \u00dcniversitesi Acil t\u0131p AD<\/td>\n<\/tr>\n<tr style=\"height: 24px\">\n<td style=\"width: 50%;height: 24px\">Uzm. Dr. \u015eenol Ard\u0131\u00e7<\/td>\n<td style=\"width: 60.4452%;height: 24px\">Trabzon Kanuni E\u011fitim ve Ara\u015ft\u0131rma Hastanesi<\/td>\n<\/tr>\n<tr style=\"height: 24px\">\n<td style=\"width: 50%;height: 24px\">Uzm. Dr. Sava\u015f Arslan<\/td>\n<td style=\"width: 60.4452%;height: 24px\">Antalya Ya\u015fam Hastanesi<\/td>\n<\/tr>\n<tr style=\"height: 24px\">\n<td style=\"width: 50%;height: 24px\">\u00d6\u011f. G\u00f6r. Dr. Volkan Arslan<\/td>\n<td style=\"width: 60.4452%;height: 24px\">Hacettepe \u00dcniversitesi Acil T\u0131p AD<\/td>\n<\/tr>\n<tr style=\"height: 24px\">\n<td style=\"width: 50%;height: 24px\">Uzm. Dr. Bar\u0131\u015f Murat Ayvac\u0131<\/td>\n<td style=\"width: 60.4452%;height: 24px\">Okmeydan\u0131 E\u011fitim ve Ara\u015ft\u0131rma Hastanesi<\/td>\n<\/tr>\n<tr style=\"height: 24px\">\n<td style=\"width: 50%;height: 24px\">\u00d6\u011f. G\u00f6r. Dr. Ali Batur<\/td>\n<td style=\"width: 60.4452%;height: 24px\">Hacettepe \u00dcniversitesi Acil T\u0131p AD<\/td>\n<\/tr>\n<tr style=\"height: 24px\">\n<td style=\"width: 50%;height: 24px\">Uzm. Dr. Nurseli Bayram<\/td>\n<td style=\"width: 60.4452%;height: 24px\">Marmara \u00dcniversitesi Acil T\u0131p AD<\/td>\n<\/tr>\n<tr style=\"height: 24px\">\n<td style=\"width: 50%;height: 24px\">Uzm. Dr. Ya\u015far \u00c7atal<\/td>\n<td style=\"width: 60.4452%;height: 24px\">Kayseri Devlet Hastanesi<\/td>\n<\/tr>\n<tr style=\"height: 24px\">\n<td style=\"width: 50%;height: 24px\">Uzm. Dr. Elif \u00c7elikel<\/td>\n<td style=\"width: 60.4452%;height: 24px\">Ankara Numune E\u011fitim ve Ara\u015ft\u0131rma Hastanesi<\/td>\n<\/tr>\n<tr style=\"height: 24px\">\n<td style=\"width: 50%;height: 24px\">Dr. \u00d6\u011f. \u00dcyesi Feridun \u00c7elikmen<\/td>\n<td style=\"width: 60.4452%;height: 24px\">Yeditepe \u00dcniversitesi Acil T\u0131p AD<\/td>\n<\/tr>\n<tr style=\"height: 24px\">\n<td style=\"width: 50%;height: 24px\">Uzm. Dr. Murat \u00c7etin<\/td>\n<td style=\"width: 60.4452%;height: 24px\"><\/td>\n<\/tr>\n<tr style=\"height: 48px\">\n<td style=\"width: 50%;height: 48px\">Uzm. Dr. \u00d6zg\u00fcr \u00c7evrim<\/td>\n<td style=\"width: 60.4452%;height: 48px\">Seyrantepe Hamidiye Etfal E\u011fitim ve Ara\u015ft\u0131rma Hastanesi<\/td>\n<\/tr>\n<tr style=\"height: 24px\">\n<td style=\"width: 50%;height: 24px\">Dr. \u00d6\u011f. \u00dcyesi Melis Efeo\u011flu Sa\u00e7ak<\/td>\n<td style=\"width: 60.4452%;height: 24px\">Marmara \u00dcniversitesi Acil T\u0131p AD<\/td>\n<\/tr>\n<tr style=\"height: 24px\">\n<td style=\"width: 50%;height: 24px\">Uzm. Dr. Esra Ers\u00f6z<\/td>\n<td style=\"width: 60.4452%;height: 24px\">Bal\u0131kesir Devlet Hastanesi<\/td>\n<\/tr>\n<tr style=\"height: 24px\">\n<td style=\"width: 50%;height: 24px\">Dr. \u00d6\u011f. \u00dcyesi Melih \u0130mamo\u011flu<\/td>\n<td style=\"width: 60.4452%;height: 24px\">Karadeniz Teknik \u00dcniversitesi Acil T\u0131p AD<\/td>\n<\/tr>\n<tr style=\"height: 24px\">\n<td style=\"width: 50%;height: 24px\">Uzm. Dr. Kerem Ali Kabaro\u011flu<\/td>\n<td style=\"width: 60.4452%;height: 24px\">Marmara \u00dcniversitesi Acil T\u0131p AD<\/td>\n<\/tr>\n<tr style=\"height: 24px\">\n<td style=\"width: 50%;height: 24px\">Uzm. Dr. Mehmet Birkan Korgan<\/td>\n<td style=\"width: 60.4452%;height: 24px\">Marmara \u00dcniversitesi Acil T\u0131p AD<\/td>\n<\/tr>\n<tr>\n<td style=\"width: 50%\">Uzm. Dr. \u00d6mer Yusuf Erdurmu\u015f<\/td>\n<td style=\"width: 60.4452%\">Ordu Devlet Hastanesi<\/td>\n<\/tr>\n<tr style=\"height: 29px\">\n<td style=\"width: 50%;height: 29px\">Uzm. Dr. Senem Nebi<\/td>\n<td style=\"width: 60.4452%;height: 29px\">Antalya Ya\u015fam Hastanesi<\/td>\n<\/tr>\n<tr style=\"height: 24px\">\n<td style=\"width: 50%;height: 24px\">\u00d6\u011f. G\u00f6r. Dr. Ahmet Burak O\u011fuz<\/td>\n<td style=\"width: 60.4452%;height: 24px\">Ankara \u00dcniversitesi<\/td>\n<\/tr>\n<tr>\n<td style=\"width: 50%\">Uzm. Dr. \u00c7i\u011fdem Orhan<\/td>\n<td style=\"width: 60.4452%\">Beylikd\u00fcz\u00fc Devlet Hastanesi<\/td>\n<\/tr>\n<tr style=\"height: 24px\">\n<td style=\"width: 50%;height: 24px\">Uzm. Dr. Ali Vefa Sayra\u00e7<\/td>\n<td style=\"width: 60.4452%;height: 24px\">Antalya Atat\u00fcrk Devlet Hastanesi<\/td>\n<\/tr>\n<tr style=\"height: 24px\">\n<td style=\"width: 50%;height: 24px\">Uzm. Dr. Emre \u015eanc\u0131<\/td>\n<td style=\"width: 60.4452%;height: 24px\">Derince E\u011fitim ve Ara\u015ft\u0131rma Hastanesi Acil T\u0131p Klini\u011fi<\/td>\n<\/tr>\n<tr style=\"height: 24px\">\n<td style=\"width: 50%;height: 24px\">Dr. \u00d6\u011f. \u00dcyesi Cem \u015eim\u015fek<\/td>\n<td style=\"width: 60.4452%;height: 24px\">Yeditepe \u00dcniversitesi Acil T\u0131p AD<\/td>\n<\/tr>\n<tr style=\"height: 24px\">\n<td style=\"width: 50%;height: 24px\">Dr. \u00d6\u011f. \u00dcyesi Ne\u015fe Nur User<\/td>\n<td style=\"width: 60.4452%;height: 24px\">Afyon Kocatepe \u00dcniversitesi Acil T\u0131p AD<\/td>\n<\/tr>\n<tr style=\"height: 24px\">\n<td style=\"width: 50%;height: 24px\">Uzm. Dr. Emir \u00dcnal<\/td>\n<td style=\"width: 60.4452%;height: 24px\">Marmara \u00dcniversitesi Acil T\u0131p AD<\/td>\n<\/tr>\n<tr style=\"height: 24px\">\n<td style=\"width: 50%;height: 24px\">Dr. \u00d6\u011f. \u00dcyesi Mustafa Yaz\u0131c\u0131o\u011flu<\/td>\n<td style=\"width: 60.4452%;height: 24px\">Yeditepe \u00dcniversitesi Acil T\u0131p AD<\/td>\n<\/tr>\n<\/tbody>\n<\/table><\/div>\n","protected":false},"excerpt":{"rendered":"<p>\u0130sim \u00c7al\u0131\u015ft\u0131\u011f\u0131 Kurum Prof. Dr. Haldun Ako\u011flu Marmara \u00dcniversitesi Acil T\u0131p AD Prof. Dr. Ersin Aksay Dokuz Eyl\u00fcl \u00dcniversitesi Acil T\u0131p AD&hellip;<\/p>\n","protected":false},"author":883,"featured_media":0,"parent":0,"menu_order":2,"comment_status":"closed","ping_status":"closed","template":"","meta":{"_acf_changed":false,"inline_featured_image":false,"_lmt_disableupdate":"","_lmt_disable":"","footnotes":""},"class_list":["post-598","page","type-page","status-publish","hentry"],"acf":[],"_links":{"self":[{"href":"https:\/\/tatd.org.tr\/travma\/wp-json\/wp\/v2\/pages\/598","targetHints":{"allow":["GET"]}}],"collection":[{"href":"https:\/\/tatd.org.tr\/travma\/wp-json\/wp\/v2\/pages"}],"about":[{"href":"https:\/\/tatd.org.tr\/travma\/wp-json\/wp\/v2\/types\/page"}],"author":[{"embeddable":true,"href":"https:\/\/tatd.org.tr\/travma\/wp-json\/wp\/v2\/users\/883"}],"replies":[{"embeddable":true,"href":"https:\/\/tatd.org.tr\/travma\/wp-json\/wp\/v2\/comments?post=598"}],"version-history":[{"count":0,"href":"https:\/\/tatd.org.tr\/travma\/wp-json\/wp\/v2\/pages\/598\/revisions"}],"wp:attachment":[{"href":"https:\/\/tatd.org.tr\/travma\/wp-json\/wp\/v2\/media?parent=598"}],"curies":[{"name":"wp","href":"https:\/\/api.w.org\/{rel}","templated":true}]}}