{"id":395,"date":"2021-11-21T23:33:53","date_gmt":"2021-11-21T20:33:53","guid":{"rendered":"https:\/\/tatd.org.tr\/tatdtravma\/?page_id=395"},"modified":"2021-11-21T23:43:24","modified_gmt":"2021-11-21T20:43:24","slug":"faaliyet-raporlari","status":"publish","type":"page","link":"https:\/\/tatd.org.tr\/travma\/hakkimizda\/belgeler\/faaliyet-raporlari\/","title":{"rendered":"Faaliyet Raporlar\u0131"},"content":{"rendered":"<p>&nbsp;<\/p>\n<div class=\"pcrstb-wrap\"><table style=\"border-collapse: collapse; width: 100%;\" border=\"1\">\n<tbody>\n<tr style=\"height: 24px;\">\n<td style=\"width: 5.51181%; height: 24px;\"><strong>Y\u0131l<\/strong><\/td>\n<td style=\"width: 38.517%; height: 24px;\"><strong>Y\u00fcr\u00fctme Kurulu<\/strong><\/td>\n<td style=\"width: 55.9711%; height: 24px;\"><strong>Faaliyet Raporu<\/strong><\/td>\n<\/tr>\n<tr style=\"height: 24px;\">\n<td style=\"width: 5.51181%; height: 24px;\">2021<\/td>\n<td style=\"width: 38.517%; height: 24px;\">Ba\u015fkan: Engin Deniz Arslan, Sekreter: Melis Efeo\u011flu Sa\u00e7ak<\/td>\n<td style=\"width: 55.9711%; height: 24px;\"><a class=\"btn btn-outline-primary fw-bold text-start\" href=\"https:\/\/tatd.org.tr\/tatdtravma\/wp-content\/uploads\/sites\/32\/2021\/11\/Travma-C\u0327G-2021-Yili-Faaliyet-Raporu.pdf\" target=\"_blank\" rel=\"noopener\">Travma C\u0327G 2021 Y\u0131l\u0131 Faaliyet Raporu (60,87 KB)<\/a><\/td>\n<\/tr>\n<tr style=\"height: 24px;\">\n<td style=\"width: 5.51181%; height: 24px;\">2020<\/td>\n<td style=\"width: 38.517%; height: 24px;\">Ba\u015fkan: Engin Deniz Arslan, Sekreter: Melis Efeo\u011flu Sa\u00e7ak<\/td>\n<td style=\"width: 55.9711%; height: 24px;\"><a class=\"btn btn-outline-primary fw-bold text-start\" href=\"https:\/\/tatd.org.tr\/tatdtravma\/wp-content\/uploads\/sites\/32\/2021\/11\/Travma-C\u0327G-2020-Yili-Faaliyet-Raporu.pdf\" target=\"_blank\" rel=\"noopener\">Travma C\u0327G 2020 Y\u0131l\u0131 Faaliyet Raporu (79,67 KB)<\/a><\/td>\n<\/tr>\n<tr style=\"height: 24px;\">\n<td style=\"width: 5.51181%; height: 24px;\">2019<\/td>\n<td style=\"width: 38.517%; height: 24px;\"><\/td>\n<td style=\"width: 55.9711%; height: 24px;\"><\/td>\n<\/tr>\n<tr style=\"height: 24px;\">\n<td style=\"width: 5.51181%; height: 24px;\">2018<\/td>\n<td style=\"width: 38.517%; height: 24px;\"><\/td>\n<td style=\"width: 55.9711%; height: 24px;\"><\/td>\n<\/tr>\n<tr>\n<td style=\"width: 5.51181%;\">2017<\/td>\n<td style=\"width: 38.517%;\"><\/td>\n<td style=\"width: 55.9711%;\"><\/td>\n<\/tr>\n<tr>\n<td style=\"width: 5.51181%;\">2016<\/td>\n<td style=\"width: 38.517%;\"><\/td>\n<td style=\"width: 55.9711%;\"><\/td>\n<\/tr>\n<tr>\n<td style=\"width: 5.51181%;\">2015<\/td>\n<td style=\"width: 38.517%;\"><\/td>\n<td style=\"width: 55.9711%;\"><\/td>\n<\/tr>\n<tr>\n<td style=\"width: 5.51181%;\">2014<\/td>\n<td style=\"width: 38.517%;\"><\/td>\n<td style=\"width: 55.9711%;\"><\/td>\n<\/tr>\n<tr>\n<td style=\"width: 5.51181%;\">2013<\/td>\n<td style=\"width: 38.517%;\"><\/td>\n<td style=\"width: 55.9711%;\"><\/td>\n<\/tr>\n<tr>\n<td style=\"width: 5.51181%;\">2012<\/td>\n<td style=\"width: 38.517%;\"><\/td>\n<td style=\"width: 55.9711%;\"><\/td>\n<\/tr>\n<tr>\n<td style=\"width: 5.51181%;\">2011<\/td>\n<td style=\"width: 38.517%;\">Kurulu\u015f Y\u0131l\u0131<\/td>\n<td style=\"width: 55.9711%;\"><\/td>\n<\/tr>\n<\/tbody>\n<\/table><\/div>\n<p>\u00c7al\u0131\u015fma Grubunun y\u0131ll\u0131k faaliyet raporlar\u0131 buraya y\u00fcklenecektir.\u00a0Faaliyet raporlar\u0131 sadece TATD \u00fcyelerine a\u00e7\u0131kt\u0131r.<\/p>\n","protected":false},"excerpt":{"rendered":"<p>&nbsp; Y\u0131l Y\u00fcr\u00fctme Kurulu Faaliyet Raporu 2021 Ba\u015fkan: Engin Deniz Arslan, Sekreter: Melis Efeo\u011flu Sa\u00e7ak Travma C\u0327G 2021 Y\u0131l\u0131 Faaliyet Raporu (60,87&hellip;<\/p>\n","protected":false},"author":1561,"featured_media":0,"parent":232,"menu_order":2,"comment_status":"closed","ping_status":"closed","template":"","meta":{"_acf_changed":false,"inline_featured_image":false,"_lmt_disableupdate":"","_lmt_disable":"","footnotes":""},"class_list":["post-395","page","type-page","status-publish","hentry"],"acf":[],"_links":{"self":[{"href":"https:\/\/tatd.org.tr\/travma\/wp-json\/wp\/v2\/pages\/395","targetHints":{"allow":["GET"]}}],"collection":[{"href":"https:\/\/tatd.org.tr\/travma\/wp-json\/wp\/v2\/pages"}],"about":[{"href":"https:\/\/tatd.org.tr\/travma\/wp-json\/wp\/v2\/types\/page"}],"author":[{"embeddable":true,"href":"https:\/\/tatd.org.tr\/travma\/wp-json\/wp\/v2\/users\/1561"}],"replies":[{"embeddable":true,"href":"https:\/\/tatd.org.tr\/travma\/wp-json\/wp\/v2\/comments?post=395"}],"version-history":[{"count":0,"href":"https:\/\/tatd.org.tr\/travma\/wp-json\/wp\/v2\/pages\/395\/revisions"}],"up":[{"embeddable":true,"href":"https:\/\/tatd.org.tr\/travma\/wp-json\/wp\/v2\/pages\/232"}],"wp:attachment":[{"href":"https:\/\/tatd.org.tr\/travma\/wp-json\/wp\/v2\/media?parent=395"}],"curies":[{"name":"wp","href":"https:\/\/api.w.org\/{rel}","templated":true}]}}