{"id":356,"date":"2021-11-20T02:06:51","date_gmt":"2021-11-19T23:06:51","guid":{"rendered":"https:\/\/tatd.org.tr\/tatdtravma\/?page_id=356"},"modified":"2021-11-20T02:06:51","modified_gmt":"2021-11-19T23:06:51","slug":"travma-kursu","status":"publish","type":"page","link":"https:\/\/tatd.org.tr\/travma\/etkinliklerimiz\/kurslarimiz\/travma-kursu\/","title":{"rendered":"Travma Kursu"},"content":{"rendered":"<h3><strong>Kurs Koordinat\u00f6r\u00fc:<\/strong><\/h3>\n<ul>\n<li>Do\u00e7. Dr. Mehmet Ali KARACA<\/li>\n<\/ul>\n<h3><strong>Di\u011fer E\u011fitmenler:\u00a0\u00a0\u00a0\u00a0\u00a0\u00a0\u00a0\u00a0\u00a0\u00a0\u00a0\u00a0\u00a0\u00a0\u00a0\u00a0 <\/strong><\/h3>\n<ul>\n<li>Prof.Dr. Serkan \u015eENER<\/li>\n<li>Do\u00e7.Dr. Engin Deniz ASLAN<\/li>\n<li>Do\u00e7.Dr. Sel\u00e7uk CO\u015eKUN<\/li>\n<li>Do\u00e7.Dr. M\u00fcge G\u00dcNALP<\/li>\n<li>Do\u00e7. Dr. B\u00fclent ERB\u0130L<\/li>\n<li>Do\u00e7.Dr. G\u00fclhan KURTO\u011eLU \u00c7EL\u0130K<\/li>\n<li>Uzm.Dr. Volkan Arslan<\/li>\n<li>Uzm.Dr. Burak O\u011eUZ<\/li>\n<li>Uzm.Dr. Ali BATUR<\/li>\n<\/ul>\n<h3><strong>Kursun Amac\u0131, Kapsam\u0131 ve Hedefleri<\/strong><\/h3>\n<p>Travma y\u00f6netimi hastane \u00f6ncesi ambulans sistemlerinden ba\u015flayan ve acil servis bak\u0131m\u0131n\u0131 da i\u00e7eren ya\u015famsal tan\u0131 ve tedavi giri\u015fimlerini i\u00e7erir. TATD Travma Y\u00f6netimi Kurslar\u0131n\u0131n amac\u0131 t\u00fcm acil t\u0131pta uzmanl\u0131k \u00f6\u011frencileri, acil t\u0131p uzmanlar\u0131 ve travma bak\u0131m\u0131nda yer alan hekimlere, yap\u0131land\u0131r\u0131lm\u0131\u015f, g\u00fcncel bilgi ve geli\u015fmeleri i\u00e7eren, multidisipliner yakla\u015f\u0131m\u0131n \u00f6nemini vurgulayan yakla\u015f\u0131m ve algoritmalar\u0131 aktarmakt\u0131r.<\/p>\n<h3><strong>Kursun Hedef Kitlesi<\/strong><\/h3>\n<p>Acil T\u0131p Asistanlar\u0131 (t\u00fcm k\u0131demler), Acil T\u0131p Uzmanlar\u0131, 2. basamakta g\u00f6rev yapan hekimler<\/p>\n<h3><strong>Kurs Plan\u0131<\/strong><\/h3>\n<p>Kurs iki g\u00fcn i\u00e7in sabah 09:00&#8217;da ba\u015flay\u0131p ilk g\u00fcn 17:00\u2019de, ikinci g\u00fcn 17:45\u2019ta bitecek \u015fekilde planlanm\u0131\u015ft\u0131r.<\/p>\n<h3><strong>Kat\u0131l\u0131mc\u0131 say\u0131s\u0131 ve Oturma D\u00fczeni<\/strong><\/h3>\n<p>Kat\u0131l\u0131mc\u0131 say\u0131s\u0131 30\u2019dur. Bu kursun oturma d\u00fczeni s\u0131n\u0131f d\u00fczenidir.<\/p>\n<h3><strong>Kursa nas\u0131l kay\u0131t yapt\u0131r\u0131r\u0131m?<\/strong><\/h3>\n<p>Kursumuz d\u00fczenli aral\u0131klarla a\u00e7\u0131lmakta, TATD E\u011fitim Merkezi (TATDEM), TATD ana sayfas\u0131, Travma \u00c7al\u0131\u015fma Grubu Sayfas\u0131 ve Sosyal Medya hesaplar\u0131ndan duyurulmaktad\u0131r.<\/p>\n<h3><strong>Kurs konular\u0131 ve Program\u0131<\/strong><\/h3>\n<ul>\n<li>Travmal\u0131 hastada birincil ve ikincil bak\u0131<\/li>\n<li>Hemorajik \u015foktaki hastan\u0131n y\u00f6netimi<\/li>\n<li>Kafa travmas\u0131n\u0131n y\u00f6netimi<\/li>\n<li>Toraks travmas\u0131n\u0131n y\u00f6netimi<\/li>\n<li>Abdominal travman\u0131n y\u00f6netimi<\/li>\n<li>Omurga yaralanmalar\u0131n\u0131n y\u00f6netimi<\/li>\n<li>Maksillofasyal travmalar\u0131n y\u00f6netimi<\/li>\n<li>Pelvik travmalar\u0131n y\u00f6netimi<\/li>\n<li>\u00d6zel durumlarda travmal\u0131 hasta y\u00f6netimi<\/li>\n<li>Travma Res\u00fcsitasyon odas\u0131n\u0131n y\u00f6netimi<\/li>\n<li>Kadavra laboratuvar\u0131 (t\u00fcp torakostomi, krikotirotomi)<\/li>\n<li>Yara bak\u0131m\u0131<\/li>\n<\/ul>\n<h3>\u00d6rnek Program<\/h3>\n<div class=\"pcrstb-wrap\"><table width=\"592\">\n<tbody>\n<tr>\n<td colspan=\"3\" width=\"592\"><strong>1. G\u00dcN<\/strong><\/td>\n<\/tr>\n<tr>\n<td width=\"121\"><strong>Saat<\/strong><\/td>\n<td width=\"261\"><strong>Konu<\/strong><\/td>\n<td width=\"210\"><strong>E\u011fitmen<\/strong><\/td>\n<\/tr>\n<tr>\n<td width=\"121\">09:00 \u2013 09:10<\/td>\n<td width=\"261\">A\u00e7\u0131l\u0131\u015f ve kurstan beklentiler<\/td>\n<td width=\"210\">Do\u00e7.Dr. Mehmet Ali KARACA<\/td>\n<\/tr>\n<tr>\n<td width=\"121\">09:10 \u2013 09:50<\/td>\n<td width=\"261\">Travmal\u0131 Hastada Birincil ve \u0130kincil Bak\u0131<\/td>\n<td width=\"210\">Uzm.Dr. Volkan ARSLAN<\/td>\n<\/tr>\n<tr>\n<td width=\"121\">09:50 \u2013 10:00<\/td>\n<td width=\"261\"><strong>ARA<\/strong><\/td>\n<td width=\"210\">&nbsp;<\/td>\n<\/tr>\n<tr>\n<td width=\"121\">10:00 \u2013 10:40<\/td>\n<td width=\"261\">Hemorajik \u015eoktaki Hastan\u0131n Y\u00f6netimi<\/td>\n<td width=\"210\">Do\u00e7.Dr. Sel\u00e7uk CO\u015eKUN<\/td>\n<\/tr>\n<tr>\n<td width=\"121\">10:40 &#8211; 10:50<\/td>\n<td width=\"261\"><strong>ARA<\/strong><\/td>\n<td width=\"210\">&nbsp;<\/td>\n<\/tr>\n<tr>\n<td width=\"121\">10:50 \u2013 11:20<\/td>\n<td width=\"261\">Kafa Travmas\u0131n\u0131n Y\u00f6netimi<\/td>\n<td width=\"210\">Do\u00e7.Dr. Mehmet Ali KARACA<\/td>\n<\/tr>\n<tr>\n<td width=\"121\">11:30 \u2013 12:10<\/td>\n<td width=\"261\">Toraks Travmas\u0131n\u0131n Y\u00f6netimi<\/td>\n<td width=\"210\">Do\u00e7.Dr. M\u00fcge G\u00dcNALP<\/td>\n<\/tr>\n<tr>\n<td width=\"121\">12:10 \u2013 13:30<\/td>\n<td width=\"261\"><strong>\u00d6\u011eLE ARASI<\/strong><\/td>\n<td width=\"210\">&nbsp;<\/td>\n<\/tr>\n<tr>\n<td width=\"121\">13:30 &#8211; 14:10<\/td>\n<td width=\"261\">Abdominal Travman\u0131n Y\u00f6netimi<\/td>\n<td width=\"210\">Do\u00e7. Dr. B\u00fclent ERB\u0130L<\/td>\n<\/tr>\n<tr>\n<td width=\"121\">14:10 &#8211; 14:30<\/td>\n<td width=\"261\"><strong>ARA<\/strong><\/td>\n<td width=\"210\">&nbsp;<\/td>\n<\/tr>\n<tr>\n<td width=\"121\">14:30 \u2013 15:10<\/td>\n<td width=\"261\">Pelvik Travman\u0131n Y\u00f6netimi<\/td>\n<td width=\"210\">Do\u00e7.Dr. Engin Deniz ASLAN<\/td>\n<\/tr>\n<tr>\n<td width=\"121\">16:00 \u2013 17:00<\/td>\n<td width=\"261\"><strong>ARA<\/strong><\/td>\n<td width=\"210\">&nbsp;<\/td>\n<\/tr>\n<tr>\n<td width=\"121\">15:30 &#8211; 17:00<\/td>\n<td width=\"261\"><em>Yara Bak\u0131m\u0131 Kursu<\/em><\/td>\n<td width=\"210\">Prof.Dr. Serkan \u015eENER<\/td>\n<\/tr>\n<\/tbody>\n<\/table><\/div>\n<p>&nbsp;<\/p>\n<div class=\"pcrstb-wrap\"><table width=\"592\">\n<tbody>\n<tr>\n<td colspan=\"3\" width=\"592\"><strong>2. G\u00dcN<\/strong><\/td>\n<\/tr>\n<tr>\n<td width=\"121\"><strong>Saat<\/strong><\/td>\n<td width=\"261\"><strong>Konu<\/strong><\/td>\n<td width=\"210\"><strong>E\u011fitmen<\/strong><\/td>\n<\/tr>\n<tr>\n<td width=\"121\">09:00 \u2013 12:00<\/td>\n<td width=\"261\">Kadavra Laboratuvar<\/p>\n<p>T\u00fcp torakostomi\/Krikotirotomi<\/td>\n<td width=\"210\">Do\u00e7.Dr.Mehmet Ali KARACA<\/p>\n<p>Uzm. Dr. Volkan ARSLAN<\/td>\n<\/tr>\n<tr>\n<td width=\"121\">12:00 \u2013 13:30<\/td>\n<td width=\"261\"><strong>\u00d6\u011eLE ARASI<\/strong><\/td>\n<td width=\"210\">&nbsp;<\/td>\n<\/tr>\n<tr>\n<td width=\"121\">13:30 \u2013 14:10<\/td>\n<td width=\"261\">Omurga Yaralanmalar\u0131n\u0131n Y\u00f6netimi<\/td>\n<td width=\"210\">\u00a0\u00a0 Uzm.Dr. Ali BATUR<\/td>\n<\/tr>\n<tr>\n<td width=\"121\">14:10 &#8211; 14:20<\/td>\n<td width=\"261\"><strong>ARA<\/strong><\/td>\n<td width=\"210\">&nbsp;<\/td>\n<\/tr>\n<tr>\n<td width=\"121\">14:20 &#8211; 15:00<\/td>\n<td width=\"261\">Maksillofasiyal Travman\u0131n Y\u00f6netimi<\/td>\n<td width=\"210\">Uzm.Dr. Burak O\u011eUZ<\/td>\n<\/tr>\n<tr>\n<td width=\"121\">15:00 \u2013 15:10<\/td>\n<td width=\"261\"><strong>ARA<\/strong><\/td>\n<td width=\"210\">&nbsp;<\/td>\n<\/tr>\n<tr>\n<td width=\"121\">15:10 \u2013 15:50<\/td>\n<td width=\"261\">\u00d6zel Durumlarda Travmal\u0131 Hasta Y\u00f6netimi<\/td>\n<td width=\"210\">Do\u00e7.Dr. G\u00fclhan KURTO\u011eLU \u00c7EL\u0130K<\/td>\n<\/tr>\n<tr>\n<td width=\"121\">15:50 \u2013 16:00<\/td>\n<td width=\"261\"><strong>ARA<\/strong><\/td>\n<td width=\"210\">&nbsp;<\/td>\n<\/tr>\n<tr>\n<td width=\"121\">16:00 \u2013 17:30<\/td>\n<td width=\"261\">Travmada Res\u00fcsitasyon Odas\u0131n\u0131n Y\u00f6netimi<\/p>\n<p><em>ATLS senaryolar\u0131<\/em><\/p>\n<p><em>Olgu \u00f6rnekleri ile tan\u0131 ve tedavi s\u00fcre\u00e7lerinin planlanmas\u0131<\/em><\/td>\n<td width=\"210\">\u00a0\u00a0 Do\u00e7.Dr. Engin Deniz ASLAN<\/p>\n<p>Do\u00e7.Dr. Mehmet Ali KARACA<\/p>\n<p>Do\u00e7.Dr. G\u00fclhan KURTO\u011eLU \u00c7EL\u0130K<\/p>\n<p>Uzm.Dr. Volkan Arslan<\/td>\n<\/tr>\n<tr>\n<td width=\"121\">17:30 &#8211; 17:45<\/td>\n<td width=\"261\">Kapan\u0131\u015f<\/td>\n<td width=\"210\">\u00a0\u00a0 Do\u00e7.Dr. Mehmet Ali\u00a0\u00a0\u00a0 KARACA<\/td>\n<\/tr>\n<\/tbody>\n<\/table><\/div>\n<p>&nbsp;<\/p>\n","protected":false},"excerpt":{"rendered":"<p>Kurs Koordinat\u00f6r\u00fc: Do\u00e7. Dr. Mehmet Ali KARACA Di\u011fer E\u011fitmenler:\u00a0\u00a0\u00a0\u00a0\u00a0\u00a0\u00a0\u00a0\u00a0\u00a0\u00a0\u00a0\u00a0\u00a0\u00a0\u00a0 Prof.Dr. Serkan \u015eENER Do\u00e7.Dr. Engin Deniz ASLAN Do\u00e7.Dr. Sel\u00e7uk CO\u015eKUN Do\u00e7.Dr. M\u00fcge G\u00dcNALP&hellip;<\/p>\n","protected":false},"author":1561,"featured_media":0,"parent":350,"menu_order":0,"comment_status":"closed","ping_status":"closed","template":"","meta":{"_acf_changed":false,"inline_featured_image":false,"_lmt_disableupdate":"","_lmt_disable":"","footnotes":""},"class_list":["post-356","page","type-page","status-publish","hentry"],"acf":[],"_links":{"self":[{"href":"https:\/\/tatd.org.tr\/travma\/wp-json\/wp\/v2\/pages\/356","targetHints":{"allow":["GET"]}}],"collection":[{"href":"https:\/\/tatd.org.tr\/travma\/wp-json\/wp\/v2\/pages"}],"about":[{"href":"https:\/\/tatd.org.tr\/travma\/wp-json\/wp\/v2\/types\/page"}],"author":[{"embeddable":true,"href":"https:\/\/tatd.org.tr\/travma\/wp-json\/wp\/v2\/users\/1561"}],"replies":[{"embeddable":true,"href":"https:\/\/tatd.org.tr\/travma\/wp-json\/wp\/v2\/comments?post=356"}],"version-history":[{"count":0,"href":"https:\/\/tatd.org.tr\/travma\/wp-json\/wp\/v2\/pages\/356\/revisions"}],"up":[{"embeddable":true,"href":"https:\/\/tatd.org.tr\/travma\/wp-json\/wp\/v2\/pages\/350"}],"wp:attachment":[{"href":"https:\/\/tatd.org.tr\/travma\/wp-json\/wp\/v2\/media?parent=356"}],"curies":[{"name":"wp","href":"https:\/\/api.w.org\/{rel}","templated":true}]}}