{"id":354,"date":"2021-11-20T02:03:43","date_gmt":"2021-11-19T23:03:43","guid":{"rendered":"https:\/\/tatd.org.tr\/tatdtravma\/?page_id=354"},"modified":"2021-11-20T02:03:50","modified_gmt":"2021-11-19T23:03:50","slug":"ortopedik-aciller-kursu","status":"publish","type":"page","link":"https:\/\/tatd.org.tr\/travma\/etkinliklerimiz\/kurslarimiz\/ortopedik-aciller-kursu\/","title":{"rendered":"Ortopedik Aciller Kursu"},"content":{"rendered":"<h3><b>Kurs Koordinat\u00f6r\u00fc:<\/b><\/h3>\n<ul>\n<li><span style=\"font-weight: 400;\">Do\u00e7. Dr. \u00d6nder L\u0130MON<\/span><\/li>\n<\/ul>\n<h3><b>Di\u011fer E\u011fitmenler:<\/b><\/h3>\n<ul>\n<li><span style=\"font-weight: 400;\">Prof. Dr. Ersin AKSAY<\/span><\/li>\n<li><span style=\"font-weight: 400;\">Do\u00e7. Dr. Ba\u015fak BAYRAM<\/span><\/li>\n<li><span style=\"font-weight: 400;\">Do\u00e7. Dr. Yusuf Ali ALTUNCI<\/span><\/li>\n<li><span style=\"font-weight: 400;\">Uzm. Dr. Burcu DEM\u0130RD\u00d6VEN<\/span><\/li>\n<li><span style=\"font-weight: 400;\">Do\u00e7. Dr. Umut PAYZA<\/span><\/li>\n<li><span style=\"font-weight: 400;\">Uzm. Dr. Hasan \u0130D\u0130L<\/span><\/li>\n<li><span style=\"font-weight: 400;\">Uzm. Dr. \u0130lhan UZ<\/span><\/li>\n<\/ul>\n<h3><b>Kursun Amac\u0131, Kapsam\u0131 ve Hedefleri<\/b><\/h3>\n<p><span style=\"font-weight: 400;\">TATD Ortopedik Aciller Kurslar\u0131n\u0131n amac\u0131 t\u00fcm acil t\u0131pta uzmanl\u0131k \u00f6\u011frencileri, acil t\u0131p uzmanlar\u0131 ve 2. basamakta g\u00f6rev yapan hekimlere, ortopedik travmalar\u0131n y\u00f6netimi, pediyatrik hastalardaki ortopedik travmalar ve y\u00f6netimi, omuz ve di\u011fer eklem \u00e7\u0131k\u0131klar\u0131n\u0131n y\u00f6netimi, grafilerin yorumlanmas\u0131, atel teknikleri ve a\u011fr\u0131 y\u00f6netimi hakk\u0131nda bilgi vermektir. Ayr\u0131ca medikolegal y\u00f6nden hekimleri zor durumda b\u0131rakan \u201cs\u0131k atlanan yaralanmalar\u201d ayr\u0131 bir ders ba\u015fl\u0131\u011f\u0131 olarak irdelenmektedir.\u00a0<\/span><\/p>\n<h3><b>Kursun Hedef Kitlesi<\/b><\/h3>\n<p><span style=\"font-weight: 400;\">Acil T\u0131p Asistanlar\u0131 (t\u00fcm k\u0131demler), Acil T\u0131p Uzmanlar\u0131, 2. basamakta g\u00f6rev yapan hekimler<\/span><\/p>\n<h3><b>Kurs Plan\u0131<\/b><\/h3>\n<p><span style=\"font-weight: 400;\">Kurs her ilk g\u00fcn i\u00e7in sabah 09:00&#8217;da, ikinci g\u00fcn sabah 09:30\u2019da ba\u015flay\u0131p 17:45\u2019te bitecek \u015fekilde planlanm\u0131\u015ft\u0131r.<\/span><\/p>\n<h3><b>Kat\u0131l\u0131mc\u0131 say\u0131s\u0131 ve Oturma D\u00fczeni<\/b><\/h3>\n<p><span style=\"font-weight: 400;\">Kat\u0131l\u0131mc\u0131 say\u0131s\u0131 24\u2019t\u00fcr. Bu kursun oturma d\u00fczeni s\u0131n\u0131f d\u00fczenidir.\u00a0<\/span><\/p>\n<h3><b>Kursa nas\u0131l kay\u0131t yapt\u0131r\u0131r\u0131m?<\/b><\/h3>\n<p><span style=\"font-weight: 400;\">D\u00fczenli aral\u0131klarla yap\u0131lmakta olan kursumuz TATD anasayfas\u0131ndan, \u00c7al\u0131\u015fma Grubumuzun sitesinden ve sosyal medya hesaplar\u0131ndan ilan edilmektedir.<\/span><\/p>\n<h3><b>Kurs konular\u0131 ve Program\u0131<\/b><\/h3>\n<ul>\n<li style=\"font-weight: 400;\" aria-level=\"1\"><span style=\"font-weight: 400;\">El ve el bile\u011fi grafilerinin yorumlanmas\u0131<\/span><\/li>\n<li style=\"font-weight: 400;\" aria-level=\"1\"><span style=\"font-weight: 400;\">Pediatrik ortopedik travmalar<\/span><\/li>\n<li style=\"font-weight: 400;\" aria-level=\"1\"><span style=\"font-weight: 400;\">Dirsek ve \u00f6nkol grafilerinin yorumlanmas\u0131<\/span><\/li>\n<li style=\"font-weight: 400;\" aria-level=\"1\"><span style=\"font-weight: 400;\">Omuz \u00e7\u0131k\u0131\u011f\u0131 y\u00f6netimi<\/span><\/li>\n<li style=\"font-weight: 400;\" aria-level=\"1\"><span style=\"font-weight: 400;\">Atel teknikleri<\/span><\/li>\n<li style=\"font-weight: 400;\" aria-level=\"1\"><span style=\"font-weight: 400;\">Pelvis ve femur travmalar\u0131n\u0131n y\u00f6netimi (G\u00f6r\u00fcnt\u00fcleme ve y\u00f6netim)<\/span><\/li>\n<li style=\"font-weight: 400;\" aria-level=\"1\"><span style=\"font-weight: 400;\">Diz, ayak bile\u011fi ve ayak travmalar\u0131n\u0131n y\u00f6netimi ( G\u00f6r\u00fcnt\u00fcleme ve y\u00f6netim)<\/span><\/li>\n<li style=\"font-weight: 400;\" aria-level=\"1\"><span style=\"font-weight: 400;\">Ortopedik travmalarda s\u0131k yap\u0131lan hatalar<\/span><\/li>\n<li style=\"font-weight: 400;\" aria-level=\"1\"><span style=\"font-weight: 400;\">\u00c7\u0131k\u0131k y\u00f6netimi (Omuz \u00e7\u0131k\u0131\u011f\u0131 d\u0131\u015f\u0131 &#8211; \u00c7ene, dirsek, kal\u00e7a, diz ve parmak \u00e7\u0131k\u0131klar\u0131n\u0131n y\u00f6netimi)<\/span><\/li>\n<li style=\"font-weight: 400;\" aria-level=\"1\"><span style=\"font-weight: 400;\">Ortopedik travmalarda a\u011fr\u0131 y\u00f6netimi (Giri\u015fimsel sedasyon analjezi, lokal uygulamalar)<\/span><\/li>\n<li style=\"font-weight: 400;\" aria-level=\"1\"><span style=\"font-weight: 400;\">Olgu bazl\u0131 y\u00f6netim (\u00dcst ekstremite + pediatrik; pratik)<\/span><\/li>\n<li style=\"font-weight: 400;\" aria-level=\"1\"><span style=\"font-weight: 400;\">Olgu bazl\u0131 y\u00f6netim (Alt ekstremite; pratik)<\/span><\/li>\n<li style=\"font-weight: 400;\" aria-level=\"1\"><span style=\"font-weight: 400;\">Atel uygulamas\u0131 (pratik)<\/span><\/li>\n<\/ul>\n<p>&nbsp;<\/p>\n<h3>\u00d6rnek Program<\/h3>\n<div class=\"pcrstb-wrap\"><table>\n<tbody>\n<tr>\n<td colspan=\"3\"><b>1. G\u00dcN<\/b><\/td>\n<\/tr>\n<tr>\n<td><b>Saat<\/b><\/td>\n<td><b>Konu<\/b><\/td>\n<td><b>E\u011fitmen<\/b><\/td>\n<\/tr>\n<tr>\n<td><span style=\"font-weight: 400;\">09:30 \u2013 10:00\u00a0\u00a0<\/span><\/td>\n<td><span style=\"font-weight: 400;\">A\u00e7\u0131l\u0131\u015f, kursun tan\u0131t\u0131m\u0131\u00a0<\/span><\/td>\n<td><span style=\"font-weight: 400;\">Do\u00e7. Dr. \u00d6nder L\u0130MON<\/span><\/td>\n<\/tr>\n<tr>\n<td><span style=\"font-weight: 400;\">10:00 \u2013 10:40<\/span><\/td>\n<td><span style=\"font-weight: 400;\">Diz, ayak bile\u011fi ve ayak travmalar\u0131n\u0131n y\u00f6netimi<\/span><\/p>\n<p><i><span style=\"font-weight: 400;\">G\u00f6r\u00fcnt\u00fcleme ve y\u00f6netim<\/span><\/i><\/td>\n<td><span style=\"font-weight: 400;\">Dr. \u00d6\u00dc. Yusuf Ali ALTUNCI<\/span><\/td>\n<\/tr>\n<tr>\n<td><span style=\"font-weight: 400;\">10:40 \u2013 11:00<\/span><\/td>\n<td><b>ARA<\/b><\/td>\n<td><\/td>\n<\/tr>\n<tr>\n<td><span style=\"font-weight: 400;\">11:00 \u2013 11:40<\/span><\/td>\n<td><span style=\"font-weight: 400;\">Pelvis ve femur travmalar\u0131n\u0131n y\u00f6netimi<\/span><\/p>\n<p><i><span style=\"font-weight: 400;\">G\u00f6r\u00fcnt\u00fcleme ve y\u00f6netim<\/span><\/i><\/td>\n<td><span style=\"font-weight: 400;\">Uzm. Dr. \u0130lhan UZ<\/span><\/td>\n<\/tr>\n<tr>\n<td><span style=\"font-weight: 400;\">11:40 &#8211; 12:00<\/span><\/td>\n<td><b>ARA<\/b><\/td>\n<td><\/td>\n<\/tr>\n<tr>\n<td><span style=\"font-weight: 400;\">12:00 \u2013 12:40<\/span><\/td>\n<td><span style=\"font-weight: 400;\">\u00c7\u0131k\u0131k y\u00f6netimi (Omuz \u00e7\u0131k\u0131\u011f\u0131 d\u0131\u015f\u0131)<\/span><\/p>\n<p><i><span style=\"font-weight: 400;\">\u00c7ene, dirsek, kal\u00e7a, diz ve parmak \u00e7\u0131k\u0131klar\u0131n\u0131n y\u00f6netimi<\/span><\/i><\/td>\n<td><span style=\"font-weight: 400;\">Uzm. Dr. Burcu DEM\u0130RD\u00d6VEN<\/span><\/td>\n<\/tr>\n<tr>\n<td><span style=\"font-weight: 400;\">12:40 \u2013 14:00<\/span><\/td>\n<td><b>\u00d6\u011eLE ARASI<\/b><\/td>\n<td><\/td>\n<\/tr>\n<tr>\n<td><span style=\"font-weight: 400;\">14:00 \u2013 14:40<\/span><\/td>\n<td><span style=\"font-weight: 400;\">Atel teknikleri<\/span><\/td>\n<td><span style=\"font-weight: 400;\">Do\u00e7. Dr. \u00d6nder L\u0130MON<\/span><\/td>\n<\/tr>\n<tr>\n<td><span style=\"font-weight: 400;\">14:40 &#8211; 15:00<\/span><\/td>\n<td><b>ARA<\/b><\/td>\n<td><\/td>\n<\/tr>\n<tr>\n<td><span style=\"font-weight: 400;\">15:00 &#8211; 15:40<\/span><\/td>\n<td><span style=\"font-weight: 400;\">Ortopedik travmalarda a\u011fr\u0131 y\u00f6netimi<\/span><\/p>\n<p><i><span style=\"font-weight: 400;\">Giri\u015fimsel sedasyon, analjezi, lokal uygulamalar<\/span><\/i><\/td>\n<td><span style=\"font-weight: 400;\">Uzm. Dr. Hasan \u0130D\u0130L<\/span><\/td>\n<\/tr>\n<tr>\n<td><span style=\"font-weight: 400;\">15:40 \u2013 16:00<\/span><\/td>\n<td><b>ARA<\/b><\/td>\n<td><\/td>\n<\/tr>\n<tr>\n<td><span style=\"font-weight: 400;\">16:00 \u2013 17:00<\/span><\/td>\n<td><span style=\"font-weight: 400;\">Olgu bazl\u0131 y\u00f6netim (Alt ekstremite)<\/span><\/p>\n<p><i><span style=\"font-weight: 400;\">7 ki\u015filik gruplarda pratik<\/span><\/i><\/td>\n<td><span style=\"font-weight: 400;\">Uzm. Dr. Umut PAYZA<\/span><\/td>\n<\/tr>\n<tr>\n<td><span style=\"font-weight: 400;\">17:00 &#8211; 17:45<\/span><\/td>\n<td><span style=\"font-weight: 400;\">Atel uygulamas\u0131<\/span><\/p>\n<p><i><span style=\"font-weight: 400;\">7 ki\u015filik gruplarda atel prati\u011fi\u00a0<\/span><\/i><\/td>\n<td><span style=\"font-weight: 400;\">Do\u00e7. Dr. \u00d6nder L\u0130MON, Uzm. Dr. \u0130lhan UZ, Uzm. Dr. Burcu DEM\u0130RD\u00d6VEN<\/span><\/td>\n<\/tr>\n<\/tbody>\n<\/table><\/div>\n<p><span style=\"font-weight: 400;\">\u00a0<\/span><\/p>\n<div class=\"pcrstb-wrap\"><table>\n<tbody>\n<tr>\n<td colspan=\"3\"><b>2. G\u00dcN<\/b><\/td>\n<\/tr>\n<tr>\n<td><b>Saat<\/b><\/td>\n<td><b>Konu<\/b><\/td>\n<td><b>E\u011fitmen<\/b><\/td>\n<\/tr>\n<tr>\n<td><span style=\"font-weight: 400;\">09:00 \u2013 09:40\u00a0\u00a0<\/span><\/td>\n<td><span style=\"font-weight: 400;\">El ve el bile\u011fi grafilerinin yorumlanmas\u0131<\/span><\/td>\n<td><span style=\"font-weight: 400;\">Do\u00e7. Dr. \u00d6nder L\u0130MON<\/span><\/td>\n<\/tr>\n<tr>\n<td><span style=\"font-weight: 400;\">10:00 &#8211; 10:40<\/span><\/td>\n<td><span style=\"font-weight: 400;\">Pediatrik ortopedik travmalar<\/span><\/td>\n<td><span style=\"font-weight: 400;\">Do\u00e7. Dr. \u00d6nder L\u0130MON<\/span><\/td>\n<\/tr>\n<tr>\n<td><span style=\"font-weight: 400;\">11:00 &#8211; 11:40<\/span><\/td>\n<td><span style=\"font-weight: 400;\">Omuz \u00e7\u0131k\u0131\u011f\u0131 y\u00f6netimi\u00a0<\/span><\/td>\n<td><span style=\"font-weight: 400;\">Do\u00e7. Dr. Ba\u015fak BAYRAM<\/span><\/td>\n<\/tr>\n<tr>\n<td><span style=\"font-weight: 400;\">11:40 \u2013 13:00<\/span><\/td>\n<td><b>\u00d6\u011eLE ARASI<\/b><\/td>\n<td><\/td>\n<\/tr>\n<tr>\n<td><span style=\"font-weight: 400;\">13:00 \u2013 13:40<\/span><\/td>\n<td><span style=\"font-weight: 400;\">Dirsek ve \u00f6nkol grafilerinin yorumlanmas\u0131<\/span><\/td>\n<td><span style=\"font-weight: 400;\">Prof. Dr. Ersin AKSAY<\/span><\/td>\n<\/tr>\n<tr>\n<td><span style=\"font-weight: 400;\">13:40 &#8211; 14:00<\/span><\/td>\n<td><b>ARA<\/b><\/td>\n<td><\/td>\n<\/tr>\n<tr>\n<td><span style=\"font-weight: 400;\">14:00 &#8211; 14:40<\/span><\/td>\n<td><span style=\"font-weight: 400;\">Ortopedik travmalarda s\u0131k yap\u0131lan hatalar<\/span><\/td>\n<td><span style=\"font-weight: 400;\">Uzm.Dr. Burak O\u011eUZ<\/span><\/td>\n<\/tr>\n<tr>\n<td><span style=\"font-weight: 400;\">14:40 \u2013 15:00<\/span><\/td>\n<td><b>ARA<\/b><\/td>\n<td><\/td>\n<\/tr>\n<tr>\n<td><span style=\"font-weight: 400;\">15:00 \u2013 16:00<\/span><\/td>\n<td><span style=\"font-weight: 400;\">Olgu bazl\u0131 y\u00f6netim (\u00dcst ekstremite + pediatrik)<\/span><\/p>\n<p><i><span style=\"font-weight: 400;\">7 ki\u015filik gruplarda pratik<\/span><\/i><\/td>\n<td><span style=\"font-weight: 400;\">Prof. Dr. Ersin AKSAY<\/span><\/td>\n<\/tr>\n<tr>\n<td><span style=\"font-weight: 400;\">16:00 \u2013 17:30<\/span><\/td>\n<td><i><span style=\"font-weight: 400;\">Ak\u0131lc\u0131 ila\u00e7 kullan\u0131m\u0131<\/span><\/i><\/td>\n<td><span style=\"font-weight: 400;\">Prof. Dr. Ersin AKSAY<\/span><\/td>\n<\/tr>\n<tr>\n<td><span style=\"font-weight: 400;\">17:30 \u2013 17:45<\/span><\/td>\n<td><span style=\"font-weight: 400;\">Kapan\u0131\u015f\u00a0<\/span><\/td>\n<td><span style=\"font-weight: 400;\"> \u00a0 Do\u00e7. Dr. \u00d6nder L\u0130MON<\/span><\/td>\n<\/tr>\n<\/tbody>\n<\/table><\/div>\n<p>&nbsp;<\/p>\n","protected":false},"excerpt":{"rendered":"<p>Kurs Koordinat\u00f6r\u00fc: Do\u00e7. Dr. \u00d6nder L\u0130MON Di\u011fer E\u011fitmenler: Prof. Dr. Ersin AKSAY Do\u00e7. Dr. Ba\u015fak BAYRAM Do\u00e7. Dr. Yusuf Ali ALTUNCI Uzm.&hellip;<\/p>\n","protected":false},"author":1561,"featured_media":0,"parent":350,"menu_order":0,"comment_status":"closed","ping_status":"closed","template":"","meta":{"_acf_changed":false,"inline_featured_image":false,"_lmt_disableupdate":"","_lmt_disable":"","footnotes":""},"class_list":["post-354","page","type-page","status-publish","hentry"],"acf":[],"_links":{"self":[{"href":"https:\/\/tatd.org.tr\/travma\/wp-json\/wp\/v2\/pages\/354","targetHints":{"allow":["GET"]}}],"collection":[{"href":"https:\/\/tatd.org.tr\/travma\/wp-json\/wp\/v2\/pages"}],"about":[{"href":"https:\/\/tatd.org.tr\/travma\/wp-json\/wp\/v2\/types\/page"}],"author":[{"embeddable":true,"href":"https:\/\/tatd.org.tr\/travma\/wp-json\/wp\/v2\/users\/1561"}],"replies":[{"embeddable":true,"href":"https:\/\/tatd.org.tr\/travma\/wp-json\/wp\/v2\/comments?post=354"}],"version-history":[{"count":0,"href":"https:\/\/tatd.org.tr\/travma\/wp-json\/wp\/v2\/pages\/354\/revisions"}],"up":[{"embeddable":true,"href":"https:\/\/tatd.org.tr\/travma\/wp-json\/wp\/v2\/pages\/350"}],"wp:attachment":[{"href":"https:\/\/tatd.org.tr\/travma\/wp-json\/wp\/v2\/media?parent=354"}],"curies":[{"name":"wp","href":"https:\/\/api.w.org\/{rel}","templated":true}]}}