{"id":352,"date":"2021-11-20T02:00:32","date_gmt":"2021-11-19T23:00:32","guid":{"rendered":"https:\/\/tatd.org.tr\/tatdtravma\/?page_id=352"},"modified":"2021-11-20T02:00:32","modified_gmt":"2021-11-19T23:00:32","slug":"travmada-kirmizi-bayraklar-kursu","status":"publish","type":"page","link":"https:\/\/tatd.org.tr\/travma\/etkinliklerimiz\/kurslarimiz\/travmada-kirmizi-bayraklar-kursu\/","title":{"rendered":"Travmada K\u0131rm\u0131z\u0131 Bayraklar Kursu"},"content":{"rendered":"<p>Bu sayfa haz\u0131rlanmaktad\u0131r<\/p>\n","protected":false},"excerpt":{"rendered":"<p>Bu sayfa haz\u0131rlanmaktad\u0131r<\/p>\n","protected":false},"author":1561,"featured_media":0,"parent":350,"menu_order":0,"comment_status":"closed","ping_status":"closed","template":"","meta":{"_acf_changed":false,"inline_featured_image":false,"_lmt_disableupdate":"","_lmt_disable":"","footnotes":""},"class_list":["post-352","page","type-page","status-publish","hentry"],"acf":[],"_links":{"self":[{"href":"https:\/\/tatd.org.tr\/travma\/wp-json\/wp\/v2\/pages\/352","targetHints":{"allow":["GET"]}}],"collection":[{"href":"https:\/\/tatd.org.tr\/travma\/wp-json\/wp\/v2\/pages"}],"about":[{"href":"https:\/\/tatd.org.tr\/travma\/wp-json\/wp\/v2\/types\/page"}],"author":[{"embeddable":true,"href":"https:\/\/tatd.org.tr\/travma\/wp-json\/wp\/v2\/users\/1561"}],"replies":[{"embeddable":true,"href":"https:\/\/tatd.org.tr\/travma\/wp-json\/wp\/v2\/comments?post=352"}],"version-history":[{"count":0,"href":"https:\/\/tatd.org.tr\/travma\/wp-json\/wp\/v2\/pages\/352\/revisions"}],"up":[{"embeddable":true,"href":"https:\/\/tatd.org.tr\/travma\/wp-json\/wp\/v2\/pages\/350"}],"wp:attachment":[{"href":"https:\/\/tatd.org.tr\/travma\/wp-json\/wp\/v2\/media?parent=352"}],"curies":[{"name":"wp","href":"https:\/\/api.w.org\/{rel}","templated":true}]}}