{"id":227,"date":"2021-10-17T23:08:36","date_gmt":"2021-10-17T20:08:36","guid":{"rendered":"https:\/\/tatd.org.tr\/template\/?page_id=12"},"modified":"2021-11-20T01:55:41","modified_gmt":"2021-11-19T22:55:41","slug":"amac-ve-hedefler","status":"publish","type":"page","link":"https:\/\/tatd.org.tr\/travma\/hakkimizda\/amac-ve-hedefler\/","title":{"rendered":"Ama\u00e7 ve Hedefler"},"content":{"rendered":"<h2>Ama\u00e7lar\u0131m\u0131z<\/h2>\n<ol>\n<li>Acil t\u0131p kapsam\u0131 i\u00e7indeki\u00a0<strong>Travma Y\u00f6netimi<\/strong>\u00a0<strong>konular\u0131n<\/strong>da g\u00fcncel geli\u015fmelerin izlenerek acil t\u0131p uzmanl\u0131\u011f\u0131 prati\u011finde en do\u011fru \u015fekilde uygulanmas\u0131n\u0131 sa\u011flamak.<\/li>\n<li>Travma Y\u00f6netiminde multidisipliner yakla\u015f\u0131m\u0131n \u00f6nemini vurgulamak, fark\u0131ndal\u0131\u011f\u0131n\u0131 artt\u0131rmak ve yayg\u0131nla\u015ft\u0131rmak.<\/li>\n<li>Yap\u0131land\u0131r\u0131lm\u0131\u015f Travma Y\u00f6netiminin uygulanmas\u0131n\u0131 yayg\u0131nla\u015ft\u0131rmak.<\/li>\n<\/ol>\n<h2><strong>Hedeflerimiz<\/strong><\/h2>\n<p><strong>Travma Y\u00f6netimi\u00a0<\/strong>konusunda uluslararas\u0131 geli\u015fmeleri takip etmek, klinik uygulamalardaki g\u00fcncel algoritmalar\u0131n uygulanmas\u0131n\u0131 yayg\u0131nla\u015ft\u0131rmak, acil servislerde \u00e7al\u0131\u015fan hekimlerin travma y\u00f6netimi konusunda bilgilendirilmesi ve bilin\u00e7lendirilmesini sa\u011flamak, travma y\u00f6netimi konusunda toplant\u0131lar, kurslar, seminer ve sempozyumlar d\u00fczenlemek. \u00a0Yurt d\u0131\u015f\u0131ndaki benzer ama\u00e7lar\u0131 olan dernek ve \u00e7al\u0131\u015fma gruplar\u0131yla ili\u015fkiler kurarak deneyim payla\u015f\u0131m\u0131 ger\u00e7ekle\u015ftirmek.<\/p>\n<h2><strong>\u00c7al\u0131\u015fma Plan\u0131m\u0131z<\/strong><\/h2>\n<ol>\n<li>Travma Y\u00f6netimi ile ilgili g\u00fcncel bilgilerin web sitesi \u00fczerinden yay\u0131nlanmas\u0131n\u0131 sa\u011flamak.<\/li>\n<li>G\u00fcncel ve Standart Travma Y\u00f6netimi ile ilgili bilimsel geli\u015fmelerin payla\u015f\u0131l\u0131p tart\u0131\u015f\u0131laca\u011f\u0131 kurslar, seminerler d\u00fczenlemek.<\/li>\n<li>Travma Y\u00f6netimi kapsam\u0131nda temel ve ileri travma y\u00f6netimini i\u00e7eren bilimsel bas\u0131l\u0131 materyal olu\u015fturmak.<\/li>\n<\/ol>\n","protected":false},"excerpt":{"rendered":"<p>Ama\u00e7lar\u0131m\u0131z Acil t\u0131p kapsam\u0131 i\u00e7indeki\u00a0Travma Y\u00f6netimi\u00a0konular\u0131nda g\u00fcncel geli\u015fmelerin izlenerek acil t\u0131p uzmanl\u0131\u011f\u0131 prati\u011finde en do\u011fru \u015fekilde uygulanmas\u0131n\u0131 sa\u011flamak. Travma Y\u00f6netiminde multidisipliner yakla\u015f\u0131m\u0131n&hellip;<\/p>\n","protected":false},"author":1561,"featured_media":0,"parent":224,"menu_order":2,"comment_status":"closed","ping_status":"closed","template":"","meta":{"_acf_changed":false,"inline_featured_image":false,"_lmt_disableupdate":"","_lmt_disable":"","footnotes":""},"class_list":["post-227","page","type-page","status-publish","hentry"],"acf":[],"_links":{"self":[{"href":"https:\/\/tatd.org.tr\/travma\/wp-json\/wp\/v2\/pages\/227","targetHints":{"allow":["GET"]}}],"collection":[{"href":"https:\/\/tatd.org.tr\/travma\/wp-json\/wp\/v2\/pages"}],"about":[{"href":"https:\/\/tatd.org.tr\/travma\/wp-json\/wp\/v2\/types\/page"}],"author":[{"embeddable":true,"href":"https:\/\/tatd.org.tr\/travma\/wp-json\/wp\/v2\/users\/1561"}],"replies":[{"embeddable":true,"href":"https:\/\/tatd.org.tr\/travma\/wp-json\/wp\/v2\/comments?post=227"}],"version-history":[{"count":0,"href":"https:\/\/tatd.org.tr\/travma\/wp-json\/wp\/v2\/pages\/227\/revisions"}],"up":[{"embeddable":true,"href":"https:\/\/tatd.org.tr\/travma\/wp-json\/wp\/v2\/pages\/224"}],"wp:attachment":[{"href":"https:\/\/tatd.org.tr\/travma\/wp-json\/wp\/v2\/media?parent=227"}],"curies":[{"name":"wp","href":"https:\/\/api.w.org\/{rel}","templated":true}]}}