{"id":224,"date":"2021-10-17T23:04:20","date_gmt":"2021-10-17T20:04:20","guid":{"rendered":"https:\/\/tatd.org.tr\/template\/?page_id=5"},"modified":"2022-02-23T16:54:36","modified_gmt":"2022-02-23T13:54:36","slug":"hakkimizda","status":"publish","type":"page","link":"https:\/\/tatd.org.tr\/travma\/","title":{"rendered":"Hakk\u0131m\u0131zda"},"content":{"rendered":"<p>Travma t\u00fcm d\u00fcnyada oldu\u011fu gibi \u00fclkemizde de en \u00f6nemli mortalite ve morbidite sebeplerindendir. Travma y\u00f6netimi hastane \u00f6ncesi ambulans sistemlerinden ba\u015flayan ve acil servis bak\u0131m\u0131n\u0131 da i\u00e7eren ya\u015famsal tan\u0131 ve tedavi giri\u015fimlerini i\u00e7erir.<\/p>\n<p><strong>TATD Travma \u00c7al\u0131\u015fma Grubu <\/strong>travma ile ilgili uluslararas\u0131 geli\u015fmeleri takip etmek, klinik uygulamalardaki g\u00fcncel algoritmalar\u0131n uygulanmas\u0131n\u0131 yayg\u0131nla\u015ft\u0131rmak, acil servislerde \u00e7al\u0131\u015fan hekimlerin travma y\u00f6netimi konusunda bilgilendirilmesi ve bilin\u00e7lendirilmesini sa\u011flamak, travma y\u00f6netimi konusunda toplant\u0131lar, kurslar, seminer ve sempozyumlar d\u00fczenlemek, yurt d\u0131\u015f\u0131ndaki benzer ama\u00e7lar\u0131 olan dernek ve \u00e7al\u0131\u015fma gruplar\u0131yla ili\u015fkiler kurarak deneyim payla\u015f\u0131m\u0131 ger\u00e7ekle\u015ftirmek gibi ama\u00e7lar\u0131 ger\u00e7ekle\u015ftirmek i\u00e7in kurulmu\u015ftur.<\/p>\n<p><strong>TATD Travma \u00c7al\u0131\u015fma Grubu<\/strong>\u00a0i\u00e7erisinde \u00e7al\u0131\u015fmak ve etkinliklerde g\u00f6rev almak isteyen dernek \u00fcyelerimiz, TATD \u00fcye alan\u0131na \u015fifreleri ile giri\u015f yaparak \u201cHesab\u0131m\u201d k\u0131sm\u0131 \u201cG\u00f6revler\u201d sekmesinden \u00e7al\u0131\u015fmak istedikleri komisyon ve \u00e7al\u0131\u015fma gruplar\u0131n\u0131 se\u00e7mek suretiyle ilgili birimlerin Y\u00fcr\u00fctme Kurullar\u0131na taleplerini iletebilir ya da men\u00fcde yer alan ileti\u015fim sayfas\u0131ndaki bilgileri kullanarak kendilerine ula\u015fabilirler.<\/p>\n","protected":false},"excerpt":{"rendered":"<p>Travma t\u00fcm d\u00fcnyada oldu\u011fu gibi \u00fclkemizde de en \u00f6nemli mortalite ve morbidite sebeplerindendir. Travma y\u00f6netimi hastane \u00f6ncesi ambulans sistemlerinden ba\u015flayan ve acil&hellip;<\/p>\n","protected":false},"author":1561,"featured_media":0,"parent":0,"menu_order":0,"comment_status":"closed","ping_status":"closed","template":"","meta":{"_acf_changed":false,"inline_featured_image":false,"_lmt_disableupdate":"","_lmt_disable":"","footnotes":""},"class_list":["post-224","page","type-page","status-publish","hentry"],"acf":[],"_links":{"self":[{"href":"https:\/\/tatd.org.tr\/travma\/wp-json\/wp\/v2\/pages\/224","targetHints":{"allow":["GET"]}}],"collection":[{"href":"https:\/\/tatd.org.tr\/travma\/wp-json\/wp\/v2\/pages"}],"about":[{"href":"https:\/\/tatd.org.tr\/travma\/wp-json\/wp\/v2\/types\/page"}],"author":[{"embeddable":true,"href":"https:\/\/tatd.org.tr\/travma\/wp-json\/wp\/v2\/users\/1561"}],"replies":[{"embeddable":true,"href":"https:\/\/tatd.org.tr\/travma\/wp-json\/wp\/v2\/comments?post=224"}],"version-history":[{"count":0,"href":"https:\/\/tatd.org.tr\/travma\/wp-json\/wp\/v2\/pages\/224\/revisions"}],"wp:attachment":[{"href":"https:\/\/tatd.org.tr\/travma\/wp-json\/wp\/v2\/media?parent=224"}],"curies":[{"name":"wp","href":"https:\/\/api.w.org\/{rel}","templated":true}]}}