{"id":40,"date":"2021-09-21T14:14:45","date_gmt":"2021-09-21T11:14:45","guid":{"rendered":"https:\/\/tatd.org.tr\/tatdtoks\/?page_id=40"},"modified":"2021-09-21T14:14:45","modified_gmt":"2021-09-21T11:14:45","slug":"amac-ve-hedefler","status":"publish","type":"page","link":"https:\/\/tatd.org.tr\/toksikoloji\/homepage\/amac-ve-hedefler\/","title":{"rendered":"Ama\u00e7 ve Hedefler"},"content":{"rendered":"<ol>\n<li>Klinik toksikolojiye\u00a0\u00a0Acil T\u0131p bak\u0131\u015f a\u00e7\u0131s\u0131yla de\u011ferlendirme yaparak bu konuda e\u011fitim standartlar\u0131n\u0131 olu\u015fturmak,<\/li>\n<li>Klinik toksikoloji alan\u0131nda multidisipliner yakla\u015f\u0131mlar\u0131 olu\u015fturarak ilgili birimlerle\u00a0\u00a0birlikte Klinik Toksikoloji alan\u0131nda \u00e7al\u0131\u015fmalar yaparak gerekli veri bankas\u0131n\u0131n olu\u015fmas\u0131na ve y\u00f6netimine katk\u0131da bulunmak,<\/li>\n<li>Olu\u015fturulan\u00a0\u00a0\u00e7al\u0131\u015fma grubu ( Klinik toksikoloji e\u011fitmenleri,b\u00f6lge koordinat\u00f6rleri vb) arac\u0131l\u0131\u011f\u0131 ile e\u011fitici e\u011fitmenleri e\u011fitimleri yaparak \u00fclkemiz genelinde Temel ve \u0130leri Toksikoloji kurslar\u0131 d\u00fczenlemek. Ayr\u0131ca hem tan\u0131sal hem de tedaviye y\u00f6nelik k\u0131lavuzlar geli\u015ftirirerek g\u00fcncelleme yapmak,<\/li>\n<li>Klinik Toksikoloji alan\u0131nda bilgi ve beceriye sahip, ulusal ve uluslar aras\u0131 d\u00fczeyde bilimsel ara\u015ft\u0131rmalarla bilime katk\u0131da bulunan bilim adamlar\u0131 ve akademisyenlerin yeti\u015ftirilmesi konusunda destek olmak,<\/li>\n<li>Klinik toksikoloji alan\u0131nda deneyimli e\u011fitmenlerin olu\u015fmas\u0131na f\u0131rsat vermek i\u00e7in\u00a0\u00a0Acil T\u0131p alan\u0131nda ve\/veya multidisipliner yakla\u015f\u0131mla yandal\/y\u00fckseklisans a\u00e7\u0131lmas\u0131na y\u00f6nelik Sa\u011fl\u0131k Bakanl\u0131\u011f\u0131, \u00dcniversteraras\u0131 kurul ba\u015fkanl\u0131\u011f\u0131 vs ileti\u015fim ve giri\u015fimlerde bulunmak<\/li>\n<li>\u00c7evresel toksinler, kimyasal, biyolojik\u00a0\u00a0\u00a0zehirlenmeler konusunda ,sanayide\u00a0\u00a0i\u015fyerinde kar\u015f\u0131la\u015f\u0131lan toksik etkenler ve \u00fcr\u00fcn bilgileri y\u00f6n\u00fcnde dan\u0131\u015fmanl\u0131k yapmak,<\/li>\n<li>Toksikoloji ve zehirlenmeler konusunda sa\u011fl\u0131k personeli ve topluma \u00f6nemli hizmetlerde bulunan \u0130la\u00e7 ve Zehir Dan\u0131\u015fma Merkezlerinin i\u015flevinin ve i\u015fleyi\u015finin geli\u015ftirilmesi, zehirlenme istatistiklerinin \u00e7\u0131kar\u0131lmas\u0131 ve bu konudaki devlet politikalar\u0131n\u0131n geli\u015ftirilmesinde dan\u0131\u015fmanl\u0131k yapmak,<\/li>\n<li>Acil T\u0131p a\u00e7\u0131s\u0131ndan klinik toksikoloji alan\u0131nda pratik bilgiler i\u00e7eren\u00a0\u00a0ISSBN nolu ulusal , detayl\u0131\u00a0\u00a0ve g\u00fcncel bilgiler i\u00e7eren toksikoloji kitab\u0131 \u00e7\u0131karmakt\u0131r.<\/li>\n<\/ol>\n","protected":false},"excerpt":{"rendered":"<p>Klinik toksikolojiye\u00a0\u00a0Acil T\u0131p bak\u0131\u015f a\u00e7\u0131s\u0131yla de\u011ferlendirme yaparak bu konuda e\u011fitim standartlar\u0131n\u0131 olu\u015fturmak, Klinik toksikoloji alan\u0131nda multidisipliner yakla\u015f\u0131mlar\u0131 olu\u015fturarak ilgili birimlerle\u00a0\u00a0birlikte Klinik Toksikoloji&hellip;<\/p>\n","protected":false},"author":1599,"featured_media":0,"parent":2936,"menu_order":3,"comment_status":"closed","ping_status":"closed","template":"","meta":{"_acf_changed":false,"inline_featured_image":false,"_lmt_disableupdate":"","_lmt_disable":"","footnotes":""},"class_list":["post-40","page","type-page","status-publish","hentry"],"acf":[],"_links":{"self":[{"href":"https:\/\/tatd.org.tr\/toksikoloji\/wp-json\/wp\/v2\/pages\/40","targetHints":{"allow":["GET"]}}],"collection":[{"href":"https:\/\/tatd.org.tr\/toksikoloji\/wp-json\/wp\/v2\/pages"}],"about":[{"href":"https:\/\/tatd.org.tr\/toksikoloji\/wp-json\/wp\/v2\/types\/page"}],"author":[{"embeddable":true,"href":"https:\/\/tatd.org.tr\/toksikoloji\/wp-json\/wp\/v2\/users\/1599"}],"replies":[{"embeddable":true,"href":"https:\/\/tatd.org.tr\/toksikoloji\/wp-json\/wp\/v2\/comments?post=40"}],"version-history":[{"count":0,"href":"https:\/\/tatd.org.tr\/toksikoloji\/wp-json\/wp\/v2\/pages\/40\/revisions"}],"up":[{"embeddable":true,"href":"https:\/\/tatd.org.tr\/toksikoloji\/wp-json\/wp\/v2\/pages\/2936"}],"wp:attachment":[{"href":"https:\/\/tatd.org.tr\/toksikoloji\/wp-json\/wp\/v2\/media?parent=40"}],"curies":[{"name":"wp","href":"https:\/\/api.w.org\/{rel}","templated":true}]}}