{"id":3880,"date":"2024-11-06T15:39:16","date_gmt":"2024-11-06T12:39:16","guid":{"rendered":"https:\/\/tatd.org.tr\/toksikoloji\/?page_id=3880"},"modified":"2024-11-20T10:21:45","modified_gmt":"2024-11-20T07:21:45","slug":"yurutme-kurulu","status":"publish","type":"page","link":"https:\/\/tatd.org.tr\/toksikoloji\/homepage\/kurullar\/yurutme-kurulu\/","title":{"rendered":"Y\u00fcr\u00fctme Kurulu"},"content":{"rendered":"\n<figure class=\"wp-block-table\"><div class=\"pcrstb-wrap\"><table class=\"has-fixed-layout\"><tbody><tr><td>Ba\u015fkan<\/td><td>Prof. Dr. Ay\u00e7a A\u00e7\u0131kal\u0131n Akp\u0131nar<\/td><\/tr><tr><td>Genel Sekreter<\/td><td>Prof. Dr. Ataman K\u00f6se<\/td><\/tr><tr><td>Sosyal Medya Sorumlusu<\/td><td>Dr. \u00d6\u011fr. \u00dcyesi \u00d6mer Ta\u015fk\u0131n<\/td><\/tr><\/tbody><\/table><\/div><\/figure>\n\n\n\n<p><\/p>\n","protected":false},"excerpt":{"rendered":"<p>Ba\u015fkan Prof. Dr. Ay\u00e7a A\u00e7\u0131kal\u0131n Akp\u0131nar Genel Sekreter Prof. Dr. Ataman K\u00f6se Sosyal Medya Sorumlusu Dr. \u00d6\u011fr. \u00dcyesi \u00d6mer Ta\u015fk\u0131n<\/p>\n","protected":false},"author":4274,"featured_media":0,"parent":3295,"menu_order":0,"comment_status":"closed","ping_status":"closed","template":"","meta":{"_acf_changed":false,"inline_featured_image":false,"_lmt_disableupdate":"","_lmt_disable":"","footnotes":""},"class_list":["post-3880","page","type-page","status-publish","hentry"],"acf":[],"_links":{"self":[{"href":"https:\/\/tatd.org.tr\/toksikoloji\/wp-json\/wp\/v2\/pages\/3880","targetHints":{"allow":["GET"]}}],"collection":[{"href":"https:\/\/tatd.org.tr\/toksikoloji\/wp-json\/wp\/v2\/pages"}],"about":[{"href":"https:\/\/tatd.org.tr\/toksikoloji\/wp-json\/wp\/v2\/types\/page"}],"author":[{"embeddable":true,"href":"https:\/\/tatd.org.tr\/toksikoloji\/wp-json\/wp\/v2\/users\/4274"}],"replies":[{"embeddable":true,"href":"https:\/\/tatd.org.tr\/toksikoloji\/wp-json\/wp\/v2\/comments?post=3880"}],"version-history":[{"count":0,"href":"https:\/\/tatd.org.tr\/toksikoloji\/wp-json\/wp\/v2\/pages\/3880\/revisions"}],"up":[{"embeddable":true,"href":"https:\/\/tatd.org.tr\/toksikoloji\/wp-json\/wp\/v2\/pages\/3295"}],"wp:attachment":[{"href":"https:\/\/tatd.org.tr\/toksikoloji\/wp-json\/wp\/v2\/media?parent=3880"}],"curies":[{"name":"wp","href":"https:\/\/api.w.org\/{rel}","templated":true}]}}