{"id":34,"date":"2021-09-21T09:09:37","date_gmt":"2021-09-21T06:09:37","guid":{"rendered":"https:\/\/tatd.org.tr\/tatdtoks\/?page_id=34"},"modified":"2024-11-20T10:26:48","modified_gmt":"2024-11-20T07:26:48","slug":"tarihce","status":"publish","type":"page","link":"https:\/\/tatd.org.tr\/toksikoloji\/homepage\/tarihce\/","title":{"rendered":"Tarih\u00e7e"},"content":{"rendered":"<p>TATD Toksikoloji \u00c7G 28 Mart 2017&#8217;de kurulmu\u015f ve bu zamana kadar 2017 ve 2019 y\u0131llar\u0131nda olmak \u00fczere 2 kez y\u00fcr\u00fctme kurulu se\u00e7imi yap\u0131lm\u0131\u015ft\u0131r.<\/p>\n<div class=\"pcrstb-wrap\"><table style=\"border-collapse: collapse;width: 100%\" border=\"1\">\n<tbody>\n<tr>\n<td style=\"width: 10.1706%\"><strong>Kurulu\u015f Tarihi<\/strong><\/td>\n<td style=\"width: 22.3097%\">28 Mart 2017<\/td>\n<\/tr>\n<tr>\n<td style=\"width: 10.1706%\"><strong>Kurucu Ba\u015fkan<\/strong><\/td>\n<td style=\"width: 22.3097%\">Prof. Dr. Arzu Denizba\u015f\u0131<\/td>\n<\/tr>\n<\/tbody>\n<\/table><\/div>\n<p>&nbsp;<\/p>\n\n\n<figure class=\"wp-block-table is-style-stripes\"><div class=\"pcrstb-wrap\"><table class=\"has-fixed-layout\"><tbody><tr><td><strong>Ba\u015fkan<\/strong><\/td><td><strong>G\u00f6rev s\u00fcresi<\/strong><\/td><td><strong>Sekreter<\/strong><\/td><td><strong>G\u00f6rev s\u00fcresi<\/strong><\/td><\/tr><tr><td>Prof. Dr. Ay\u00e7a A\u00e7\u0131kal\u0131n Akp\u0131nar<\/td><td>2022-<\/td><td>Prof. Dr. Ataman K\u00f6se<\/td><td>2022-<\/td><\/tr><tr><td>Prof. Dr. Arzu Denizba\u015f\u0131<\/td><td>2021-2022<\/td><td>Do\u00e7. Dr. Sinan Karacabey<\/td><td>2021-2022<\/td><\/tr><tr><td>Prof. Dr. Arzu Denizba\u015f\u0131<\/td><td>2017-2019<\/td><td>Do\u00e7. Dr. Erkman Sanr\u0131<\/td><td>2017-2019<\/td><\/tr><tr><td>Prof. Dr. Zeynep Keke\u00e7<\/td><td>2017-2019<\/td><td><\/td><td><\/td><\/tr><tr><td>Prof. Dr. Arzu Denizba\u015f\u0131 (Kurucu)<\/td><td>28 Mart 2017<\/td><td>Do\u00e7. Dr. Erkman Sanr\u0131<\/td><td>28 Mart 2017<\/td><\/tr><tr><td><\/td><td><\/td><td><\/td><td><\/td><\/tr><\/tbody><\/table><\/div><\/figure>\n","protected":false},"excerpt":{"rendered":"<p>TATD Toksikoloji \u00c7G 28 Mart 2017&#8217;de kurulmu\u015f ve bu zamana kadar 2017 ve 2019 y\u0131llar\u0131nda olmak \u00fczere 2 kez y\u00fcr\u00fctme kurulu se\u00e7imi&hellip;<\/p>\n","protected":false},"author":1599,"featured_media":0,"parent":2936,"menu_order":1,"comment_status":"closed","ping_status":"closed","template":"","meta":{"_acf_changed":false,"inline_featured_image":false,"_lmt_disableupdate":"","_lmt_disable":"","footnotes":""},"class_list":["post-34","page","type-page","status-publish","hentry"],"acf":[],"_links":{"self":[{"href":"https:\/\/tatd.org.tr\/toksikoloji\/wp-json\/wp\/v2\/pages\/34","targetHints":{"allow":["GET"]}}],"collection":[{"href":"https:\/\/tatd.org.tr\/toksikoloji\/wp-json\/wp\/v2\/pages"}],"about":[{"href":"https:\/\/tatd.org.tr\/toksikoloji\/wp-json\/wp\/v2\/types\/page"}],"author":[{"embeddable":true,"href":"https:\/\/tatd.org.tr\/toksikoloji\/wp-json\/wp\/v2\/users\/1599"}],"replies":[{"embeddable":true,"href":"https:\/\/tatd.org.tr\/toksikoloji\/wp-json\/wp\/v2\/comments?post=34"}],"version-history":[{"count":0,"href":"https:\/\/tatd.org.tr\/toksikoloji\/wp-json\/wp\/v2\/pages\/34\/revisions"}],"up":[{"embeddable":true,"href":"https:\/\/tatd.org.tr\/toksikoloji\/wp-json\/wp\/v2\/pages\/2936"}],"wp:attachment":[{"href":"https:\/\/tatd.org.tr\/toksikoloji\/wp-json\/wp\/v2\/media?parent=34"}],"curies":[{"name":"wp","href":"https:\/\/api.w.org\/{rel}","templated":true}]}}