{"id":3257,"date":"2021-11-21T15:07:20","date_gmt":"2021-11-21T12:07:20","guid":{"rendered":"https:\/\/tatd.org.tr\/tatdtoks\/?page_id=3257"},"modified":"2021-11-21T23:22:34","modified_gmt":"2021-11-21T20:22:34","slug":"raporlar","status":"publish","type":"page","link":"https:\/\/tatd.org.tr\/toksikoloji\/homepage\/belgeler\/raporlar\/","title":{"rendered":"Raporlar"},"content":{"rendered":"<p>\u00c7al\u0131\u015fma Grubunun haz\u0131rlad\u0131\u011f\u0131 raporlara burada yer verilmektedir.<\/p>\n","protected":false},"excerpt":{"rendered":"<p>\u00c7al\u0131\u015fma Grubunun haz\u0131rlad\u0131\u011f\u0131 raporlara burada yer verilmektedir.<\/p>\n","protected":false},"author":1561,"featured_media":0,"parent":60,"menu_order":5,"comment_status":"closed","ping_status":"closed","template":"","meta":{"_acf_changed":false,"inline_featured_image":false,"_lmt_disableupdate":"","_lmt_disable":"","footnotes":""},"class_list":["post-3257","page","type-page","status-publish","hentry"],"acf":[],"_links":{"self":[{"href":"https:\/\/tatd.org.tr\/toksikoloji\/wp-json\/wp\/v2\/pages\/3257","targetHints":{"allow":["GET"]}}],"collection":[{"href":"https:\/\/tatd.org.tr\/toksikoloji\/wp-json\/wp\/v2\/pages"}],"about":[{"href":"https:\/\/tatd.org.tr\/toksikoloji\/wp-json\/wp\/v2\/types\/page"}],"author":[{"embeddable":true,"href":"https:\/\/tatd.org.tr\/toksikoloji\/wp-json\/wp\/v2\/users\/1561"}],"replies":[{"embeddable":true,"href":"https:\/\/tatd.org.tr\/toksikoloji\/wp-json\/wp\/v2\/comments?post=3257"}],"version-history":[{"count":0,"href":"https:\/\/tatd.org.tr\/toksikoloji\/wp-json\/wp\/v2\/pages\/3257\/revisions"}],"up":[{"embeddable":true,"href":"https:\/\/tatd.org.tr\/toksikoloji\/wp-json\/wp\/v2\/pages\/60"}],"wp:attachment":[{"href":"https:\/\/tatd.org.tr\/toksikoloji\/wp-json\/wp\/v2\/media?parent=3257"}],"curies":[{"name":"wp","href":"https:\/\/api.w.org\/{rel}","templated":true}]}}