{"id":2936,"date":"2021-04-07T13:31:31","date_gmt":"2021-04-07T10:31:31","guid":{"rendered":"https:\/\/tatd.org.tr\/tatdtoks\/?page_id=2"},"modified":"2021-11-21T21:41:56","modified_gmt":"2021-11-21T18:41:56","slug":"homepage","status":"publish","type":"page","link":"https:\/\/tatd.org.tr\/toksikoloji\/homepage\/","title":{"rendered":"Hakk\u0131m\u0131zda"},"content":{"rendered":"<div class=\"page-header\">\n<p><strong>TATD Toksikoloji \u00c7al\u0131\u015fma Grubu <\/strong>klinik toksikoloji alan\u0131n\u0131n Acil T\u0131bba ait bir yan dal haline gelmesi, bu alanda di\u011fer anabilim dallar\u0131 ile beraber ortak y\u00fcksek lisans ve doktora programlar\u0131 a\u00e7\u0131lmas\u0131 ana hedefiyle \u00dcniversiteleraras\u0131 Kurul Ba\u015fkanl\u0131\u011f\u0131 (\u00dcAK), TUKMOS ve Sa\u011fl\u0131k Bakanl\u0131\u011f\u0131 gibi kurumlarla beraber \u00e7al\u0131\u015fmak; belge, d\u00f6k\u00fcman, k\u0131lavuz gibi kaynaklar ile yeti\u015fmi\u015f insan kayna\u011f\u0131 \u00fcretmek amac\u0131yla 2017 y\u0131l\u0131nda kurulmu\u015ftur. Bu amaca y\u00f6nelik ad\u0131mlar olarak toksikoloji e\u011fitim standartlar\u0131n\u0131 olu\u015fturmakta, kaynak kitaplar ve k\u0131lavuzlar geli\u015ftirmekte, bilim adamlar\u0131 ve akademisyenlerin yeti\u015ftirilmesine destek olmaktad\u0131r.<\/p>\n<p><strong>TATD Toksikoloji \u00c7al\u0131\u015fma Grubu<\/strong>\u00a0i\u00e7erisinde \u00e7al\u0131\u015fmak ve etkinliklerde g\u00f6rev almak isteyen dernek \u00fcyelerimiz, TATD \u00fcye alan\u0131na \u015fifreleri ile giri\u015f yaparak \u201cHesab\u0131m\u201d k\u0131sm\u0131 \u201cG\u00f6revler\u201d sekmesinden \u00e7al\u0131\u015fmak istedikleri komisyon ve \u00e7al\u0131\u015fma gruplar\u0131n\u0131 se\u00e7mek suretiyle ilgili birimlerin Y\u00fcr\u00fctme Kurullar\u0131na taleplerini iletebilir ya da men\u00fcde yer alan ileti\u015fim sayfas\u0131ndaki bilgileri kullanarak kendilerine ula\u015fabilirler.<\/p>\n<\/div>\n","protected":false},"excerpt":{"rendered":"<p>TATD Toksikoloji \u00c7al\u0131\u015fma Grubu klinik toksikoloji alan\u0131n\u0131n Acil T\u0131bba ait bir yan dal haline gelmesi, bu alanda di\u011fer anabilim dallar\u0131 ile beraber&hellip;<\/p>\n","protected":false},"author":1599,"featured_media":0,"parent":0,"menu_order":0,"comment_status":"closed","ping_status":"closed","template":"","meta":{"_acf_changed":false,"inline_featured_image":false,"_lmt_disableupdate":"","_lmt_disable":"","footnotes":""},"class_list":["post-2936","page","type-page","status-publish","hentry"],"acf":[],"_links":{"self":[{"href":"https:\/\/tatd.org.tr\/toksikoloji\/wp-json\/wp\/v2\/pages\/2936","targetHints":{"allow":["GET"]}}],"collection":[{"href":"https:\/\/tatd.org.tr\/toksikoloji\/wp-json\/wp\/v2\/pages"}],"about":[{"href":"https:\/\/tatd.org.tr\/toksikoloji\/wp-json\/wp\/v2\/types\/page"}],"author":[{"embeddable":true,"href":"https:\/\/tatd.org.tr\/toksikoloji\/wp-json\/wp\/v2\/users\/1599"}],"replies":[{"embeddable":true,"href":"https:\/\/tatd.org.tr\/toksikoloji\/wp-json\/wp\/v2\/comments?post=2936"}],"version-history":[{"count":0,"href":"https:\/\/tatd.org.tr\/toksikoloji\/wp-json\/wp\/v2\/pages\/2936\/revisions"}],"wp:attachment":[{"href":"https:\/\/tatd.org.tr\/toksikoloji\/wp-json\/wp\/v2\/media?parent=2936"}],"curies":[{"name":"wp","href":"https:\/\/api.w.org\/{rel}","templated":true}]}}