{"id":2428,"date":"2021-10-14T16:19:24","date_gmt":"2021-10-14T13:19:24","guid":{"rendered":"https:\/\/tatd.org.tr\/tatdtoks\/?page_id=2428"},"modified":"2021-10-14T16:19:24","modified_gmt":"2021-10-14T13:19:24","slug":"klinik-toksikoloji","status":"publish","type":"page","link":"https:\/\/tatd.org.tr\/toksikoloji\/homepage\/klinik-toksikoloji\/","title":{"rendered":"Klinik Toksikoloji"},"content":{"rendered":"<h2><strong>Tan\u0131m\u00a0<\/strong><\/h2>\n<p>Klinik Toksikoloji, farmas\u00f6tik ajanlar ile i\u015fyeri ve ya\u015fad\u0131\u011f\u0131m\u0131z ortamdaki toksik maddelere kaza ile ya da kas\u0131tl\u0131 olarak maruz kalma sonucu ortaya \u00e7\u0131kan akut ve kronik zehirlenmelerin \u00f6nlenmesi, izlenmesi, de\u011ferlendirilmesi ve tedavisini kapsayan bir bilim dal\u0131d\u0131r. Bu bilim dal\u0131nda akut veya kronik olarak toksik bir maddeye maruz kalan ki\u015filerde ortaya \u00e7\u0131kan farmakokinetik ve farmakodinamik etkiler h\u00fccre d\u00fczeyinde ve klinik olarak ara\u015ft\u0131r\u0131lmaktad\u0131r.<\/p>\n<h2><strong>\u00d6nemi ve yeri<\/strong><\/h2>\n<p>Modern teknolojinin geli\u015fimiyle ya\u015fam\u0131m\u0131za giren yeni kimyasal maddeler ve farmas\u00f6tik \u00fcr\u00fcnler insano\u011flunu bu ajanlara ba\u011fl\u0131 toksik etkilere daha fazla maruz b\u0131rakmaktad\u0131r. Ayr\u0131ca bilgi \u00fcreten geli\u015fmi\u015f \u00fclkeler end\u00fcstriyel gereksinimlerini \u00fclkemiz gibi geli\u015fmekte olan \u00fclkelerden sa\u011flama yoluna giderek toplumumuzun end\u00fcstriyel at\u0131klara maruz kalmas\u0131 sonucu zehirlenme riskini art\u0131rmaktad\u0131r. Bu etkenlerin olu\u015fturdu\u011fu akut ve kronik toksik etkilerin \u00f6nlenebilmesi, tan\u0131 ve tedavilerinin rasyonel olarak yap\u0131labilmesi yan\u0131 s\u0131ra bu konuda uluslararas\u0131 bilime katk\u0131da bulunacak multidisipliner ara\u015ft\u0131rmalar\u0131n yap\u0131labilmesi \u201cKlinik Toksikoloji\u201d biliminin \u00a0geli\u015fmesi ile olas\u0131d\u0131r.<\/p>\n<p>Acil T\u0131p e\u011fitimi \u00f6zellikle Toksikoloji alan\u0131n\u0131 kapsayan pek \u00e7ok sorun ile ilgilenmektedir. Acil servislere gerek bireysel gerek de kitlesel olarak zehirlenmeye maruz kalm\u0131\u015f pek \u00e7ok vaka ba\u015fvurmaktad\u0131r. Asistanl\u0131k e\u011fitimi veren \u00a03. Basamak tedavi merkezi olan hastanelere hem sahadan hem de di\u011fer sa\u011fl\u0131k kurumlar\u0131ndan pek \u00e7ok toksik madde al\u0131m\u0131 vakas\u0131 gelmektedir. Ayr\u0131ca uzman d\u00fczeyinde 2. Basamaklara ba\u015fvuran hastalara da \u00f6ncelikle Acil T\u0131p uzmanlar\u0131 hizmet vermektedirler. Ba\u015fvuran hastalar Acil T\u0131p Kliniklerinde en son 2008 y\u0131l\u0131nda revize edilmi\u015f olan American Association of\u00a0<em>Poison<\/em>\u00a0Control Centers (AAPCC) kurallar\u0131na g\u00f6re ve \u00a0Sa\u011fl\u0131k Bakanl\u0131\u011f\u0131n\u0131n haz\u0131rlad\u0131\u011f\u0131 tedavi rehberlerine g\u00f6re tedavi edilmektedir. Hastalarda gerekli i\u015flemlerden sonra klinik durumuna g\u00f6re yat\u0131\u015f ve takip gerekmektedir. Bu hastalara ilk i\u015flemler s\u0131ras\u0131nda hangi maddeye maruz kald\u0131klar\u0131n\u0131 tespit etmek i\u00e7in ve daha sonra da maddenin v\u00fccuttan at\u0131l\u0131m\u0131n\u0131 ve eliminasyonu takip etmek i\u00e7in analizlerin yap\u0131lmas\u0131 da gerekmektedir. \u00a0Bu hastalar\u0131n tan\u0131 ve tedavisinde \u00f6nemli olan toksik analizlerin yap\u0131labilmesi \u00f6nemli bir referans merkezleri de kurulmas\u0131 gerekmektedir.<\/p>\n<p>Klinik Toksikoloji hem tan\u0131 ve hem de tedavi yap\u0131lmas\u0131 i\u00e7in birden disiplini ve geni\u015f altyap\u0131y\u0131 gerekli k\u0131lar. Ancak en \u00f6nemli unsur iyi e\u011fitim alm\u0131\u015f ve toksikoloji konusunda klinik birikimi olan hekim yeti\u015ftirmektir. \u015eu anda yurtd\u0131\u015f\u0131ndaki e\u011fitim modellerinin aksine T\u00fcrkiye\u2019 de Acil T\u0131p e\u011fitimi yan dal olarak hen\u00fcz Klinik Toksikolojiyi kapsamamaktad\u0131r. Ancak k\u0131sa bir zaman i\u00e7inde ba\u015fvurular\u0131m\u0131z ve gayretlerimizle bu hedefe de ula\u015fmay\u0131 planl\u0131yoruz.<\/p>\n<p>T\u00fcrkiye Acil T\u0131p Derne\u011fi ilk hedef olarak t\u00fcm e\u011fitim veren kurumlarda acil t\u0131p uzmanl\u0131\u011f\u0131 e\u011fitim standartlar\u0131n\u0131 olu\u015fturmak, standardize etmek ve bunlar\u0131 en \u00fcst seviyeye \u00e7\u0131karmak ve acil sa\u011fl\u0131k hizmeti veren kurum ve kurulu\u015flarda kaliteli ve standart acil sa\u011fl\u0131k hizmeti sunumunu sa\u011flamak ama\u00e7lar\u0131yla kurulmu\u015f herhangi bir kar amac\u0131 g\u00fctmeyen tamamen hizmet odakl\u0131 bir uzmanl\u0131k derne\u011fidir. Klinik Toksikoloji \u00c7al\u0131\u015fma Grubunun kurulma amac\u0131 uzmanl\u0131k e\u011fitimi s\u0131ras\u0131nda ve sonras\u0131nda kar\u015f\u0131la\u015f\u0131lan toksikoloji olgular\u0131n\u0131n tan\u0131, tedavi ve dok\u00fcmantasyon hizmetlerini kaliteli bir seviyeye \u00e7\u0131karmakt\u0131r.<\/p>\n<h2><strong>D\u00fcnyada ve T\u00fcrkiye\u2019de Klinik Toksikoloji\u00a0<\/strong><\/h2>\n<p>Klinik Toksikoloji\u2019nin d\u00fcnyada, \u00f6zellikle de Amerika Birle\u015fik Devletlerinde (ABD) \u00e7ok say\u0131da \u00f6rnekleri bulunmaktad\u0131r. ABD\u2019de Klinik Toksikoloji Yan Dal Uzmanl\u0131\u011f\u0131 T\u0131pta Uzmanl\u0131k E\u011fitimi Akreditasyon Kurulu (Accredition Council for Graduate Medical Education) taraf\u0131ndan 1998 y\u0131l\u0131nda resmi olarak kabul edilmi\u015f ve o tarihten bu yana resmi olarak Klinik Toksikoloji yan dal uzmanl\u0131\u011f\u0131 verilmektedir. Avrupa\u2019da da Farmakoloji Anabilim Dallar\u0131 i\u00e7inde, Zehir Dan\u0131\u015fma Merkezleriyle birlikte \u00e7al\u0131\u015fan, Klinik Farmakoloji ile birlikte ya da ayr\u0131 olarak Klinik Toksikoloji\u201d b\u00f6l\u00fcmleri yer almaktad\u0131r. T\u00fcrkiye\u2019de ise \u201cKlinik Toksikoloji\u201d bilim dal\u0131 ilk \u00f6rnek olacakt\u0131r. Ancak 2005 y\u0131l\u0131nda T\u00fcrk Farmakoloji Derne\u011fi i\u00e7inde Klinik Toksikoloji \u00c7al\u0131\u015fma Grubu kurulmu\u015f ve bu grup bilimsel aktivitelerini s\u00fcrd\u00fcrmektedir. T\u00fcrk Farmakoloji Derme\u011fi Klinik Toksikoloji \u00c7al\u0131\u015fma Grubu Y\u00fcr\u00fctme Kurulu Ba\u015fkanl\u0131\u011f\u0131n\u0131 Prof. Dr. Atilla Karaalp \u00a0yapmaktad\u0131r.<\/p>\n","protected":false},"excerpt":{"rendered":"<p>Tan\u0131m\u00a0 Klinik Toksikoloji, farmas\u00f6tik ajanlar ile i\u015fyeri ve ya\u015fad\u0131\u011f\u0131m\u0131z ortamdaki toksik maddelere kaza ile ya da kas\u0131tl\u0131 olarak maruz kalma sonucu ortaya&hellip;<\/p>\n","protected":false},"author":1599,"featured_media":0,"parent":2936,"menu_order":9,"comment_status":"closed","ping_status":"closed","template":"","meta":{"_acf_changed":false,"inline_featured_image":false,"_lmt_disableupdate":"","_lmt_disable":"","footnotes":""},"class_list":["post-2428","page","type-page","status-publish","hentry"],"acf":[],"_links":{"self":[{"href":"https:\/\/tatd.org.tr\/toksikoloji\/wp-json\/wp\/v2\/pages\/2428","targetHints":{"allow":["GET"]}}],"collection":[{"href":"https:\/\/tatd.org.tr\/toksikoloji\/wp-json\/wp\/v2\/pages"}],"about":[{"href":"https:\/\/tatd.org.tr\/toksikoloji\/wp-json\/wp\/v2\/types\/page"}],"author":[{"embeddable":true,"href":"https:\/\/tatd.org.tr\/toksikoloji\/wp-json\/wp\/v2\/users\/1599"}],"replies":[{"embeddable":true,"href":"https:\/\/tatd.org.tr\/toksikoloji\/wp-json\/wp\/v2\/comments?post=2428"}],"version-history":[{"count":0,"href":"https:\/\/tatd.org.tr\/toksikoloji\/wp-json\/wp\/v2\/pages\/2428\/revisions"}],"up":[{"embeddable":true,"href":"https:\/\/tatd.org.tr\/toksikoloji\/wp-json\/wp\/v2\/pages\/2936"}],"wp:attachment":[{"href":"https:\/\/tatd.org.tr\/toksikoloji\/wp-json\/wp\/v2\/media?parent=2428"}],"curies":[{"name":"wp","href":"https:\/\/api.w.org\/{rel}","templated":true}]}}