{"id":2422,"date":"2021-10-14T16:16:14","date_gmt":"2021-10-14T13:16:14","guid":{"rendered":"https:\/\/tatd.org.tr\/tatdtoks\/?page_id=2422"},"modified":"2025-09-19T11:11:08","modified_gmt":"2025-09-19T08:11:08","slug":"egitmenler","status":"publish","type":"page","link":"https:\/\/tatd.org.tr\/toksikoloji\/homepage\/kurullar\/egitmenler\/","title":{"rendered":"E\u011fitmenler"},"content":{"rendered":"\n<figure class=\"wp-block-table\"><div class=\"pcrstb-wrap\"><table class=\"has-fixed-layout\"><tbody><tr><td>Prof. Dr. Arzu Denizba\u015f\u0131<\/td><td>Marmara \u00dcniversitesi Pendik E\u011fitim ve Ara\u015ft\u0131rma Hastanesi Acil T\u0131p Anabilim Dal\u0131<\/td><\/tr><tr><td>Prof. Dr. Ataman K\u00f6se<\/td><td>Mersin \u00dcniversitesi T\u0131p Fak\u00fcltesi Acil T\u0131p Anabilim Dal\u0131<\/td><\/tr><tr><td>Prof. Dr. Ay\u00e7a A\u00e7\u0131kal\u0131n Akp\u0131nar<\/td><td>\u00c7ukurova \u00dcniversitesi T\u0131p Fak\u00fcltesi Acil T\u0131p Anabilim Dal\u0131<\/td><\/tr><tr><td>Prof. Dr. Ayhan \u00d6zhasenekler<\/td><td>Ankara \u015eehir Hastanesi Acil T\u0131p Klini\u011fi<\/td><\/tr><tr><td>Prof. Dr. Cuma Y\u0131ld\u0131r\u0131m<\/td><td>Gaziantep \u00dcniversitesi \u015eahinbey Ara\u015ft\u0131rma ve Uygulama Hastanesi Acil T\u0131p Anabilim Dal\u0131<\/td><\/tr><tr><td>Prof. Dr. Mehtap Bulut<\/td><td>\u0130stanbul Medipol \u00dcniversitesi T\u0131p Fak\u00fcltesi Acil T\u0131p Anabilim Dal\u0131<\/td><\/tr><tr><td>Prof. Dr. M\u00fcge G\u00fcnalp Eneyli<\/td><td>Ankara \u00dcniversitesi T\u0131p Fak\u00fcltesi Acil T\u0131p Anabilim Dal\u0131<\/td><\/tr><tr><td>Prof. Dr. Okhan Akdur<\/td><td>\u00c7anakkale Onsekiz Mart \u00dcniversitesi T\u0131p Fak\u00fcltesi Acil T\u0131p Anabilim Dal\u0131<\/td><\/tr><tr><td>Prof. Dr. \u00d6zlem K\u00f6ksal<\/td><td>Uluda\u011f \u00dcniversitesi T\u0131p Fak\u00fcltesi Acil T\u0131p Anabilim Dal\u0131<\/td><\/tr><tr><td>Prof. Dr. Serkan Emre Ero\u011flu<\/td><td>\u00dcmraniye E\u011fitim ve Ara\u015ft\u0131rma Hastanesi, Acil T\u0131p Klini\u011fi<\/td><\/tr><tr><td>Prof. Dr. Seyran Bozkurt<\/td><td>Mersin \u00dcniversitesi T\u0131p Fak\u00fcltesi Acil T\u0131p Anabilim Dal\u0131<\/td><\/tr><tr><td>Prof. Dr. Sezgin Sar\u0131kaya<\/td><td>Yeditepe \u00dcniversitesi T\u0131p Fak\u00fcltesi Acil T\u0131p Anabilim Dal\u0131<\/td><\/tr><tr><td>Prof. Dr. Zeynep Keke\u00e7<\/td><td>\u00c7ukurova \u00dcniversitesi T\u0131p Fak\u00fcltesi Acil T\u0131p Anabilim Dal\u0131<\/td><\/tr><tr><td>Do\u00e7. Dr. Ali Kemal Erenler<\/td><td>\u00c7orum Hitit \u00dcniversitesi T\u0131p Fak\u00fcltesi Acil T\u0131p Anabilim Dal\u0131<\/td><\/tr><tr><td>Do\u00e7. Dr. Aynur \u015eahin<\/td><td>\u0130stanbul Ba\u015fak\u015fehir \u00c7am ve Sakura \u015eehir Hastanesi Acil T\u0131p Klini\u011fi<\/td><\/tr><tr><td>Do\u00e7. Dr. Can Akta\u015f<\/td><td>Ko\u00e7 \u00dcniversitesi T\u0131p Fak\u00fcltesi Acil T\u0131p Anabilim Dal\u0131<\/td><\/tr><tr><td>Do\u00e7. Dr. Canan Akman<\/td><td>\u00c7anakkale Onsekiz Mart \u00dcniversitesi T\u0131p Fak\u00fcltesi Acil T\u0131p Anabilim Dal\u0131<\/td><\/tr><tr><td>Do\u00e7. Dr. Cem Ertan<\/td><td>Medikal Park \u0130zmir Hastanesi Acil Servis<\/td><\/tr><tr><td>Do\u00e7. Dr. Erdal Yavuz<\/td><td>Ad\u0131yaman \u00dcniversitesi T\u0131p Fak\u00fcltesi Acil T\u0131p Anabilim Dal\u0131<\/td><\/tr><tr><td>Do\u00e7. Dr. Erdem \u00c7evik<\/td><td>Sultan Abd\u00fclhamid Han E\u011fitim ve Ara\u015ft\u0131rma Hastanesi Acil T\u0131p Klini\u011fi<\/td><\/tr><tr><td>Do\u00e7. Dr. Erkman Sanr\u0131<\/td><td>Marmara \u00dcniversitesi Pendik E\u011fitim ve Ara\u015ft\u0131rma Hastanesi Acil T\u0131p Anabilim Dal\u0131<\/td><\/tr><tr><td>Do\u00e7. Dr. Feriyde \u00c7al\u0131\u015fkan<\/td><td>Tepecik E\u011fitim ve Ara\u015ft\u0131rma Hastanesi Acil T\u0131p Klini\u011fi<\/td><\/tr><tr><td>Do\u00e7. Dr. G\u00fclhan Kurto\u011flu<\/td><td>Ankara \u015eehir Hastanesi Acil T\u0131p Klini\u011fi<\/td><\/tr><tr><td>Do\u00e7. Dr. \u0130smail Alt\u0131ntop<\/td><td>Kayseri \u015eehir Hastanesi Acil T\u0131p Klini\u011fi, Kayseri Devlet Hastanesi Ba\u015fhekim<\/td><\/tr><tr><td>Do\u00e7. Dr. Murat Da\u015f<\/td><td>\u00c7anakkale&nbsp;<span lang=\"tr\">Onsekiz Mart \u00dcniversitesi T\u0131p Fak\u00fcltesi Acil T\u0131p Anabilim Dal\u0131<\/span><\/td><\/tr><tr><td>Do\u00e7. Dr. M\u00fcge G\u00fclen<\/td><td>Adana \u015eehir E\u011fitim ve Ara\u015ft\u0131rma Hastanesi Acil T\u0131p Klini\u011fi<\/td><\/tr><tr><td>Do\u00e7. Dr. Nezihat Rana Di\u015fel<\/td><td>\u00c7ukurova \u00dcniversitesi T\u0131p Fak\u00fcltesi Acil T\u0131p Anabilim Dal\u0131<\/td><\/tr><tr><td>Do\u00e7. Dr. Nalan Kozac\u0131<\/td><td>Antalya E\u011fitim ve Ara\u015ft\u0131rma Hastanesi Acil T\u0131p Klini\u011fi<\/td><\/tr><tr><td>Do\u00e7. Dr. \u00d6zlem Dikme<\/td><td>\u0130stanbul E\u011fitim ve Ara\u015ft\u0131rma Hastanesi Acil T\u0131p Anabilim Dal\u0131<\/td><\/tr><tr><td>Do\u00e7. Dr. Ramazan K\u00f6yl\u00fc<\/td><td>Sa\u011fl\u0131k Bilimleri \u00dcniversitesi Konya SUAM Acil T\u0131p Klini\u011fi E\u011fitim Sorumlusu<\/td><\/tr><tr><td>Do\u00e7. Dr. R\u0131dvan Atilla<\/td><td>Dokuz Eyl\u00fcl \u00dcniversitesi T\u0131p Fak\u00fcltesi Acil T\u0131p Anabilim Dal\u0131<\/td><\/tr><tr><td>Do\u00e7. Dr. Sinan Karacabey<\/td><td>Marmara \u00dcniversitesi Pendik E\u011fitim ve Ara\u015ft\u0131rma Hastanesi Acil T\u0131p Anabilim Dal\u0131<\/td><\/tr><tr><td>Dr. \u00d6\u011fr. \u00dcy. Akif Yarka\u00e7<\/td><td>Mersin \u00dcniversitesi T\u0131p Fak\u00fcltesi Acil T\u0131p Anabilim Dal\u0131<\/td><\/tr><tr><td>Dr. \u00d6\u011fr. \u00dcy. Cem \u015eim\u015fek<\/td><td>Yeditepe \u00dcniversitesi T\u0131p Fak\u00fcltesi Acil T\u0131p Anabilim Dal\u0131<\/td><\/tr><tr><td>Dr. \u00d6\u011fr. \u00dcy. Eray \u00c7elikt\u00fcrk<\/td><td>\n<div dir=\"ltr\"><span lang=\"tr\">Trakya \u00dcniversitesi T\u0131p Fak\u00fcltesi Acil T\u0131p Anabilim Dal\u0131<br>\n<\/span><\/div>\n<\/td><\/tr><tr><td>Dr. \u00d6\u011fr. \u00dcy. K\u0131van\u00e7 Karaman<\/td><td>S\u00fcleyman Demirel \u00dcniversitesi T\u0131p Fak\u00fcltesi Acil T\u0131p Anabilim Dal\u0131<\/td><\/tr><tr><td>Dr. \u00d6\u011fr. \u00dcy. M. Ferudun \u00c7elikmen<\/td><td>Yeditepe \u00dcniversitesi T\u0131p Fak\u00fcltesi Acil T\u0131p Anabilim Dal\u0131<\/td><\/tr><tr><td>Dr. \u00d6\u011fr. \u00dcy. Mustafa Sabak<\/td><td>Gaziantep \u00dcniversitesi T\u0131p Fak\u00fcltesi Acil T\u0131p Anabilim Dal\u0131<\/td><\/tr><tr><td>Dr. \u00d6\u011fr. \u00dcy. G\u00fcltekin Kad\u0131<\/td><td>Gazi \u00dcniversitesi T\u0131p Fak\u00fcltesi Acil T\u0131p Anabilim Dal\u0131<\/td><\/tr><tr><td>Dr. \u00d6\u011fr. \u00dcy. Satuk Bu\u011fra Han Bozatl\u0131<\/td><td>\n<div>\n<div dir=\"ltr\"><span lang=\"tr\">Trakya \u00dcniversitesi T\u0131p Fak\u00fcltesi Acil T\u0131p Anabilim Dal\u0131.<\/span><\/div>\n<\/div>\n<\/td><\/tr><tr><td>Dr. \u00d6\u011fr. \u00dcy. \u015eenol Ard\u0131\u00e7<\/td><td>SB\u00dc Trabzon Kanuni E\u011fitim ve Ara\u015ft\u0131rma Hastanesi Acil T\u0131p Klini\u011fi<\/td><\/tr><tr><td>Dr. \u00d6\u011fr. \u00dcy. \u00d6mer Ta\u015fk\u0131n<\/td><td>\u00c7ukurova \u00dcniversitesi T\u0131p Fak\u00fcltesi Acil T\u0131p Anabilim Dal\u0131<\/td><\/tr><tr><td>Uzm. Dr. Elif \u00d6zt\u00fcrk \u0130nce<\/td><td>Hacettepe \u00dcniversitesi T\u0131p Fak\u00fcltesi Acil T\u0131p Anabilim Dal\u0131<\/td><\/tr><tr><td>Uzm. Dr. Emre Kudu<\/td><td>Marmara \u00dcniversitesi Pendik E\u011fitim ve Ara\u015ft\u0131rma Hastanesi Acil T\u0131p Anabilim Dal\u0131<\/td><\/tr><tr><td>Uzm. Dr. Kaan Poyraz<\/td><td>Ad\u0131yaman E\u011fitim ve Ara\u015ft\u0131rma Hastanesi, Acil T\u0131p Klini\u011fi<\/td><\/tr><tr><td>Uzm. Dr. S. Nihal Toprak<\/td><td>Toros Devlet Hastanesi Acil Servis<\/td><\/tr><tr><td>Uzm. Dr. S\u00fcveyda Ye\u015filaras<\/td><td>\u0130zmir Medicalpark Hastanesi<\/td><\/tr><\/tbody><\/table><\/div><\/figure>\n","protected":false},"excerpt":{"rendered":"<p>Prof. Dr. Arzu Denizba\u015f\u0131 Marmara \u00dcniversitesi Pendik E\u011fitim ve Ara\u015ft\u0131rma Hastanesi Acil T\u0131p Anabilim Dal\u0131 Prof. Dr. Ataman K\u00f6se Mersin \u00dcniversitesi T\u0131p&hellip;<\/p>\n","protected":false},"author":1599,"featured_media":0,"parent":3295,"menu_order":3,"comment_status":"closed","ping_status":"closed","template":"","meta":{"_acf_changed":false,"inline_featured_image":false,"_lmt_disableupdate":"","_lmt_disable":"","footnotes":""},"class_list":["post-2422","page","type-page","status-publish","hentry"],"acf":[],"_links":{"self":[{"href":"https:\/\/tatd.org.tr\/toksikoloji\/wp-json\/wp\/v2\/pages\/2422","targetHints":{"allow":["GET"]}}],"collection":[{"href":"https:\/\/tatd.org.tr\/toksikoloji\/wp-json\/wp\/v2\/pages"}],"about":[{"href":"https:\/\/tatd.org.tr\/toksikoloji\/wp-json\/wp\/v2\/types\/page"}],"author":[{"embeddable":true,"href":"https:\/\/tatd.org.tr\/toksikoloji\/wp-json\/wp\/v2\/users\/1599"}],"replies":[{"embeddable":true,"href":"https:\/\/tatd.org.tr\/toksikoloji\/wp-json\/wp\/v2\/comments?post=2422"}],"version-history":[{"count":0,"href":"https:\/\/tatd.org.tr\/toksikoloji\/wp-json\/wp\/v2\/pages\/2422\/revisions"}],"up":[{"embeddable":true,"href":"https:\/\/tatd.org.tr\/toksikoloji\/wp-json\/wp\/v2\/pages\/3295"}],"wp:attachment":[{"href":"https:\/\/tatd.org.tr\/toksikoloji\/wp-json\/wp\/v2\/media?parent=2422"}],"curies":[{"name":"wp","href":"https:\/\/api.w.org\/{rel}","templated":true}]}}