{"id":2419,"date":"2021-10-14T16:14:15","date_gmt":"2021-10-14T13:14:15","guid":{"rendered":"https:\/\/tatd.org.tr\/tatdtoks\/?page_id=2419"},"modified":"2021-11-21T23:23:57","modified_gmt":"2021-11-21T20:23:57","slug":"bolge-koordinatorleri","status":"publish","type":"page","link":"https:\/\/tatd.org.tr\/toksikoloji\/homepage\/kurullar\/bolge-koordinatorleri\/","title":{"rendered":"B\u00f6lge Koordinat\u00f6rleri"},"content":{"rendered":"<div class=\"page-header\"><\/div>\n<div class=\"row-fluid\">\n<div class=\"span12\">\n<div class=\"pcrstb-wrap\"><table style=\"border-collapse: collapse;width: 100%\" border=\"1\">\n<tbody>\n<tr>\n<td style=\"width: 48.1287%\">\u0130stanbul B\u00f6lgesi<\/td>\n<td style=\"width: 51.8056%\">Prof. Dr. Arzu Denizba\u015f\u0131<\/td>\n<\/tr>\n<tr>\n<td style=\"width: 48.1287%\">G\u00fcney Marmara B\u00f6lgesi<\/td>\n<td style=\"width: 51.8056%\">Do\u00e7. Dr. \u00d6zlem K\u00f6ksal<\/td>\n<\/tr>\n<tr>\n<td style=\"width: 48.1287%\">Ege B\u00f6lgesi<\/td>\n<td style=\"width: 51.8056%\">Do\u00e7. Dr. Cem Ertan<\/td>\n<\/tr>\n<tr>\n<td style=\"width: 48.1287%\">Orta Karadeniz B\u00f6lgesi<\/td>\n<td style=\"width: 51.8056%\">Do\u00e7. Dr. Ali Kemal Erenler<\/td>\n<\/tr>\n<tr>\n<td style=\"width: 48.1287%\">Do\u011fu Akdeniz B\u00f6lgesi<\/td>\n<td style=\"width: 51.8056%\">Prof. Dr. Ay\u00e7a A\u00e7\u0131kal\u0131n Akp\u0131nar<\/td>\n<\/tr>\n<tr>\n<td style=\"width: 48.1287%\">Do\u011fu Karadeniz B\u00f6lgesi<\/td>\n<td style=\"width: 51.8056%\">Dr. \u00d6\u011fr. \u00dcy. \u015eenol Ard\u0131\u00e7<\/td>\n<\/tr>\n<tr>\n<td style=\"width: 48.1287%\">G\u00fcney Do\u011fu Anadolu B\u00f6lgesi<\/td>\n<td style=\"width: 51.8056%\">Uzm. Dr. Kaan Poyraz<\/td>\n<\/tr>\n<tr>\n<td style=\"width: 48.1287%\">Bat\u0131 Akdeniz B\u00f6lgesi<\/td>\n<td style=\"width: 51.8056%\">Do\u00e7. Dr. Nalan Kozac\u0131<\/td>\n<\/tr>\n<\/tbody>\n<\/table><\/div>\n<\/div>\n<\/div>\n","protected":false},"excerpt":{"rendered":"<p>\u0130stanbul B\u00f6lgesi Prof. Dr. Arzu Denizba\u015f\u0131 G\u00fcney Marmara B\u00f6lgesi Do\u00e7. Dr. \u00d6zlem K\u00f6ksal Ege B\u00f6lgesi Do\u00e7. Dr. Cem Ertan Orta Karadeniz B\u00f6lgesi&hellip;<\/p>\n","protected":false},"author":1599,"featured_media":0,"parent":3295,"menu_order":2,"comment_status":"closed","ping_status":"closed","template":"","meta":{"_acf_changed":false,"inline_featured_image":false,"_lmt_disableupdate":"","_lmt_disable":"","footnotes":""},"class_list":["post-2419","page","type-page","status-publish","hentry"],"acf":[],"_links":{"self":[{"href":"https:\/\/tatd.org.tr\/toksikoloji\/wp-json\/wp\/v2\/pages\/2419","targetHints":{"allow":["GET"]}}],"collection":[{"href":"https:\/\/tatd.org.tr\/toksikoloji\/wp-json\/wp\/v2\/pages"}],"about":[{"href":"https:\/\/tatd.org.tr\/toksikoloji\/wp-json\/wp\/v2\/types\/page"}],"author":[{"embeddable":true,"href":"https:\/\/tatd.org.tr\/toksikoloji\/wp-json\/wp\/v2\/users\/1599"}],"replies":[{"embeddable":true,"href":"https:\/\/tatd.org.tr\/toksikoloji\/wp-json\/wp\/v2\/comments?post=2419"}],"version-history":[{"count":0,"href":"https:\/\/tatd.org.tr\/toksikoloji\/wp-json\/wp\/v2\/pages\/2419\/revisions"}],"up":[{"embeddable":true,"href":"https:\/\/tatd.org.tr\/toksikoloji\/wp-json\/wp\/v2\/pages\/3295"}],"wp:attachment":[{"href":"https:\/\/tatd.org.tr\/toksikoloji\/wp-json\/wp\/v2\/media?parent=2419"}],"curies":[{"name":"wp","href":"https:\/\/api.w.org\/{rel}","templated":true}]}}