{"id":504,"date":"2026-03-14T21:17:30","date_gmt":"2026-03-14T21:17:30","guid":{"rendered":"https:\/\/tatd.org.tr\/tipbayramikosusu\/?page_id=504"},"modified":"2026-03-14T21:17:31","modified_gmt":"2026-03-14T21:17:31","slug":"minik-kasifler-orman-oyunlari","status":"publish","type":"page","link":"https:\/\/tatd.org.tr\/tipbayramikosusu\/minik-kasifler-orman-oyunlari\/","title":{"rendered":"Minik Ka\u015fifler Orman Oyunlar\u0131"},"content":{"rendered":"\n<p>\ud83c\udf32 Minik ka\u015fifleri do\u011fayla bulu\u015fturuyoruz!<\/p>\n\n\n\n<p>T\u00fcrkiye Acil T\u0131p Derne\u011fi ve T\u00fcrkiye Ormanc\u0131lar Derne\u011fi i\u015f birli\u011fiyle d\u00fczenlenen Orman Oyunlar\u0131 etkinli\u011finde \u00e7ocuklar hem e\u011flenecek hem \u00f6\u011frenecek.<\/p>\n\n\n\n<p>\ud83d\udc3f h\u0131z oyunlar\u0131<br>\ud83d\udd0e do\u011fa dedektifli\u011fi<br>\ud83c\udf81 s\u00fcrpriz hediyeler<\/p>\n\n\n\n<p>\ud83c\udfc65-10 ya\u015f aras\u0131 t\u00fcm \u00e7ocuklar\u0131m\u0131z davetlidir.<br>\ud83d\udcc5 29 Mart 2026<br>\u23f0 10:00<br>\ud83d\udccd Do\u011fal Ya\u015fam ve Atat\u00fcrk \u00c7ocuklar\u0131 Park\u0131<\/p>\n\n\n\n<p>Kontenjan s\u0131n\u0131rl\u0131d\u0131r, \u00f6n ba\u015fvuru gereklidir. \u00d6n ba\u015fvurular i\u00e7in ;<\/p>\n\n\n\n<p>\ud83d\udce9 tod1924@ormancilardernegi.org<br>\ud83d\udcf1 0554 112 1924<\/p>\n","protected":false},"excerpt":{"rendered":"<p>\ud83c\udf32 Minik ka\u015fifleri do\u011fayla bulu\u015fturuyoruz! T\u00fcrkiye Acil T\u0131p Derne\u011fi ve T\u00fcrkiye Ormanc\u0131lar Derne\u011fi i\u015f birli\u011fiyle d\u00fczenlenen Orman Oyunlar\u0131 etkinli\u011finde \u00e7ocuklar hem e\u011flenecek hem \u00f6\u011frenecek. \ud83d\udc3f h\u0131z oyunlar\u0131\ud83d\udd0e do\u011fa dedektifli\u011fi\ud83c\udf81 s\u00fcrpriz&hellip;<\/p>\n","protected":false},"author":3933,"featured_media":0,"parent":0,"menu_order":0,"comment_status":"closed","ping_status":"closed","template":"","meta":{"_acf_changed":false,"inline_featured_image":false,"_lmt_disableupdate":"","_lmt_disable":"","footnotes":""},"class_list":["post-504","page","type-page","status-publish","hentry"],"acf":[],"_links":{"self":[{"href":"https:\/\/tatd.org.tr\/tipbayramikosusu\/wp-json\/wp\/v2\/pages\/504","targetHints":{"allow":["GET"]}}],"collection":[{"href":"https:\/\/tatd.org.tr\/tipbayramikosusu\/wp-json\/wp\/v2\/pages"}],"about":[{"href":"https:\/\/tatd.org.tr\/tipbayramikosusu\/wp-json\/wp\/v2\/types\/page"}],"author":[{"embeddable":true,"href":"https:\/\/tatd.org.tr\/tipbayramikosusu\/wp-json\/wp\/v2\/users\/3933"}],"replies":[{"embeddable":true,"href":"https:\/\/tatd.org.tr\/tipbayramikosusu\/wp-json\/wp\/v2\/comments?post=504"}],"version-history":[{"count":0,"href":"https:\/\/tatd.org.tr\/tipbayramikosusu\/wp-json\/wp\/v2\/pages\/504\/revisions"}],"wp:attachment":[{"href":"https:\/\/tatd.org.tr\/tipbayramikosusu\/wp-json\/wp\/v2\/media?parent=504"}],"curies":[{"name":"wp","href":"https:\/\/api.w.org\/{rel}","templated":true}]}}