{"id":501,"date":"2026-02-09T18:45:56","date_gmt":"2026-02-09T18:45:56","guid":{"rendered":"https:\/\/tatd.org.tr\/tipbayramikosusu\/?page_id=501"},"modified":"2026-02-09T18:47:20","modified_gmt":"2026-02-09T18:47:20","slug":"sik-sorulan-sorular","status":"publish","type":"page","link":"https:\/\/tatd.org.tr\/tipbayramikosusu\/sik-sorulan-sorular\/","title":{"rendered":"S\u0131k Sorulan Sorular"},"content":{"rendered":"\n<p data-wp-context---core-fit-text=\"core\/fit-text::{&quot;fontSize&quot;:&quot;&quot;}\" data-wp-init---core-fit-text=\"core\/fit-text::callbacks.init\" data-wp-interactive data-wp-style--font-size=\"core\/fit-text::context.fontSize\" class=\"has-fit-text\"><strong>1-) Ko\u015fuya kimler kat\u0131labilir?<\/strong><br>\u00a0 \u00a0 \u00a0 Ko\u015fu herkese a\u00e7\u0131kt\u0131r.<br><strong>2-) Hangi kategoriler bulunmaktad\u0131r?<\/strong><br>\u00a0 \u00a0 \u00a0 Ya\u015f klasman\u0131 ve hekim klasman\u0131 olmak \u00fczere iki ana kategori bulunmaktad\u0131r.<br><strong>3-) T\u0131p \u00f6\u011frencileri hangi kategoride yar\u0131\u015fmaktad\u0131r?<\/strong><br>\u00a0 \u00a0 \u00a0 T\u0131p \u00f6\u011frencileri hekim klasman\u0131nda de\u011ferlendirilmektedir.<br><strong>4-) \u0130nt\u00f6rn doktorlar hangi kategoriye dahildir?<\/strong><br>\u00a0 \u00a0 \u00a0 \u00a0\u0130nt\u00f6rn doktorlar hekim klasman\u0131nda yar\u0131\u015fmaktad\u0131r.<br><strong>5-) Doktor oldu\u011funu beyan eden belge kimler i\u00e7in gereklidir?<\/strong><br>\u00a0 \u00a0 \u00a0 \u00a0Doktor oldu\u011funu beyan eden belge hekimler ve t\u0131p \u00f6\u011frencileri i\u00e7in gereklidir.<br><strong>6-) Ya\u015f klasman\u0131 nedir?<\/strong><br>\u00a0 \u00a0 \u00a0 \u00a0Ya\u015f klasman\u0131, hekim olmayan kat\u0131l\u0131mc\u0131lar\u0131n ya\u015f gruplar\u0131na g\u00f6re de\u011ferlendirildi\u011fi kategoridir.<br><strong>7-) Kay\u0131t s\u0131ras\u0131nda se\u00e7ilen kategori sonradan de\u011fi\u015ftirilebilir mi?<\/strong><br>\u00a0 \u00a0 \u00a0 \u00a0Evet, kategori se\u00e7imi kay\u0131t sonras\u0131nda de\u011fi\u015ftirilebilmektedir.<br><strong>8.-) Yanl\u0131\u015f kategori se\u00e7ti\u011fimi fark edersem ne yapmal\u0131y\u0131m?<\/strong><br>\u00a0 \u00a0 \u00a0 Yanl\u0131\u015f kategori se\u00e7imi durumunda 14marttipkosusu@tatd.org.tr adresine e-posta g\u00f6nderilmesi gerekmektedir.<br><strong>9-) Ko\u015fuda para \u00f6d\u00fcl\u00fc var m\u0131?<\/strong><br>\u00a0 \u00a0 \u00a0 Hay\u0131r, ko\u015fuda para \u00f6d\u00fcl\u00fc bulunmamaktad\u0131r.<br><strong>10-) \u00d6d\u00fcller nas\u0131l olacakt\u0131r?<\/strong><br>\u00a0 \u00a0 \u00a0 Sponsorluk \u00f6d\u00fclleri, klasmanlara g\u00f6re verilecektir.<br><strong>11-) Ko\u015fu g\u00fcn\u00fc belge kontrol\u00fc yap\u0131lacak m\u0131?<\/strong><br>\u00a0 \u00a0 \u00a0 Evet, hekim klasman\u0131nda yar\u0131\u015facak kat\u0131l\u0131mc\u0131lar i\u00e7in belge kontrol\u00fc yap\u0131lacakt\u0131r.<\/p>\n\n\n\n<blockquote class=\"wp-block-quote is-layout-flow wp-block-quote-is-layout-flow\">\n<p data-wp-context---core-fit-text=\"core\/fit-text::{&quot;fontSize&quot;:&quot;&quot;}\" data-wp-init---core-fit-text=\"core\/fit-text::callbacks.init\" data-wp-interactive data-wp-style--font-size=\"core\/fit-text::context.fontSize\" class=\"has-fit-text\">T\u00fcm soru \u00f6neri ve fikirleriniz i\u00e7in&nbsp;14marttipkosusu@tatd.org.tr<\/p>\n<\/blockquote>\n","protected":false},"excerpt":{"rendered":"<p>1-) Ko\u015fuya kimler kat\u0131labilir?\u00a0 \u00a0 \u00a0 Ko\u015fu herkese a\u00e7\u0131kt\u0131r.2-) Hangi kategoriler bulunmaktad\u0131r?\u00a0 \u00a0 \u00a0 Ya\u015f klasman\u0131 ve hekim klasman\u0131 olmak \u00fczere iki ana kategori bulunmaktad\u0131r.3-) T\u0131p \u00f6\u011frencileri hangi kategoride yar\u0131\u015fmaktad\u0131r?\u00a0&hellip;<\/p>\n","protected":false},"author":3933,"featured_media":0,"parent":0,"menu_order":0,"comment_status":"closed","ping_status":"closed","template":"","meta":{"_acf_changed":false,"inline_featured_image":false,"_lmt_disableupdate":"","_lmt_disable":"","footnotes":""},"class_list":["post-501","page","type-page","status-publish","hentry"],"acf":[],"_links":{"self":[{"href":"https:\/\/tatd.org.tr\/tipbayramikosusu\/wp-json\/wp\/v2\/pages\/501","targetHints":{"allow":["GET"]}}],"collection":[{"href":"https:\/\/tatd.org.tr\/tipbayramikosusu\/wp-json\/wp\/v2\/pages"}],"about":[{"href":"https:\/\/tatd.org.tr\/tipbayramikosusu\/wp-json\/wp\/v2\/types\/page"}],"author":[{"embeddable":true,"href":"https:\/\/tatd.org.tr\/tipbayramikosusu\/wp-json\/wp\/v2\/users\/3933"}],"replies":[{"embeddable":true,"href":"https:\/\/tatd.org.tr\/tipbayramikosusu\/wp-json\/wp\/v2\/comments?post=501"}],"version-history":[{"count":0,"href":"https:\/\/tatd.org.tr\/tipbayramikosusu\/wp-json\/wp\/v2\/pages\/501\/revisions"}],"wp:attachment":[{"href":"https:\/\/tatd.org.tr\/tipbayramikosusu\/wp-json\/wp\/v2\/media?parent=501"}],"curies":[{"name":"wp","href":"https:\/\/api.w.org\/{rel}","templated":true}]}}