{"id":479,"date":"2026-02-06T22:43:07","date_gmt":"2026-02-06T22:43:07","guid":{"rendered":"https:\/\/tatd.org.tr\/tipbayramikosusu\/?page_id=479"},"modified":"2026-03-14T21:19:09","modified_gmt":"2026-03-14T21:19:09","slug":"kayit-ve-katilimci-listeleri","status":"publish","type":"page","link":"https:\/\/tatd.org.tr\/tipbayramikosusu\/kayit-ve-katilimci-listeleri\/","title":{"rendered":"Kay\u0131t ve Kat\u0131l\u0131mc\u0131 Listeleri"},"content":{"rendered":"\n<div class=\"wp-block-buttons is-content-justification-center is-layout-flex wp-container-core-buttons-is-layout-16018d1d wp-block-buttons-is-layout-flex\">\n<div class=\"wp-block-button\"><a class=\"wp-block-button__link wp-element-button\" href=\"https:\/\/kosu.taf.org.tr\/kayit.php?yarisma=47\">14 Mart T\u0131p Bayram\u0131 Ko\u015fusu &#8211; 10 Km Kay\u0131t i\u00e7in T\u0131klay\u0131n\u0131z<\/a><\/div>\n<\/div>\n\n\n\n<p><\/p>\n\n\n\n<div class=\"wp-block-buttons is-content-justification-center is-layout-flex wp-container-core-buttons-is-layout-16018d1d wp-block-buttons-is-layout-flex\">\n<div class=\"wp-block-button\"><a class=\"wp-block-button__link wp-element-button\" href=\"https:\/\/kosu.taf.org.tr\/kayit.php?yarisma=48\">14 Mart T\u0131p Bayram\u0131 Ko\u015fusu &#8211; 5 Km Kay\u0131t i\u00e7in T\u0131klay\u0131n\u0131z<\/a><\/div>\n<\/div>\n\n\n\n<p><\/p>\n\n\n\n<div class=\"wp-block-buttons is-content-justification-center is-layout-flex wp-container-core-buttons-is-layout-16018d1d wp-block-buttons-is-layout-flex\">\n<div class=\"wp-block-button\"><a class=\"wp-block-button__link wp-element-button\" href=\"https:\/\/tatd.org.tr\/tipbayramikosusu\/minik-kasifler-orman-oyunlari\/\">14 Mart T\u0131p Bayram\u0131 &#8211; Minik Ka\u015fifler Orman Oyunlar\u0131<\/a><\/div>\n<\/div>\n\n\n\n<p><\/p>\n\n\n\n<div class=\"wp-block-buttons is-content-justification-center is-layout-flex wp-container-core-buttons-is-layout-16018d1d wp-block-buttons-is-layout-flex\">\n<div class=\"wp-block-button\"><a class=\"wp-block-button__link wp-element-button\" href=\"https:\/\/kosu.taf.org.tr\/katilimcilar.php?yarisma=47\">Canl\u0131 Kay\u0131t Listesi &#8211; 10 Km<\/a><\/div>\n<\/div>\n\n\n\n<p><\/p>\n\n\n\n<div class=\"wp-block-buttons is-content-justification-center is-layout-flex wp-container-core-buttons-is-layout-16018d1d wp-block-buttons-is-layout-flex\">\n<div class=\"wp-block-button\"><a class=\"wp-block-button__link wp-element-button\" href=\"https:\/\/kosu.taf.org.tr\/katilimcilar.php?yarisma=48\">Canl\u0131 Kay\u0131t Listesi &#8211; 5 Km<\/a><\/div>\n<\/div>\n\n\n\n<p><\/p>\n\n\n\n<div class=\"wp-block-buttons is-content-justification-center is-layout-flex wp-container-core-buttons-is-layout-16018d1d wp-block-buttons-is-layout-flex\">\n<div class=\"wp-block-button\"><a class=\"wp-block-button__link wp-element-button\" href=\"https:\/\/tatd.org.tr\/tipbayramikosusu\/sik-sorulan-sorular\/\">S\u0131k Sorulan Soruar<\/a><\/div>\n<\/div>\n\n\n\n<p><\/p>\n\n\n\n<p><\/p>\n","protected":false},"excerpt":{"rendered":"","protected":false},"author":3933,"featured_media":0,"parent":0,"menu_order":0,"comment_status":"closed","ping_status":"closed","template":"","meta":{"_acf_changed":false,"inline_featured_image":false,"_lmt_disableupdate":"","_lmt_disable":"","footnotes":""},"class_list":["post-479","page","type-page","status-publish","hentry"],"acf":[],"_links":{"self":[{"href":"https:\/\/tatd.org.tr\/tipbayramikosusu\/wp-json\/wp\/v2\/pages\/479","targetHints":{"allow":["GET"]}}],"collection":[{"href":"https:\/\/tatd.org.tr\/tipbayramikosusu\/wp-json\/wp\/v2\/pages"}],"about":[{"href":"https:\/\/tatd.org.tr\/tipbayramikosusu\/wp-json\/wp\/v2\/types\/page"}],"author":[{"embeddable":true,"href":"https:\/\/tatd.org.tr\/tipbayramikosusu\/wp-json\/wp\/v2\/users\/3933"}],"replies":[{"embeddable":true,"href":"https:\/\/tatd.org.tr\/tipbayramikosusu\/wp-json\/wp\/v2\/comments?post=479"}],"version-history":[{"count":0,"href":"https:\/\/tatd.org.tr\/tipbayramikosusu\/wp-json\/wp\/v2\/pages\/479\/revisions"}],"wp:attachment":[{"href":"https:\/\/tatd.org.tr\/tipbayramikosusu\/wp-json\/wp\/v2\/media?parent=479"}],"curies":[{"name":"wp","href":"https:\/\/api.w.org\/{rel}","templated":true}]}}