{"id":43,"date":"2022-11-23T11:48:23","date_gmt":"2022-11-23T11:48:23","guid":{"rendered":"https:\/\/tatd.org.tr\/tipbayramikosusu\/?page_id=43"},"modified":"2026-02-06T22:53:11","modified_gmt":"2026-02-06T22:53:11","slug":"sunulan-hizmetler","status":"publish","type":"page","link":"https:\/\/tatd.org.tr\/tipbayramikosusu\/sunulan-hizmetler\/","title":{"rendered":"Sunulan Hizmetler"},"content":{"rendered":"\n<p><strong>ETK\u0130NL\u0130K KAPSAMINDA SUNULAN H\u0130ZMETLER <\/strong><\/p>\n\n\n\n<ul class=\"wp-block-list\">\n<li>Zaman \u00f6l\u00e7\u00fcm hizmeti<\/li>\n\n\n\n<li>Yar\u0131\u015f Paketi (g\u00f6\u011f\u00fcs numaras\u0131 ve elektronik \u00e7ip)<\/li>\n\n\n\n<li>Sporcu \u00e7antas\u0131<\/li>\n\n\n\n<li>Ti\u015f\u00f6rt <\/li>\n\n\n\n<li>Madalya<\/li>\n\n\n\n<li>Parkur \u00fczerinde yer alan su istasyonlar\u0131<\/li>\n\n\n\n<li>Sponsor \u0130kramlar\u0131<\/li>\n<\/ul>\n\n\n\n<p><\/p>\n","protected":false},"excerpt":{"rendered":"<p>ETK\u0130NL\u0130K KAPSAMINDA SUNULAN H\u0130ZMETLER<\/p>\n","protected":false},"author":1,"featured_media":0,"parent":0,"menu_order":0,"comment_status":"closed","ping_status":"closed","template":"","meta":{"_acf_changed":false,"inline_featured_image":false,"_lmt_disableupdate":"","_lmt_disable":"","footnotes":""},"class_list":["post-43","page","type-page","status-publish","hentry"],"acf":[],"_links":{"self":[{"href":"https:\/\/tatd.org.tr\/tipbayramikosusu\/wp-json\/wp\/v2\/pages\/43","targetHints":{"allow":["GET"]}}],"collection":[{"href":"https:\/\/tatd.org.tr\/tipbayramikosusu\/wp-json\/wp\/v2\/pages"}],"about":[{"href":"https:\/\/tatd.org.tr\/tipbayramikosusu\/wp-json\/wp\/v2\/types\/page"}],"author":[{"embeddable":true,"href":"https:\/\/tatd.org.tr\/tipbayramikosusu\/wp-json\/wp\/v2\/users\/1"}],"replies":[{"embeddable":true,"href":"https:\/\/tatd.org.tr\/tipbayramikosusu\/wp-json\/wp\/v2\/comments?post=43"}],"version-history":[{"count":0,"href":"https:\/\/tatd.org.tr\/tipbayramikosusu\/wp-json\/wp\/v2\/pages\/43\/revisions"}],"wp:attachment":[{"href":"https:\/\/tatd.org.tr\/tipbayramikosusu\/wp-json\/wp\/v2\/media?parent=43"}],"curies":[{"name":"wp","href":"https:\/\/api.w.org\/{rel}","templated":true}]}}