{"id":41,"date":"2022-11-23T11:48:23","date_gmt":"2022-11-23T11:48:23","guid":{"rendered":"https:\/\/tatd.org.tr\/tipbayramikosusu\/?page_id=41"},"modified":"2026-03-14T21:21:32","modified_gmt":"2026-03-14T21:21:32","slug":"oduller","status":"publish","type":"page","link":"https:\/\/tatd.org.tr\/tipbayramikosusu\/oduller\/","title":{"rendered":"\u00d6d\u00fcller"},"content":{"rendered":"\n<h3 class=\"wp-block-heading\"><\/h3>\n\n\n\n<figure class=\"wp-block-table\"><div class=\"pcrstb-wrap\"><table class=\"has-fixed-layout\"><tbody><tr><td><strong><u><em>10K\u00a0 <\/em><\/u><\/strong><br><strong>\u00d6D\u00dcLLER<\/strong> <br><br><strong><u>1-MADALYA :<\/u><\/strong> Yar\u0131\u015f\u0131 bitiren her sporcuya madalyalar\u0131 yar\u0131\u015f bitiminde takdim edilecektir.<br><br><strong><u>2- KUPA\u00a0:<\/u><\/strong> \u00d6d\u00fcl t\u00f6reninde genel s\u0131ralama, ya\u015f gruplar\u0131 ve\u00a0hekim s\u0131ralamas\u0131nda k\u00fcrs\u00fcye \u00e7\u0131kan her sporcuya takdim edilecektir.\u00a0 <br><br><strong><u>3-\u00d6D\u00dcL KATEGOR\u0130LER\u0130 :<\/u><\/strong> 14 Mart T\u0131p Bayram\u0131 olmas\u0131ndan dolay\u0131 \u00f6d\u00fcller genel s\u0131ralama yan\u0131nda hekimler aras\u0131 s\u0131ralamada \u00f6d\u00fcller verilecektir.\u00a0 10K Genel S\u0131ralama 10K Genel Ya\u015f Gruplar\u0131\u00a0 10K Hekim S\u0131ralamas\u0131 (Hekim ve Hekim Adaylar\u0131) <strong><em>\u00a0 \u00a0<\/em><\/strong><br><strong><em>\u00a0 NOT: 10 K YA\u015e KATEGOR\u0130LER\u0130<\/em><\/strong> \u00a0 \u00a0 \u00a0 \u00a0<br><br>Master Kad\u0131nlar 35-39 ya\u015f, Erkekler 35-39 ya\u015f<br>Master Kad\u0131nlar 40-44 ya\u015f, Erkekler 40-44 ya\u015f<br>Master Kad\u0131nlar 45-49 ya\u015f, Erkekler 45-49 ya\u015f<br>Master Kad\u0131nlar 50-54 ya\u015f, Erkekler 50-54 ya\u015f<br>Master Kad\u0131nlar 55-59 ya\u015f, Erkekler 55-59 ya\u015f<br>Master Kad\u0131nlar 60-64 ya\u015f, Erkekler 60-64 ya\u015f<br>Master Kad\u0131nlar 65 ya\u015f ve \u00fczeri, Erkekler 65 ya\u015f ve \u00fczeri<br><br><strong><u>4-PARA \u00d6D\u00dcLLLER\u0130 :<\/u><\/strong> Para \u00f6d\u00fcl\u00fc verilmeyecektir.<br><br><strong>5-\u00d6D\u00dcLLER\u00a0<\/strong><br>MOVEON(Ankara)\u2019dan \u00fccretsiz \u00fcyelik verilecektir. \u00dcyelikler a\u015fa\u011f\u0131da belirtildi\u011fi \u015fekilde olacak ve 30 nisana kadar MOVEON (Ankara)\u2019a hak edilen \u00f6d\u00fcller i\u00e7in ba\u015fvurulmazsa, haklar ge\u00e7ersiz olacakt\u0131r.<br><br>T\u00fcm kat\u0131lan sporcular\u0131m\u0131za 1 g\u00fcnl\u00fck \u00dcCRETS\u0130Z KULLANIM HAKKI verilecektir.<br><br>K\u00fcrs\u00fcye \u00e7\u0131kan t\u00fcm sporculara<br>Erkekler ve Kad\u0131nlar ya\u015f gruplar\u0131nda;<br>Birinci olanlara 30 g\u00fcnl\u00fck \u00fccretsiz \u00fcyelik<br>\u0130kinci olanlara 20 g\u00fcnl\u00fck \u00fccretsiz \u00fcyelik<br>\u00dc\u00e7\u00fcnc\u00fc olanlara 10 g\u00fcnl\u00fck \u00fccretsiz \u00fcyelik verilecektir.\u00a0 \u00a0<\/td><td><strong><em><u>5K <\/u><\/em><\/strong><br><strong>\u00d6D\u00dcLLER<\/strong><br><br><strong><u>1-MADALYA :<\/u><\/strong> Yar\u0131\u015f\u0131 bitiren her sporcuya madalyalar\u0131 yar\u0131\u015f bitiminde takdim edilecektir. <br><br><strong><u>2- KUPA\u00a0:<\/u><\/strong> \u00d6d\u00fcl t\u00f6reninde genel s\u0131ralama ve hekim s\u0131ralamas\u0131nda k\u00fcrs\u00fcye \u00e7\u0131kan her sporcuya takdim edilecektir. <br><br><strong><u>3-\u00d6D\u00dcL KATEGOR\u0130LER\u0130 :<\/u><\/strong> 14 Mart T\u0131p Bayram\u0131 olmas\u0131ndan dolay\u0131 \u00f6d\u00fcller genel s\u0131ralama yan\u0131nda hekimler aras\u0131 s\u0131ralamada \u00f6d\u00fcller verilecektir.\u00a0 5K Genel S\u0131ralama 5K Hekim S\u0131ralamas\u0131 (Hekim ve Hekim Adaylar\u0131) <strong><em>\u00a0 \u00a0 \u00a0 \u00a0<\/em><\/strong> <strong><em>\u00a0 \u00a0 \u00a0 \u00a0 <\/em><\/strong><br> <strong><em>NOT: 5 K YA\u015e KATEGOR\u0130LER\u0130<\/em><\/strong> \u00a0 \u00a0 \u00a0 \u00a0 \u00a0<br> 5K da ya\u015f kategorisi\u00a0YAPILMAYACAKTIR. <br><br><strong><u>4-PARA \u00d6D\u00dcLLLER\u0130 :<\/u><\/strong>Para \u00f6d\u00fcl\u00fc verilmeyecektir.\u00a0\u00a0\u00a0\u00a0<br><br><strong>5-\u00d6D\u00dcLLER\u00a0<\/strong><br>MOVEON(Ankara)\u2019dan \u00fccretsiz \u00fcyelik verilecektir. \u00dcyelikler a\u015fa\u011f\u0131da belirtildi\u011fi \u015fekilde olacak ve 30 nisana kadar MOVEON (Ankara)\u2019a hak edilen \u00f6d\u00fcller i\u00e7in ba\u015fvurulmazsa, haklar ge\u00e7ersiz olacakt\u0131r.<br><br>T\u00fcm kat\u0131lan sporcular\u0131m\u0131za 1 g\u00fcnl\u00fck \u00dcCRETS\u0130Z KULLANIM HAKKI verilecektir.<br><br>K\u00fcrs\u00fcye \u00e7\u0131kan t\u00fcm sporculara<br>Erkekler ve Kad\u0131nlar ya\u015f gruplar\u0131nda;<br>Birinci olanlara 30 g\u00fcnl\u00fck \u00fccretsiz \u00fcyelik<br>\u0130kinci olanlara 20 g\u00fcnl\u00fck \u00fccretsiz \u00fcyelik<br>\u00dc\u00e7\u00fcnc\u00fc olanlara 10 g\u00fcnl\u00fck \u00fccretsiz \u00fcyelik verilecektir.\u00a0 \u00a0<br><br><br><br><br><br><br>\u00a0<\/td><\/tr><\/tbody><\/table><\/div><\/figure>\n\n\n\n<p><\/p>\n","protected":false},"excerpt":{"rendered":"<p>10K\u00a0 \u00d6D\u00dcLLER 1-MADALYA : Yar\u0131\u015f\u0131 bitiren her sporcuya madalyalar\u0131 yar\u0131\u015f bitiminde takdim edilecektir. 2- KUPA\u00a0: \u00d6d\u00fcl t\u00f6reninde genel s\u0131ralama, ya\u015f gruplar\u0131 ve\u00a0hekim s\u0131ralamas\u0131nda k\u00fcrs\u00fcye \u00e7\u0131kan her sporcuya takdim edilecektir.\u00a0 3-\u00d6D\u00dcL&hellip;<\/p>\n","protected":false},"author":1,"featured_media":0,"parent":0,"menu_order":0,"comment_status":"closed","ping_status":"closed","template":"","meta":{"_acf_changed":false,"inline_featured_image":false,"_lmt_disableupdate":"","_lmt_disable":"","footnotes":""},"class_list":["post-41","page","type-page","status-publish","hentry"],"acf":[],"_links":{"self":[{"href":"https:\/\/tatd.org.tr\/tipbayramikosusu\/wp-json\/wp\/v2\/pages\/41","targetHints":{"allow":["GET"]}}],"collection":[{"href":"https:\/\/tatd.org.tr\/tipbayramikosusu\/wp-json\/wp\/v2\/pages"}],"about":[{"href":"https:\/\/tatd.org.tr\/tipbayramikosusu\/wp-json\/wp\/v2\/types\/page"}],"author":[{"embeddable":true,"href":"https:\/\/tatd.org.tr\/tipbayramikosusu\/wp-json\/wp\/v2\/users\/1"}],"replies":[{"embeddable":true,"href":"https:\/\/tatd.org.tr\/tipbayramikosusu\/wp-json\/wp\/v2\/comments?post=41"}],"version-history":[{"count":0,"href":"https:\/\/tatd.org.tr\/tipbayramikosusu\/wp-json\/wp\/v2\/pages\/41\/revisions"}],"wp:attachment":[{"href":"https:\/\/tatd.org.tr\/tipbayramikosusu\/wp-json\/wp\/v2\/media?parent=41"}],"curies":[{"name":"wp","href":"https:\/\/api.w.org\/{rel}","templated":true}]}}