{"id":40,"date":"2022-11-23T11:48:23","date_gmt":"2022-11-23T11:48:23","guid":{"rendered":"https:\/\/tatd.org.tr\/tipbayramikosusu\/?page_id=40"},"modified":"2026-03-14T22:27:48","modified_gmt":"2026-03-14T22:27:48","slug":"parkur-bilgisi","status":"publish","type":"page","link":"https:\/\/tatd.org.tr\/tipbayramikosusu\/parkur-bilgisi\/","title":{"rendered":"Parkur Bilgisi"},"content":{"rendered":"<p><h2 style=\"text-align: center\">Ko\u015fumuz Atat\u00fcrk \u00c7ocuklar\u0131 Park\u0131\u2019nda (Dijital Hayvanat Bah\u00e7esi\u2019 nin oldu\u011fu yerde) yap\u0131lacakt\u0131r.<\/h2><\/p>\n\n\n<div style=\"width:100%;max-width:100%\">\n\n&lt;\/div\n\n\n<div class=\"wp-block-image\">\n<figure class=\"aligncenter size-large\"><img fetchpriority=\"high\" decoding=\"async\" width=\"1024\" height=\"1024\" src=\"https:\/\/tatd.org.tr\/tipbayramikosusu\/wp-content\/uploads\/sites\/37\/2026\/03\/Champagne-Yellow-Modern-New-Outlet-Location-Announcement-Instagram-Post-1024x1024.png\" alt=\"\" class=\"wp-image-523\" srcset=\"https:\/\/tatd.org.tr\/tipbayramikosusu\/wp-content\/uploads\/sites\/37\/2026\/03\/Champagne-Yellow-Modern-New-Outlet-Location-Announcement-Instagram-Post-1024x1024.png 1024w, https:\/\/tatd.org.tr\/tipbayramikosusu\/wp-content\/uploads\/sites\/37\/2026\/03\/Champagne-Yellow-Modern-New-Outlet-Location-Announcement-Instagram-Post-300x300.png 300w, https:\/\/tatd.org.tr\/tipbayramikosusu\/wp-content\/uploads\/sites\/37\/2026\/03\/Champagne-Yellow-Modern-New-Outlet-Location-Announcement-Instagram-Post-150x150.png 150w, https:\/\/tatd.org.tr\/tipbayramikosusu\/wp-content\/uploads\/sites\/37\/2026\/03\/Champagne-Yellow-Modern-New-Outlet-Location-Announcement-Instagram-Post-768x768.png 768w, https:\/\/tatd.org.tr\/tipbayramikosusu\/wp-content\/uploads\/sites\/37\/2026\/03\/Champagne-Yellow-Modern-New-Outlet-Location-Announcement-Instagram-Post-1536x1536.png 1536w, https:\/\/tatd.org.tr\/tipbayramikosusu\/wp-content\/uploads\/sites\/37\/2026\/03\/Champagne-Yellow-Modern-New-Outlet-Location-Announcement-Instagram-Post-2048x2048.png 2048w, https:\/\/tatd.org.tr\/tipbayramikosusu\/wp-content\/uploads\/sites\/37\/2026\/03\/Champagne-Yellow-Modern-New-Outlet-Location-Announcement-Instagram-Post-1920x1920.png 1920w, https:\/\/tatd.org.tr\/tipbayramikosusu\/wp-content\/uploads\/sites\/37\/2026\/03\/Champagne-Yellow-Modern-New-Outlet-Location-Announcement-Instagram-Post-1170x1170.png 1170w, https:\/\/tatd.org.tr\/tipbayramikosusu\/wp-content\/uploads\/sites\/37\/2026\/03\/Champagne-Yellow-Modern-New-Outlet-Location-Announcement-Instagram-Post-585x585.png 585w\" sizes=\"(max-width: 1024px) 100vw, 1024px\" \/><\/figure>\n<\/div>\n\n\n<div class=\"wp-block-buttons is-content-justification-center is-layout-flex wp-container-core-buttons-is-layout-16018d1d wp-block-buttons-is-layout-flex\">\n<div class=\"wp-block-button\"><a class=\"wp-block-button__link wp-element-button\" href=\"https:\/\/www.google.com\/maps\/d\/u\/0\/edit?mid=14YOpAiaSXazygVtA_uUP1eV52VNPF3o&amp;usp=sharing\">Aktif Harita \u0130\u00e7in T\u0131klay\u0131n\u0131z<\/a><\/div>\n<\/div>\n\n\n\n<figure class=\"wp-block-image size-large\"><img decoding=\"async\" width=\"1024\" height=\"1024\" src=\"https:\/\/tatd.org.tr\/tipbayramikosusu\/wp-content\/uploads\/sites\/37\/2026\/03\/google_mymaps_qr_highres-1024x1024.png\" alt=\"\" class=\"wp-image-524\" srcset=\"https:\/\/tatd.org.tr\/tipbayramikosusu\/wp-content\/uploads\/sites\/37\/2026\/03\/google_mymaps_qr_highres-1024x1024.png 1024w, https:\/\/tatd.org.tr\/tipbayramikosusu\/wp-content\/uploads\/sites\/37\/2026\/03\/google_mymaps_qr_highres-300x300.png 300w, https:\/\/tatd.org.tr\/tipbayramikosusu\/wp-content\/uploads\/sites\/37\/2026\/03\/google_mymaps_qr_highres-150x150.png 150w, https:\/\/tatd.org.tr\/tipbayramikosusu\/wp-content\/uploads\/sites\/37\/2026\/03\/google_mymaps_qr_highres-768x768.png 768w, https:\/\/tatd.org.tr\/tipbayramikosusu\/wp-content\/uploads\/sites\/37\/2026\/03\/google_mymaps_qr_highres-585x585.png 585w, https:\/\/tatd.org.tr\/tipbayramikosusu\/wp-content\/uploads\/sites\/37\/2026\/03\/google_mymaps_qr_highres.png 1140w\" sizes=\"(max-width: 1024px) 100vw, 1024px\" \/><\/figure>\n","protected":false},"excerpt":{"rendered":"<p>Ko\u015fumuz Atat\u00fcrk \u00c7ocuklar\u0131 Park\u0131\u2019nda (Dijital Hayvanat Bah\u00e7esi\u2019 nin oldu\u011fu yerde) yap\u0131lacakt\u0131r. &lt;\/div<\/p>\n","protected":false},"author":1,"featured_media":0,"parent":0,"menu_order":0,"comment_status":"closed","ping_status":"closed","template":"","meta":{"_acf_changed":false,"inline_featured_image":false,"_lmt_disableupdate":"","_lmt_disable":"","footnotes":""},"class_list":["post-40","page","type-page","status-publish","hentry"],"acf":[],"_links":{"self":[{"href":"https:\/\/tatd.org.tr\/tipbayramikosusu\/wp-json\/wp\/v2\/pages\/40","targetHints":{"allow":["GET"]}}],"collection":[{"href":"https:\/\/tatd.org.tr\/tipbayramikosusu\/wp-json\/wp\/v2\/pages"}],"about":[{"href":"https:\/\/tatd.org.tr\/tipbayramikosusu\/wp-json\/wp\/v2\/types\/page"}],"author":[{"embeddable":true,"href":"https:\/\/tatd.org.tr\/tipbayramikosusu\/wp-json\/wp\/v2\/users\/1"}],"replies":[{"embeddable":true,"href":"https:\/\/tatd.org.tr\/tipbayramikosusu\/wp-json\/wp\/v2\/comments?post=40"}],"version-history":[{"count":0,"href":"https:\/\/tatd.org.tr\/tipbayramikosusu\/wp-json\/wp\/v2\/pages\/40\/revisions"}],"wp:attachment":[{"href":"https:\/\/tatd.org.tr\/tipbayramikosusu\/wp-json\/wp\/v2\/media?parent=40"}],"curies":[{"name":"wp","href":"https:\/\/api.w.org\/{rel}","templated":true}]}}