{"id":4,"date":"2022-11-13T16:38:57","date_gmt":"2022-11-13T16:38:57","guid":{"rendered":"https:\/\/tatd.org.tr\/tipbayramikosusu\/?page_id=4"},"modified":"2026-02-07T12:18:41","modified_gmt":"2026-02-07T12:18:41","slug":"anasayfa","status":"publish","type":"page","link":"https:\/\/tatd.org.tr\/tipbayramikosusu\/","title":{"rendered":"14 Mart T\u0131p Bayram\u0131 Ko\u015fusu &#8217;26"},"content":{"rendered":"\t\t<div data-elementor-type=\"wp-page\" data-elementor-id=\"4\" class=\"elementor elementor-4\" data-elementor-post-type=\"page\">\n\t\t\t\t<div class=\"elementor-element elementor-element-1a5b980 e-flex e-con-boxed e-con e-parent\" data-id=\"1a5b980\" data-element_type=\"container\" data-e-type=\"container\">\n\t\t\t\t\t<div class=\"e-con-inner\">\n\t\t\t\t<div class=\"elementor-element elementor-element-ee259cd elementor-widget elementor-widget-penci-fancy_heading\" data-id=\"ee259cd\" data-element_type=\"widget\" data-e-type=\"widget\" data-widget_type=\"penci-fancy_heading.default\">\n\t\t\t\t<div class=\"elementor-widget-container\">\n\t\t\t\t\t\t\t<div class=\"penci-fancy-heading penci-heading-text-center\">\n\t\t\t<div class=\"penci-fancy-heading-inner\">\n\t\t\t\t<h2 class=\"penci-heading-title\"><span class=\"inner-tit\">14 Mart T\u0131p Bayram\u0131 Ko\u015fusu<\/span><\/h2><div class=\"penci-heading-content entry-content\"><p>29 Mart 2026 ANKARA<\/p>\n<\/div>\t\t\t<\/div>\n\t\t<\/div>\n\t\t\t\t\t\t<\/div>\n\t\t\t\t<\/div>\n\t\t\t\t\t<\/div>\n\t\t\t\t<\/div>\n\t\t<div class=\"elementor-element elementor-element-781faa7 e-flex e-con-boxed e-con e-parent\" data-id=\"781faa7\" data-element_type=\"container\" data-e-type=\"container\">\n\t\t\t\t\t<div class=\"e-con-inner\">\n\t\t\t\t<div class=\"elementor-element elementor-element-fd6bd48 elementor-widget elementor-widget-penci-button\" data-id=\"fd6bd48\" data-element_type=\"widget\" data-e-type=\"widget\" data-widget_type=\"penci-button.default\">\n\t\t\t\t<div class=\"elementor-widget-container\">\n\t\t\t\t\t\t\t<div class=\"pcbtn-wrapper pcbtn-align-center\">\n\t\t\t<a class=\"pcbtn pcbtn-icon-left pcbtn-bordered pcbtn-bstyle-solid\" \n\t\t\t\t\t\t\t\t\t\t\t\thref=\"https:\/\/tatd.org.tr\/tipbayramikosusu\/kayit-ve-katilimci-listeleri\/\">\n\t\t\t\t<span class=\"pcbtn-wrapperin\">\n\t\t\t\t\t<span class=\"pcbtn-content\">\n\t\t\t\t\t\t\t\t\t\tKAYIT OL\t\t\t<\/span>\n\t\t\t\t\t\t\t\t\t<\/span>\n\t\t\t<\/a>\n\t\t<\/div>\n\t\t\t\t\t\t<\/div>\n\t\t\t\t<\/div>\n\t\t\t\t\t<\/div>\n\t\t\t\t<\/div>\n\t\t<div class=\"elementor-element elementor-element-7be558c e-flex e-con-boxed e-con e-parent\" data-id=\"7be558c\" data-element_type=\"container\" data-e-type=\"container\">\n\t\t\t\t\t<div class=\"e-con-inner\">\n\t\t\t\t<div class=\"elementor-element elementor-element-d3bda36 elementor-widget elementor-widget-image\" data-id=\"d3bda36\" data-element_type=\"widget\" data-e-type=\"widget\" data-widget_type=\"image.default\">\n\t\t\t\t<div class=\"elementor-widget-container\">\n\t\t\t\t\t\t\t\t\t\t\t\t\t\t\t<img fetchpriority=\"high\" decoding=\"async\" width=\"819\" height=\"1024\" src=\"https:\/\/tatd.org.tr\/tipbayramikosusu\/wp-content\/uploads\/sites\/37\/2026\/02\/29-MART-2026-819x1024.png\" class=\"attachment-large size-large wp-image-500\" alt=\"\" srcset=\"https:\/\/tatd.org.tr\/tipbayramikosusu\/wp-content\/uploads\/sites\/37\/2026\/02\/29-MART-2026-819x1024.png 819w, https:\/\/tatd.org.tr\/tipbayramikosusu\/wp-content\/uploads\/sites\/37\/2026\/02\/29-MART-2026-240x300.png 240w, https:\/\/tatd.org.tr\/tipbayramikosusu\/wp-content\/uploads\/sites\/37\/2026\/02\/29-MART-2026-768x960.png 768w, https:\/\/tatd.org.tr\/tipbayramikosusu\/wp-content\/uploads\/sites\/37\/2026\/02\/29-MART-2026-1229x1536.png 1229w, https:\/\/tatd.org.tr\/tipbayramikosusu\/wp-content\/uploads\/sites\/37\/2026\/02\/29-MART-2026-1638x2048.png 1638w, https:\/\/tatd.org.tr\/tipbayramikosusu\/wp-content\/uploads\/sites\/37\/2026\/02\/29-MART-2026-1920x2400.png 1920w, https:\/\/tatd.org.tr\/tipbayramikosusu\/wp-content\/uploads\/sites\/37\/2026\/02\/29-MART-2026-1170x1463.png 1170w, https:\/\/tatd.org.tr\/tipbayramikosusu\/wp-content\/uploads\/sites\/37\/2026\/02\/29-MART-2026-585x731.png 585w, https:\/\/tatd.org.tr\/tipbayramikosusu\/wp-content\/uploads\/sites\/37\/2026\/02\/29-MART-2026-scaled.png 2048w\" sizes=\"(max-width: 819px) 100vw, 819px\" \/>\t\t\t\t\t\t\t\t\t\t\t\t\t\t\t<\/div>\n\t\t\t\t<\/div>\n\t\t\t\t\t<\/div>\n\t\t\t\t<\/div>\n\t\t<div class=\"elementor-element elementor-element-9bde8f4 e-con-full e-flex e-con e-parent\" data-id=\"9bde8f4\" data-element_type=\"container\" data-e-type=\"container\">\n\t\t\t\t<div class=\"elementor-element elementor-element-a4c3935 elementor-widget elementor-widget-penci-text-block\" data-id=\"a4c3935\" data-element_type=\"widget\" data-e-type=\"widget\" data-widget_type=\"penci-text-block.default\">\n\t\t\t\t<div class=\"elementor-widget-container\">\n\t\t\t\t\t\t\t<div class=\"penci-block-vc penci-text-editor\">\n\t\t\t    <div class=\"penci-border-arrow penci-homepage-title penci-home-latest-posts style-28 pcalign-center pciconp-right pcicon-right block-title-icon-left\">\n        <h3 class=\"inner-arrow\">\n        <span>\n                    <span>14 mart t\u0131p ko\u015fusu<\/a>                <\/span>\n        <\/h3>\n\t\t        <\/div>\n\t\t\t\t\t<div class=\"penci-block_content\">\n\t\t\t\t<div class=\"elementor-text-editor elementor-clearfix\"><p style=\"text-align: left\"><span style=\"color: #000000\">T\u00fcrkiye Acil T\u0131p Derne\u011fi olarak bu sene d\u00f6rd\u00fcnc\u00fcs\u00fcn\u00fc d\u00fczenledi\u011fimiz &#8220;4. Geleneksel 14 Mart T\u0131p Bayram\u0131 Ko\u015fusu&#8221;\u00a0 her sene t\u0131p camias\u0131nda b\u00fcy\u00fck d\u00fc\u015flerle ve umutlarla kutlanan T\u0131p Bayram\u0131 etkinlikleri kapsam\u0131nda 29 Mart 2026&#8217;te ger\u00e7ekle\u015fecektir.<\/span><\/p>\n<p style=\"text-align: left\"><span style=\"color: #000000\"> Kat\u0131l\u0131mc\u0131lar\u00a0 k\u00fclt\u00fcrlerin harmanland\u0131\u011f\u0131 ba\u015fkentimizde, Atat\u00fcrk \u00c7ocuklar\u0131 Park\u0131\u2019nda nehrin kenar\u0131nda ve tertemiz havada ko\u015fman\u0131n keyfini ya\u015fayacaklard\u0131r.<\/span><br \/><span style=\"color: #000000\">Osmanl\u0131\u2019n\u0131n ilk t\u0131p fak\u00fcltesi olan Mekteb-i T\u0131bbiye-i \u015eahane 14 Mart 1827 tarihinde a\u00e7\u0131lm\u0131\u015ft\u0131r. 14 Mart 1919\u2019da Hikmet Boran \u00f6nderli\u011findeki t\u0131p \u00f6\u011frencileri \u00fcniversitenin kurulu\u015f y\u0131ld\u00f6n\u00fcm\u00fcn\u00fc kutlama bahanesi ile toplanarak, i\u015fgale kar\u015f\u0131 tarihi fak\u00fclte binas\u0131na T\u00fcrk bayra\u011f\u0131n\u0131 asarlar. \u0130\u015fgal g\u00fc\u00e7leri engellemeye \u00e7al\u0131\u015fsalar da t\u0131p \u00f6\u011frencilerini durduramazlar. T\u0131bbiyelilerin kararl\u0131 duru\u015flar\u0131 sayesinde bu karanl\u0131k g\u00fcnlerde g\u00f6klerde dalgalanan T\u00fcrk bayra\u011f\u0131 bir umut \u0131\u015f\u0131\u011f\u0131 gibi parlar. O g\u00fcnden sonra da 14 Mart \u00fclkemizde T\u0131p Bayram\u0131 olarak kutlanmaya ba\u015flar.<\/span><\/p>\n<p style=\"text-align: left\"><span style=\"color: #000000\">\u00d6zveriyle yapt\u0131\u011f\u0131m\u0131z i\u015fin sadece g\u00fcnl\u00fck kutlamalarda kalmamas\u0131, T\u00fcrk halk\u0131n\u0131n beraberce kutlad\u0131\u011f\u0131 bir T\u0131p Bayram\u0131 olmas\u0131, sa\u011fl\u0131k \u00e7al\u0131\u015fanlar\u0131 kadar \u00fclkemiz i\u00e7in de bu k\u0131ymetli ve \u00f6nemli hikayesini bilmek, ya\u015fatabilmek ve bu g\u00fcne farkl\u0131 bir anlam kazand\u0131rmak ad\u0131na sporun ve sa\u011fl\u0131\u011f\u0131n bir \u00e7at\u0131 alt\u0131nda toplanaca\u011f\u0131 4. Geleneksel 14 Mart T\u0131p Bayram\u0131 Ko\u015fusu&#8217;nu d\u00fczenledik.\u00a0<\/span><\/p>\n<p style=\"text-align: left\"><span style=\"color: #000000\">\u00a0<\/span><\/p>\n<p style=\"text-align: left\"><span style=\"color: #000000\"><!-- \/wp:paragraph --><!-- wp:paragraph --><\/span><\/p>\n<p style=\"text-align: left\"><span style=\"color: #000000\">Ad\u0131mlar\u0131n\u0131z y\u00fczlerce ad\u0131ma kar\u0131\u015fs\u0131n, an\u0131lar\u0131n\u0131za yeni bir hikaye eklensin.<\/span><br \/><strong><span style=\"color: #000000\">T\u0131p Bayram\u0131\u2019n\u0131n enerjisi hepimize ge\u00e7sin&#8230;<\/span><\/strong><\/p>\n<p>TATD Y\u00f6netim Kurulu<\/p><\/div>\n\t\t\t<\/div>\n\t\t<\/div>\n\t\t\t\t\t\t<\/div>\n\t\t\t\t<\/div>\n\t\t\t\t<\/div>\n\t\t\t\t<\/div>\n\t\t","protected":false},"excerpt":{"rendered":"<p>14 Mart T\u0131p Bayram\u0131 Ko\u015fusu 29 Mart 2026 ANKARA KAYIT OL 14 mart t\u0131p ko\u015fusu T\u00fcrkiye Acil T\u0131p Derne\u011fi olarak bu sene d\u00f6rd\u00fcnc\u00fcs\u00fcn\u00fc d\u00fczenledi\u011fimiz &#8220;4. Geleneksel 14 Mart T\u0131p Bayram\u0131&hellip;<\/p>\n","protected":false},"author":3933,"featured_media":0,"parent":0,"menu_order":0,"comment_status":"closed","ping_status":"closed","template":"","meta":{"_acf_changed":false,"inline_featured_image":false,"_lmt_disableupdate":"","_lmt_disable":"","footnotes":""},"class_list":["post-4","page","type-page","status-publish","hentry"],"acf":[],"_links":{"self":[{"href":"https:\/\/tatd.org.tr\/tipbayramikosusu\/wp-json\/wp\/v2\/pages\/4","targetHints":{"allow":["GET"]}}],"collection":[{"href":"https:\/\/tatd.org.tr\/tipbayramikosusu\/wp-json\/wp\/v2\/pages"}],"about":[{"href":"https:\/\/tatd.org.tr\/tipbayramikosusu\/wp-json\/wp\/v2\/types\/page"}],"author":[{"embeddable":true,"href":"https:\/\/tatd.org.tr\/tipbayramikosusu\/wp-json\/wp\/v2\/users\/3933"}],"replies":[{"embeddable":true,"href":"https:\/\/tatd.org.tr\/tipbayramikosusu\/wp-json\/wp\/v2\/comments?post=4"}],"version-history":[{"count":0,"href":"https:\/\/tatd.org.tr\/tipbayramikosusu\/wp-json\/wp\/v2\/pages\/4\/revisions"}],"wp:attachment":[{"href":"https:\/\/tatd.org.tr\/tipbayramikosusu\/wp-json\/wp\/v2\/media?parent=4"}],"curies":[{"name":"wp","href":"https:\/\/api.w.org\/{rel}","templated":true}]}}