{"id":39,"date":"2022-11-23T11:48:22","date_gmt":"2022-11-23T11:48:22","guid":{"rendered":"https:\/\/tatd.org.tr\/tipbayramikosusu\/?page_id=39"},"modified":"2026-02-07T10:03:14","modified_gmt":"2026-02-07T10:03:14","slug":"5km","status":"publish","type":"page","link":"https:\/\/tatd.org.tr\/tipbayramikosusu\/5km\/","title":{"rendered":"14 Mart T\u0131p Bayram\u0131 Ko\u015fusu 5 KM"},"content":{"rendered":"\n<div class=\"wp-block-buttons is-content-justification-center is-layout-flex wp-container-core-buttons-is-layout-16018d1d wp-block-buttons-is-layout-flex\">\n<div class=\"wp-block-button\"><a class=\"wp-block-button__link wp-element-button\" href=\"https:\/\/kosu.taf.org.tr\/yarisma_detay.php?id=48\">14 Mart T\u0131p Bayram\u0131 Ko\u015fusu TAF Bilgilendirme Sayfas\u0131 i\u00e7in T\u0131klay\u0131n\u0131z<\/a><\/div>\n<\/div>\n\n\n\n<p><strong><u>5KM GENEL B\u0130LG\u0130LER<\/u><\/strong><\/p>\n\n\n\n<p>Ulusal d\u00fczeyde \u00fc\u00e7\u00fcnc\u00fcs\u00fc d\u00fczenlenecek olan \u201c<strong>4.Geleneksel 14 Mart T\u0131p Bayram\u0131 Ko\u015fusu<\/strong>\u201d 5 Km etab\u0131, 29 Mart 2026 tarihinde saat 10:00\u2019de Do\u011fal Ya\u015fam ve Atat\u00fcrk \u00c7ocuklar\u0131 Park\u0131\/Ankara&#8217;da&nbsp; yap\u0131lacakt\u0131r.&nbsp;<\/p>\n\n\n\n<p>Yar\u0131\u015fma; 5 Km parkur bilgileri k\u0131sm\u0131nda belirtildi\u011fi \u015fekilde olup, ba\u015flad\u0131\u011f\u0131 yerde son bulacakt\u0131r.<\/p>\n\n\n\n<figure class=\"wp-block-table\"><div class=\"pcrstb-wrap\"><table class=\"has-fixed-layout\"><tbody><tr><td><strong>YARISMA BILGILERI&nbsp;<\/strong><br><strong>YARI\u015e TAR\u0130H\u0130 VE SAAT\u0130 :&nbsp;<\/strong>29 Mart 2026 &#8211; 10.00<br><strong>YARI\u015e YER\u0130:<\/strong> Do\u011fal Ya\u015fam ve Atat\u00fcrk \u00c7ocuklar\u0131 Park\u0131\/Ankara<\/td><\/tr><\/tbody><\/table><\/div><\/figure>\n\n\n\n<p><strong>KAYIT<\/strong><\/p>\n\n\n\n<p><strong>SON KAYIT TAR\u0130H\u0130\u00a0 \u00a0 \u00a0 \u00a0 \u00a0 \u00a0 :<\/strong>\u00a022 Mart 2026- Saat :12.00<\/p>\n\n\n\n<p><strong>KATILIM \u00dcCRET\u0130&nbsp; &nbsp; <\/strong>           : 1250 TL<\/p>\n\n\n\n<p><\/p>\n\n\n\n<p><strong>KAYIT \u0130PTAL\u0130<\/strong><\/p>\n\n\n\n<p>Kay\u0131t oldu\u011funuz andan itibaren hizmet s\u00fcre\u00e7lerimiz ba\u015flad\u0131\u011f\u0131 i\u00e7in kay\u0131t iptali, ertelemesi ya da para iadesi ger\u00e7ekle\u015ftirilmeyecektir.<\/p>\n\n\n\n<p>Kat\u0131lmasan\u0131z bile yar\u0131\u015f kitinizi da\u011f\u0131t\u0131m noktas\u0131ndan teslim alabilirsiniz. Sonradan talep edilen yar\u0131\u015f kitleri verilmeyecektir.<\/p>\n\n\n\n<p><strong>UYARILAR :<\/strong><\/p>\n\n\n\n<p>1-) Kay\u0131t i\u015flemini tamamlayan kat\u0131l\u0131mc\u0131lar 4. Geleneksel 14 Mart T\u0131p Bayram\u0131 Ko\u015fusu&#8217;nun t\u00fcm kurallar\u0131n\u0131 okumu\u015f ve onaylam\u0131\u015f kabul edilir.<\/p>\n\n\n\n<p>2-) Ko\u015fu organizasyonuna dair belirtilen t\u00fcm bilgilerde de\u011fi\u015fiklik yap\u0131labilir (\u00f6r: g\u00fczergah, tarih, fuar alan\u0131 vb.). De\u011fi\u015fikliklerle ilgili bilgiler i\u00e7in yar\u0131\u015f \u00f6ncesinde l\u00fctfen sitemizi yeniden ziyaret ediniz.<\/p>\n\n\n\n<p>3-) Yar\u0131\u015f alan\u0131na sadece g\u00f6\u011f\u00fcs numaras\u0131 olanlar al\u0131nacakt\u0131r.<\/p>\n\n\n\n<p>4-) Genel S\u0131ralama d\u0131\u015f\u0131nda Hekim s\u0131ralamas\u0131 ayr\u0131ca yap\u0131lacakt\u0131r. Hekim s\u0131ralamas\u0131nda de\u011ferlendirelecek adaylar hekim ve hekim adaylar\u0131ndan olu\u015facakt\u0131r.<\/p>\n\n\n\n<p><strong>GENEL KURALLAR<\/strong><\/p>\n\n\n\n<ol start=\"1\" class=\"wp-block-list\">\n<li>Yar\u0131\u015fma T\u00fcrkiye Atletizm Federasyonu ve WA yar\u0131\u015fma kurallar\u0131na uygun olarak yap\u0131lacakt\u0131r.<\/li>\n\n\n\n<li>Yar\u0131\u015fma kul\u00fcpl\u00fc, ferdi ve yabanc\u0131 uyruklu sporculara a\u00e7\u0131k olacakt\u0131r.<\/li>\n\n\n\n<li>Yabanc\u0131 uyruklu sporcular pasaportlar\u0131n\u0131 ibraz etmek ko\u015fuluyla yar\u0131\u015fmalara kay\u0131t yapt\u0131rabilirler.<\/li>\n\n\n\n<li>Yar\u0131\u015fma s\u0131ras\u0131nda sporcular\u0131n yan\u0131nda hi\u00e7bir \u00f6zel arac\u0131n seyrine izin verilmeyecektir. Parkurda sadece g\u00f6revli ara\u00e7lar seyredebilecektir.<\/li>\n\n\n\n<li>Yar\u0131\u015fma ile ilgili gerekli sa\u011fl\u0131k ve g\u00fcvenlik hizmetleri, yar\u0131\u015fma parkurunun haz\u0131rlanmas\u0131 ve g\u00f6\u011f\u00fcs numaralar\u0131 yar\u0131\u015fmay\u0131 d\u00fczenleyen T\u00fcrkiye Acil T\u0131p Derne\u011fi taraf\u0131ndan sa\u011flanacakt\u0131r.<\/li>\n\n\n\n<li>Ankara Atletizm \u0130l Temsilcili\u011fi yar\u0131\u015fmalar\u0131n bitiminde yar\u0131\u015fma sonu\u00e7lar\u0131n\u0131 yaz\u0131l\u0131 ve diskete kay\u0131tl\u0131 olarak hakem \u00e7izelgeleri ile birlikte Teknik Delege&#8217;ye teslim edecektir.<\/li>\n\n\n\n<li>Yar\u0131\u015fmaya lisans\u0131 2025 vizeli olanlar, e\u011fer vizesi yoksa sa\u011fl\u0131k raporu olanlar, sa\u011fl\u0131k raporu da yoksa taahh\u00fctname imzalayan sporcular kay\u0131t yapt\u0131rabilir.<\/li>\n\n\n\n<li>Yar\u0131\u015fmaya kat\u0131lan sporcular kay\u0131t sayfas\u0131nda bulunan a\u015fa\u011f\u0131daki beyan\u0131 okumu\u015f ve kabul etmi\u015f say\u0131lacaklard\u0131r.<\/li>\n\n\n\n<li>Yukar\u0131da yaz\u0131s\u0131 olan ben, kendi ad\u0131ma ve varislerim, y\u00f6neticilerim, \u015fahsi ve hukuki temsilcilerim ad\u0131na, 29 Mart 2026 tarihinde yap\u0131lacak olan \u201c4. Geleneksel 14 Mart T\u0131p Bayram\u0131 Ko\u015fusu\u201d \u00f6ncesi ve sonras\u0131nda, aktiviteler esnas\u0131nda ba\u015f\u0131ma gelebilecek herhangi bir sakatl\u0131k, kaza, hasar ve \u00f6l\u00fcm durumunlar\u0131nda organizat\u00f6rlerin, organizasyonda g\u00f6revli ki\u015filerin, organizasyon temsilcilerinin sorumlu tutulmayaca\u011f\u0131n\u0131, her t\u00fcrl\u00fc sorumlulu\u011fun \u015fahs\u0131ma ait oldu\u011funu; bu ko\u015fuya kat\u0131lmam i\u00e7in t\u0131bbi bak\u0131mdan hi\u00e7bir engelimin olmad\u0131\u011f\u0131n\u0131 bu ko\u015fu i\u00e7in fiziksel olarak yeterli oldu\u011fumu ve ayr\u0131ca \u015fahs\u0131ma ait 29 Mart 2026 tarihinde \u201c4.Geleneksel 14 Mart T\u0131p Bayram\u0131 Ko\u015fusu\u201d nda \u00e7ekilmi\u015f her t\u00fcrl\u00fc foto\u011fraf ve film kayd\u0131n\u0131n, reklam dahil t\u00fcm yasal ama\u00e7l\u0131 kullan\u0131mlar\u0131na izin veriyorum. Organizasyona kat\u0131lmak i\u00e7in kay\u0131t yapt\u0131rd\u0131ktan sonra herhangi bir sebeple organizasyona kat\u0131lmad\u0131\u011f\u0131m taktirde bu kay\u0131tta elde etti\u011fim haklar\u0131m\u0131 talep etmeyece\u011fimi beyan ediyorum.<\/li>\n\n\n\n<li>\u201c4. Geleneksel 14 Mart T\u0131p Bayram\u0131 Ko\u015fusu\u201d esnas\u0131nda mesuliyet tamamen kat\u0131l\u0131mc\u0131lara aittir. Kat\u0131l\u0131mc\u0131lar kay\u0131t an\u0131nda muvaffakatname dolduracaklard\u0131r.<\/li>\n\n\n\n<li>Yar\u0131\u015fma stat\u00fcs\u00fcnde idari, teknik ve mali konularda yaz\u0131l\u0131 olmayan hallerde karar vermeye Organizasyon Komitesi yetkilidir.<\/li>\n\n\n\n<li>Yar\u0131\u015f kiti teslimi esnas\u0131nda kimlik kart\u0131 ibraz\u0131 zorunludur. Hekimler ve hekim adaylar\u0131, hekim kimlik kart\u0131n\u0131 ibraz edeceklerdir.<\/li>\n<\/ol>\n\n\n\n<p><strong>ZAMAN SINIRI :<\/strong><\/p>\n\n\n\n<p>1-) Yar\u0131\u015fma s\u00fcresi 2 saat&nbsp; (120 dakika) olup; bu s\u00fcrenin \u00fczerine \u00e7\u0131kan sporcular\u0131n parkuru terk etmeleri sa\u011flanacakt\u0131r. Bu s\u00fcreden (120 dakikadan) sonra yar\u0131\u015f\u0131 bitiren, parkurda ko\u015fan sporcular\u0131n dereceleri dikkate al\u0131nmayacak, bu sporcular s\u0131ralamada yer alamayacakt\u0131r.<\/p>\n\n\n\n<p>2-) Bu s\u00fcreden sonra yetkililerin uyar\u0131lar\u0131n\u0131 dikkate almayarak parkuru terk etmeyen sporcular\u0131n t\u00fcm sorumlulu\u011fu kendilerine aittir.<\/p>\n\n\n\n<p>3-) Herhangi bir kaza ve olumsuz durumdan organizasyon komitesi sorumlu de\u011fildir.<\/p>\n\n\n\n<p>&nbsp;<strong>SU \u0130STASYONLARI&nbsp; :<\/strong><\/p>\n\n\n\n<p>&nbsp;&nbsp;Alanda,&nbsp; yeterli say\u0131da su istasyonlar\u0131 bulunacakt\u0131r<\/p>\n\n\n\n<p><strong>YARISMA PROGRAMI<\/strong><\/p>\n\n\n\n<p>Mart ay\u0131 i\u00e7ersinde a\u00e7\u0131klanacakt\u0131r.<\/p>\n\n\n\n<p><strong>YARI\u015e K\u0130T\u0130 DA\u011eITIMI<\/strong><\/p>\n\n\n\n<p>Yar\u0131\u015f kiti Kent konseyi&#8217;nde ( Gen\u00e7lik Park\u0131 taraf\u0131ndan) da\u011f\u0131t\u0131lacakt\u0131r.<\/p>\n\n\n\n<p>Tarih: 28 Mart 2026 Saat : 12.00-18.30<\/p>\n\n\n\n<p><strong>YARIS SINIRI<\/strong><\/p>\n\n\n\n<p>\u00a0 \u00a0Kat\u0131l\u0131mc\u0131, 29 Mart 2026 tarihi itibari ile 16 ya\u015f\u0131n\u0131 doldurmu\u015f olmal\u0131d\u0131r.\u00a0\u00a0\u00a0\u00a0\u00a0\u00a0\u00a0\u00a0\u00a0\u00a0\u00a0\u00a0\u00a0\u00a0\u00a0\u00a0\u00a0\u00a0\u00a0\u00a0\u00a0\u00a0\u00a0\u00a0\u00a0<\/p>\n\n\n\n<p><strong>ZAMANLAMA<\/strong><\/p>\n\n\n\n<p>&nbsp;&nbsp;1-) Yar\u0131\u015f Kiti Da\u011f\u0131t\u0131m alan\u0131ndan yar\u0131\u015fa kay\u0131t olan t\u00fcm kat\u0131l\u0131mc\u0131lara, yar\u0131\u015f esnas\u0131nda derecelerini \u00f6l\u00e7ecek, geri d\u00f6n\u00fc\u015f\u00fcm \u00f6zelli\u011fine sahip bir elektronik zamanlama \u00e7ipi verilecektir.<\/p>\n\n\n\n<p>2-) Yar\u0131\u015fma esnas\u0131nda g\u00f6\u011f\u00fcs numaralar\u0131n\u0131z\u0131 g\u00f6\u011f\u00fcs hizas\u0131nda ve g\u00f6r\u00fcnecek \u015fekilde takmal\u0131s\u0131n\u0131z. Ayr\u0131ca zaman \u00f6l\u00e7\u00fcm \u00e7ipleriniz g\u00f6\u011f\u00fcs numaras\u0131n\u0131n arka k\u0131sm\u0131na entegre edilmi\u015ftir, s\u00f6kmeye ya da \u00e7\u0131karmaya \u00e7al\u0131\u015fmay\u0131n. \u00c7ipsiz ko\u015fan yar\u0131\u015f\u00e7\u0131lar\u0131n dereceleri \u00f6l\u00e7\u00fclememektedir.<\/p>\n\n\n\n<p>3-) \u00c7ipiniz sizin kimlik bilgilerinizle e\u015fle\u015ftirilmekte oldu\u011fu i\u00e7in di\u011fer ko\u015fucularla \u00e7ipinizi de\u011fi\u015ftirmemenizi \u00f6nemle rica ederiz.<\/p>\n\n\n\n<p>4-) Start noktas\u0131ndaki, parkur i\u00e7erisindeki veya biti\u015f \u00e7izgisinde bulunan \u00e7ip sistemlerinden iki kez ge\u00e7meyiniz. Bu hareketiniz ko\u015fu zaman\u0131n\u0131z\u0131n yanl\u0131\u015f \u00f6l\u00e7\u00fclmesine sebep olacakt\u0131r.<\/p>\n\n\n\n<p>5-) Ko\u015fu bitiminde biti\u015f \u00e7izgisini ge\u00e7tikten sonra herhangi bir sebeple parkura geri d\u00f6nmeyiniz. Bu durumda sistem \u00e7ipinizi tekrar \u00f6l\u00e7ece\u011fi i\u00e7in ko\u015fu zamanlaman\u0131z sistemden son ge\u00e7ti\u011finiz saate g\u00f6re tekrar revize edilecektir.<\/p>\n\n\n\n<p><strong>SA\u011eLIK VE \u0130LK YARDIM<\/strong><\/p>\n\n\n\n<p><strong>&nbsp; &nbsp; &nbsp; &nbsp; &nbsp; &nbsp; &nbsp; \u0130LK YARDIM :<\/strong><\/p>\n\n\n\n<p>1-) Parkur boyunca yeterli say\u0131da ambulans g\u00f6rev yapacakt\u0131r.<\/p>\n\n\n\n<p>2-) Ba\u015flang\u0131\u00e7 ve biti\u015f alanlar\u0131nda t\u00fcm sa\u011fl\u0131k \u00f6nlemleri al\u0131nacakt\u0131r.<\/p>\n\n\n\n<p>&nbsp; &nbsp; &nbsp; &nbsp; &nbsp; &nbsp; &nbsp;<strong>SA\u011eLIKLA \u0130LG\u0130L\u0130 \u00d6NER\u0130LER :<\/strong><\/p>\n\n\n\n<p>1-) Hayat\u0131 tehdit edici bir hastal\u0131\u011f\u0131n\u0131z varsa yar\u0131\u015fa kesinlikle kat\u0131lmay\u0131n\u0131z.&nbsp;&nbsp;Yar\u0131\u015fa uykunuzu alm\u0131\u015f olarak ve dinlenmi\u015f bir \u015fekilde kat\u0131lmal\u0131s\u0131n\u0131z. Yar\u0131\u015f sabah\u0131 kahvalt\u0131n\u0131z\u0131 erken yaparak, alkoll\u00fc ve asitli i\u00e7eceklerden ka\u00e7\u0131n\u0131n\u0131z.<\/p>\n\n\n\n<p>2-) Spor ayakkab\u0131n\u0131z\u0131 mutlaka \u00e7orapla giyiniz. Ayak parmaklar\u0131n\u0131za s\u00fcrece\u011finiz krem, yar\u0131\u015f sonras\u0131nda olu\u015fabilecek yaralar\u0131 \u00f6nleyecektir. Yar\u0131\u015f esnas\u0131nda olu\u015fan bir sa\u011fl\u0131k problemi i\u00e7in yar\u0131\u015f\u0131 terk ederek, sa\u011fl\u0131k g\u00f6revlilerinden yard\u0131m isteyiniz.<\/p>\n","protected":false},"excerpt":{"rendered":"<p>5KM GENEL B\u0130LG\u0130LER Ulusal d\u00fczeyde \u00fc\u00e7\u00fcnc\u00fcs\u00fc d\u00fczenlenecek olan \u201c4.Geleneksel 14 Mart T\u0131p Bayram\u0131 Ko\u015fusu\u201d 5 Km etab\u0131, 29 Mart 2026 tarihinde saat 10:00\u2019de Do\u011fal Ya\u015fam ve Atat\u00fcrk \u00c7ocuklar\u0131 Park\u0131\/Ankara&#8217;da&nbsp; yap\u0131lacakt\u0131r.&nbsp;&hellip;<\/p>\n","protected":false},"author":3933,"featured_media":0,"parent":0,"menu_order":0,"comment_status":"closed","ping_status":"closed","template":"","meta":{"_acf_changed":false,"inline_featured_image":false,"_lmt_disableupdate":"","_lmt_disable":"","footnotes":""},"class_list":["post-39","page","type-page","status-publish","hentry"],"acf":[],"_links":{"self":[{"href":"https:\/\/tatd.org.tr\/tipbayramikosusu\/wp-json\/wp\/v2\/pages\/39","targetHints":{"allow":["GET"]}}],"collection":[{"href":"https:\/\/tatd.org.tr\/tipbayramikosusu\/wp-json\/wp\/v2\/pages"}],"about":[{"href":"https:\/\/tatd.org.tr\/tipbayramikosusu\/wp-json\/wp\/v2\/types\/page"}],"author":[{"embeddable":true,"href":"https:\/\/tatd.org.tr\/tipbayramikosusu\/wp-json\/wp\/v2\/users\/3933"}],"replies":[{"embeddable":true,"href":"https:\/\/tatd.org.tr\/tipbayramikosusu\/wp-json\/wp\/v2\/comments?post=39"}],"version-history":[{"count":0,"href":"https:\/\/tatd.org.tr\/tipbayramikosusu\/wp-json\/wp\/v2\/pages\/39\/revisions"}],"wp:attachment":[{"href":"https:\/\/tatd.org.tr\/tipbayramikosusu\/wp-json\/wp\/v2\/media?parent=39"}],"curies":[{"name":"wp","href":"https:\/\/api.w.org\/{rel}","templated":true}]}}