{"id":33,"date":"2022-11-23T11:46:05","date_gmt":"2022-11-23T11:46:05","guid":{"rendered":"https:\/\/tatd.org.tr\/tipbayramikosusu\/?page_id=33"},"modified":"2026-01-27T20:01:08","modified_gmt":"2026-01-27T20:01:08","slug":"tatd-hakkinda","status":"publish","type":"page","link":"https:\/\/tatd.org.tr\/tipbayramikosusu\/tatd-hakkinda\/","title":{"rendered":"T\u00fcrkiye Acil T\u0131p Derne\u011fi Hakk\u0131nda"},"content":{"rendered":"\n<div class=\"wp-block-columns is-layout-flex wp-container-core-columns-is-layout-9d6595d7 wp-block-columns-is-layout-flex\">\n<div class=\"wp-block-column is-layout-flow wp-block-column-is-layout-flow\" style=\"flex-basis:33.33%\">\n<figure class=\"wp-block-image size-full\"><img fetchpriority=\"high\" decoding=\"async\" width=\"500\" height=\"500\" src=\"https:\/\/tatd.org.tr\/tipbayramikosusu\/wp-content\/uploads\/sites\/37\/2022\/12\/8822ec9d957db8770a313e4bbc20d40d-1.png\" alt=\"\" class=\"wp-image-89\" srcset=\"https:\/\/tatd.org.tr\/tipbayramikosusu\/wp-content\/uploads\/sites\/37\/2022\/12\/8822ec9d957db8770a313e4bbc20d40d-1.png 500w, https:\/\/tatd.org.tr\/tipbayramikosusu\/wp-content\/uploads\/sites\/37\/2022\/12\/8822ec9d957db8770a313e4bbc20d40d-1-300x300.png 300w, https:\/\/tatd.org.tr\/tipbayramikosusu\/wp-content\/uploads\/sites\/37\/2022\/12\/8822ec9d957db8770a313e4bbc20d40d-1-150x150.png 150w\" sizes=\"(max-width: 500px) 100vw, 500px\" \/><\/figure>\n<\/div>\n\n\n\n<div class=\"wp-block-column is-layout-flow wp-block-column-is-layout-flow\" style=\"flex-basis:66.66%\">\n<hr class=\"wp-block-separator has-alpha-channel-opacity\" \/>\n\n\n\n<p>1980\u2019li y\u0131llar\u0131n sonunda Acil T\u0131p hizmetlerinin \u00f6neminin kavranmas\u0131 sonras\u0131 1990\u2019l\u0131 y\u0131llar\u0131n ba\u015f\u0131nda Sa\u011fl\u0131k Bakanl\u0131\u011f\u0131nda bir dizi toplant\u0131 yap\u0131lm\u0131\u015ft\u0131r. Bu toplant\u0131lar neticesinde \u201cAcil T\u0131p Uzmanl\u0131\u011f\u0131\u201d 30 Nisan 1993 tarihli Resmi Gazete\u2019de yay\u0131nlanarak o d\u00f6nemde \u201c\u0130lk ve Acil Yard\u0131m\u201d ad\u0131 ile T\u0131pta Uzmanl\u0131k T\u00fcz\u00fc\u011f\u00fc\u2019ne eklenmi\u015ftir.<br>D\u00f6nemin Dokuz Eyl\u00fcl \u00dcniversitesi Rekt\u00f6r\u00fc Prof. Dr. Nam\u0131k \u00c7evik\u2019in b\u00fcy\u00fck destekleri ve 1990 y\u0131l\u0131ndan sonra Dokuz Eyl\u00fcl \u00dcniversitesi Hastanesi Acil Servisinde g\u00f6reve ba\u015flayan Dr. John Fowler\u2019\u0131n emekleri ile ilk anabilim dal\u0131 kurulmu\u015ftur. Nisan 1994 T\u0131pta Uzmanl\u0131k S\u0131nav\u0131 sonras\u0131 Dokuz Eyl\u00fcl \u00dcniversitesi T\u0131p Fak\u00fcltesinde ilk asistanlar g\u00f6reve ba\u015flam\u0131\u015ft\u0131r.<br>Uzmanl\u0131k e\u011fitiminin ba\u015flamas\u0131n\u0131n ard\u0131ndan \u0130zmir\u2019de Acil T\u0131p ile ilgilenen bir grup hekim taraf\u0131ndan 25 May\u0131s 1995 tarihinde \u0130zmir\u2019de&nbsp;<strong>Acil T\u0131p Derne\u011fi<\/strong>&nbsp;<strong>(ATD)<\/strong>&nbsp;kurulmu\u015f ve Kurucu Ba\u015fkan\u0131 Dr. John Fowler olmu\u015ftur. Acil T\u0131p Derne\u011finin ilk genel kurulu 18 Ekim 1995 tarihinde \u0130zmir\u2019de yap\u0131lm\u0131\u015ft\u0131r.<br>TATD\u2019nin ilk bilimsel yay\u0131n organ\u0131&nbsp;<strong>Acil T\u0131p Dergisi<\/strong>&nbsp;2001\u2019de yay\u0131nlanmaya ba\u015flam\u0131\u015ft\u0131r. Yine ayn\u0131 y\u0131l \u00fclkemizdeki ilk Uluslararas\u0131 Acil T\u0131p Kongresi (1. MECEM) \u0130stanbul\u2019da yap\u0131lm\u0131\u015ft\u0131r.<br>Acil T\u0131p Derne\u011fi\u2019nin ger\u00e7ekle\u015ftirdi\u011fi \u00e7ok say\u0131daki ulusal ve uluslararas\u0131 etkinlik sayesinde, Bakanlar Kurulu\u2019nun 23 May\u0131s 2003 tarih ve 2003\/5660 say\u0131l\u0131 karar\u0131 ile ad\u0131n\u0131n \u00f6n\u00fcne \u201cT\u00dcRK\u0130YE\u201d ibaresinin konulmas\u0131 uygun bulmu\u015ftur ve derne\u011fin ad\u0131&nbsp;<strong>T\u00fcrkiye Acil T\u0131p Derne\u011fi<\/strong>&nbsp;olarak de\u011fi\u015ftirilmi\u015ftir.<br>\u0130lk&nbsp;<strong>T\u00fcrkiye Acil T\u0131p Kongresi (TATKON)<\/strong>&nbsp;2004 y\u0131l\u0131nda Gaziantep\u2019te ger\u00e7ekle\u015ftirilmi\u015ftir. TATD yine \u00fclkemizdeki ilklere bir imza daha atm\u0131\u015f ve ilk&nbsp;<strong>Acil T\u0131p Asistan Sempozyumu (ATAS)<\/strong>&nbsp;2006 y\u0131l\u0131nda Ankara\u2019da d\u00fczenlenmi\u015f, o tarihten beri de her y\u0131l kesintisiz olarak yap\u0131lmaya devam etmi\u015ftir.<br>TATD \u00fclkemizin ev sahipli\u011finde kendi markam\u0131z ile ger\u00e7ekle\u015ftirilen ilk uluslararas\u0131 kongremiz olan EurAsian Congress on Emergency Medicine (EACEM) kongresini 2008 y\u0131l\u0131nda (1. Avrasya Acil T\u0131p Kongresi) Antalya\u2019da d\u00fczenlemi\u015ftir. Avrasya Acil T\u0131p Kongreleri 2 y\u0131lda bir d\u00fczenli olarak yap\u0131lmaktad\u0131r.<br>2015 y\u0131l\u0131nda T\u00fcrkiye Acil T\u0131p Dergisi Pubmed\u2019de indekslenmeye ba\u015flam\u0131\u015f ve tamamen \u0130ngilizce olarak yay\u0131n hayat\u0131na devam etmek \u00fczere&nbsp;<strong>Turkish Journal of Emergency Medicine<\/strong>&nbsp;ad\u0131n\u0131 alm\u0131\u015ft\u0131r. Yay\u0131nc\u0131 olarak \u00f6nce Elsevier ile \u00e7al\u0131\u015fan dergimiz, ard\u0131ndan Wolter Kluwer MedKnow ile anla\u015fm\u0131\u015f ve halen bu yay\u0131nc\u0131yla devam etmektedir. 2020 y\u0131l\u0131 i\u00e7in yay\u0131nlanan Scopus CiteScore verilerine g\u00f6re dergimiz uluslararas\u0131 acil t\u0131p dergileri i\u00e7inde ilk \u00e7eyrek grupta (Q1) yer almaktad\u0131r. Ayr\u0131ca D\u00fcnya\u2019da Acil T\u0131p ve Kritik Bak\u0131m alanlar\u0131nda \u00fccretsiz olarak Open-Access \u015fekilde yay\u0131nlanan ve yine \u00fccretsiz yay\u0131n kabul (APC almayan) en y\u00fcksek CiteScore de\u011ferine sahip dergidir.<br>TATD\u2019nin ikinci bilimsel yay\u0131n organ\u0131&nbsp;<strong>Anadolu Acil T\u0131p Dergisi<\/strong>&nbsp;2018 y\u0131l\u0131nda yay\u0131n hayat\u0131na ba\u015flam\u0131\u015ft\u0131r.<br>2017 y\u0131l\u0131nda Asya Acil T\u0131p Kongresi, T\u00fcrkiye\u2019de ger\u00e7ekle\u015ftirilmi\u015f ve TATD Ba\u015fkan\u0131 Prof. Dr. Y\u0131ld\u0131ray \u00c7ete, Asya Acil T\u0131p Derne\u011fi (ASEM) ba\u015fkan\u0131 se\u00e7ilmi\u015ftir. 2019 y\u0131l\u0131nda 2. G\u00fcney Do\u011fu Avrupa Acil T\u0131p ve Afet Kongresi \u0130stanbul\u2019da ger\u00e7ekle\u015ftirilmi\u015ftir.<br>T\u00fcrkiye Acil T\u0131p Derne\u011fi, 1996 y\u0131l\u0131ndan bu yana T\u00fcrk Tabipleri Birli\u011fi Uzmanl\u0131k Dernekleri E\u015fg\u00fcd\u00fcm Kurulu \u00fcyesi, 2002\u2019den beri IFEM (International Federation for Emergency Medicine) ve EUSEM (European Society for Emergency Medicine) \u00fcyesi, 2008\u2019den beri de ASEM (Asian Society for Emergency Medicine) \u00fcyesidir.<br>Y\u0131llar i\u00e7erisinde TATD \u00fclkemizin sa\u011fl\u0131k politikalar\u0131n\u0131n geli\u015ftirilmesi \u00e7abalar\u0131n\u0131n i\u00e7inde aktif olarak rol oynam\u0131\u015ft\u0131r. G\u00fcn\u00fcm\u00fczde y\u0131lda 2 kongre onlarca sempozyum ve mezuniyet sonras\u0131 e\u011fitim etkinli\u011fi ile \u00fclkemizdeki akademik acil t\u0131bb\u0131n geli\u015fimine katk\u0131 vermeye devam etmektedir.<\/p>\n<\/div>\n<\/div>\n","protected":false},"excerpt":{"rendered":"<p>1980\u2019li y\u0131llar\u0131n sonunda Acil T\u0131p hizmetlerinin \u00f6neminin kavranmas\u0131 sonras\u0131 1990\u2019l\u0131 y\u0131llar\u0131n ba\u015f\u0131nda Sa\u011fl\u0131k Bakanl\u0131\u011f\u0131nda bir dizi toplant\u0131 yap\u0131lm\u0131\u015ft\u0131r. Bu toplant\u0131lar neticesinde \u201cAcil T\u0131p Uzmanl\u0131\u011f\u0131\u201d 30 Nisan 1993 tarihli Resmi Gazete\u2019de&hellip;<\/p>\n","protected":false},"author":3933,"featured_media":0,"parent":0,"menu_order":0,"comment_status":"closed","ping_status":"closed","template":"","meta":{"_acf_changed":false,"inline_featured_image":false,"_lmt_disableupdate":"","_lmt_disable":"","footnotes":""},"class_list":["post-33","page","type-page","status-publish","hentry"],"acf":[],"_links":{"self":[{"href":"https:\/\/tatd.org.tr\/tipbayramikosusu\/wp-json\/wp\/v2\/pages\/33","targetHints":{"allow":["GET"]}}],"collection":[{"href":"https:\/\/tatd.org.tr\/tipbayramikosusu\/wp-json\/wp\/v2\/pages"}],"about":[{"href":"https:\/\/tatd.org.tr\/tipbayramikosusu\/wp-json\/wp\/v2\/types\/page"}],"author":[{"embeddable":true,"href":"https:\/\/tatd.org.tr\/tipbayramikosusu\/wp-json\/wp\/v2\/users\/3933"}],"replies":[{"embeddable":true,"href":"https:\/\/tatd.org.tr\/tipbayramikosusu\/wp-json\/wp\/v2\/comments?post=33"}],"version-history":[{"count":0,"href":"https:\/\/tatd.org.tr\/tipbayramikosusu\/wp-json\/wp\/v2\/pages\/33\/revisions"}],"wp:attachment":[{"href":"https:\/\/tatd.org.tr\/tipbayramikosusu\/wp-json\/wp\/v2\/media?parent=33"}],"curies":[{"name":"wp","href":"https:\/\/api.w.org\/{rel}","templated":true}]}}