{"id":32,"date":"2022-11-23T11:46:04","date_gmt":"2022-11-23T11:46:04","guid":{"rendered":"https:\/\/tatd.org.tr\/tipbayramikosusu\/?page_id=32"},"modified":"2026-02-09T18:24:08","modified_gmt":"2026-02-09T18:24:08","slug":"kosu-hakkinda","status":"publish","type":"page","link":"https:\/\/tatd.org.tr\/tipbayramikosusu\/kosu-hakkinda\/","title":{"rendered":"14 Mart T\u0131p Bayram\u0131 Ko\u015fusu Hakk\u0131nda"},"content":{"rendered":"\n<figure class=\"wp-block-image size-large\"><img fetchpriority=\"high\" decoding=\"async\" width=\"1024\" height=\"683\" src=\"https:\/\/tatd.org.tr\/tipbayramikosusu\/wp-content\/uploads\/sites\/37\/2026\/02\/147A0664-1024x683.jpg\" alt=\"\" class=\"wp-image-476\" srcset=\"https:\/\/tatd.org.tr\/tipbayramikosusu\/wp-content\/uploads\/sites\/37\/2026\/02\/147A0664-1024x683.jpg 1024w, https:\/\/tatd.org.tr\/tipbayramikosusu\/wp-content\/uploads\/sites\/37\/2026\/02\/147A0664-300x200.jpg 300w, https:\/\/tatd.org.tr\/tipbayramikosusu\/wp-content\/uploads\/sites\/37\/2026\/02\/147A0664-768x512.jpg 768w, https:\/\/tatd.org.tr\/tipbayramikosusu\/wp-content\/uploads\/sites\/37\/2026\/02\/147A0664-1536x1024.jpg 1536w, https:\/\/tatd.org.tr\/tipbayramikosusu\/wp-content\/uploads\/sites\/37\/2026\/02\/147A0664-2048x1365.jpg 2048w, https:\/\/tatd.org.tr\/tipbayramikosusu\/wp-content\/uploads\/sites\/37\/2026\/02\/147A0664-1920x1280.jpg 1920w, https:\/\/tatd.org.tr\/tipbayramikosusu\/wp-content\/uploads\/sites\/37\/2026\/02\/147A0664-1170x780.jpg 1170w, https:\/\/tatd.org.tr\/tipbayramikosusu\/wp-content\/uploads\/sites\/37\/2026\/02\/147A0664-585x390.jpg 585w, https:\/\/tatd.org.tr\/tipbayramikosusu\/wp-content\/uploads\/sites\/37\/2026\/02\/147A0664-263x175.jpg 263w\" sizes=\"(max-width: 1024px) 100vw, 1024px\" \/><\/figure>\n\n\n\n<h2 class=\"wp-block-heading\">Ko\u015fu Tarih\u00e7esi<\/h2>\n\n\n\n<p><strong>4. Geleneksel 14 Mart T\u0131p Bayram\u0131 Ko\u015fusu<\/strong><\/p>\n\n\n\n<p>T\u00fcrkiye Acil T\u0131p Derne\u011fi (TATD) taraf\u0131ndan sosyal sorumluluk anlay\u0131\u015f\u0131yla hayata ge\u00e7irilen <strong>14 Mart T\u0131p Bayram\u0131 Ko\u015fusu<\/strong>, 2026 y\u0131l\u0131nda <strong>d\u00f6rd\u00fcnc\u00fc kez<\/strong> d\u00fczenlenerek geleneksel yap\u0131s\u0131n\u0131 g\u00fc\u00e7lendirmeye devam etmektedir. Her y\u0131l artan kat\u0131l\u0131m\u0131, g\u00fc\u00e7l\u00fc mesaj\u0131 ve toplumsal duyarl\u0131l\u0131\u011f\u0131yla bu organizasyon; spor, dayan\u0131\u015fma ve vefa duygusunu ayn\u0131 parkurda bulu\u015fturan anlaml\u0131 bir etkinliktir.<\/p>\n\n\n\n<p>2026 y\u0131l\u0131nda ger\u00e7ekle\u015ftirilecek <strong>4. Geleneksel 14 Mart T\u0131p Bayram\u0131 Ko\u015fusu<\/strong>, ge\u00e7mi\u015ften bug\u00fcne ta\u015f\u0131nan de\u011ferleri ya\u015fatarak, sa\u011fl\u0131k \u00e7al\u0131\u015fanlar\u0131 ile toplumun her kesimini bir araya getirmeyi ama\u00e7lamaktad\u0131r.<\/p>\n\n\n\n<hr class=\"wp-block-separator has-alpha-channel-opacity\" \/>\n\n\n\n<h2 class=\"wp-block-heading\">Etkinlik Ge\u00e7mi\u015fi ve Amac\u0131<\/h2>\n\n\n\n<h3 class=\"wp-block-heading\"><strong>1. Ko\u015fu \u2013 2022 (Ankara, Eymir G\u00f6l\u00fc)<\/strong><\/h3>\n\n\n\n<p>\u0130lk kez 2022 y\u0131l\u0131nda Ankara Eymir G\u00f6l\u00fc\u2019nde d\u00fczenlenen 14 Mart T\u0131p Bayram\u0131 Ko\u015fusu, pandemi s\u00fcrecinde b\u00fcy\u00fck \u00f6zveriyle g\u00f6rev yapan sa\u011fl\u0131k \u00e7al\u0131\u015fanlar\u0131na vefa g\u00f6stermek amac\u0131yla hayata ge\u00e7irilmi\u015ftir.<br>Sa\u011fl\u0131k \u00e7al\u0131\u015fanlar\u0131 ile halk\u0131n T\u0131p Bayram\u0131\u2019n\u0131 birlikte ve co\u015fkuyla kutlamas\u0131 hedeflenen etkinli\u011fe yakla\u015f\u0131k <strong>1000 sporcu ba\u015fvurmu\u015f<\/strong>, kat\u0131l\u0131mc\u0131lar\u0131n <strong>yakla\u015f\u0131k yar\u0131s\u0131n\u0131 hekimler<\/strong> olu\u015fturmu\u015ftur. Genel klasman, ya\u015f klasman\u0131 ve doktor klasman\u0131 \u00f6d\u00fclleriyle sporcular onurland\u0131r\u0131lm\u0131\u015ft\u0131r.<br>Ko\u015fu ayn\u0131 zamanda bir sosyal sorumluluk hareketine d\u00f6n\u00fc\u015ft\u00fcr\u00fclerek, <strong>Covid-19 nedeniyle hayat\u0131n\u0131 kaybeden sa\u011fl\u0131k \u00e7al\u0131\u015fanlar\u0131n\u0131n \u00e7ocuklar\u0131 i\u00e7in KAHEV \u201cEmanetiniz Emanetimizdir Fonu\u201dna<\/strong> ve <strong>TEV pandemi yard\u0131m kampanyas\u0131na<\/strong> destek sa\u011flam\u0131\u015ft\u0131r.<\/p>\n\n\n\n<h3 class=\"wp-block-heading\"><strong>2023 (Ko\u015fu D\u00fczenlenmedi)<\/strong><\/h3>\n\n\n\n<p>2023 y\u0131l\u0131nda planlanan ko\u015fu, <strong>6 \u015eubat depremleri<\/strong> sonras\u0131nda acil t\u0131p hekimlerinin ve sa\u011fl\u0131k \u00e7al\u0131\u015fanlar\u0131n\u0131n deprem b\u00f6lgesindeki yo\u011fun ve hayati g\u00f6revleri nedeniyle ger\u00e7ekle\u015ftirilmemi\u015ftir. Bu y\u0131l numaraland\u0131rmaya dahil edilmemi\u015f, dayan\u0131\u015fma ve sorumluluk bilinci \u00f6n planda tutulmu\u015ftur.<\/p>\n\n\n\n<h3 class=\"wp-block-heading\"><strong>2. Ko\u015fu \u2013 2024 (Ankara, Do\u011fal Ya\u015fam ve Atat\u00fcrk \u00c7ocuklar\u0131 Park\u0131)<\/strong><\/h3>\n\n\n\n<p>2024 y\u0131l\u0131nda d\u00fczenlenen ve <strong>2. Ko\u015fu<\/strong> olarak an\u0131lan etkinlik, depremde kaybetti\u011fimiz meslekta\u015flar\u0131m\u0131za ithaf edilmi\u015ftir. Do\u011fal Ya\u015fam ve Atat\u00fcrk \u00c7ocuklar\u0131 Park\u0131\u2019nda ger\u00e7ekle\u015ftirilen organizasyon, yo\u011fun kat\u0131l\u0131mla ger\u00e7ekle\u015fmi\u015f; <strong>\u201cMinik Kahramanlar Ko\u015fusu\u201d<\/strong> ile \u00e7ocuklar\u0131n da s\u00fcrece dahil edilmesi sa\u011flanarak toplumsal fark\u0131ndal\u0131k art\u0131r\u0131lm\u0131\u015ft\u0131r.<br>Yakla\u015f\u0131k <strong>1000 sporcu ba\u015fvurusu<\/strong> al\u0131nm\u0131\u015f, kat\u0131l\u0131mc\u0131lar\u0131n \u00f6nemli bir b\u00f6l\u00fcm\u00fcn\u00fc yine hekimler olu\u015fturmu\u015ftur. Genel klasman, ya\u015f klasman\u0131 ve doktor klasman\u0131 \u00f6d\u00fclleriyle sporcular onurland\u0131r\u0131lm\u0131\u015ft\u0131r.<\/p>\n\n\n\n<h3 class=\"wp-block-heading\"><strong>3. Ko\u015fu \u2013 2025<\/strong> (<strong>Ankara, Do\u011fal Ya\u015fam ve Atat\u00fcrk \u00c7ocuklar\u0131 Park\u0131)<\/strong><\/h3>\n\n\n\n<p>2025 y\u0131l\u0131nda ger\u00e7ekle\u015ftirilen <strong>3. Geleneksel 14 Mart T\u0131p Bayram\u0131 Ko\u015fusu<\/strong>, \u00f6nceki y\u0131llardan devrald\u0131\u011f\u0131 g\u00fc\u00e7l\u00fc miras\u0131 daha da ileri ta\u015f\u0131yarak geni\u015f kat\u0131l\u0131mla d\u00fczenlenmi\u015ftir. Sa\u011fl\u0131k \u00e7al\u0131\u015fanlar\u0131n\u0131n eme\u011fini g\u00f6r\u00fcn\u00fcr k\u0131lan etkinlik, T\u0131p Bayram\u0131\u2019n\u0131 sporun birle\u015ftirici g\u00fcc\u00fcyle kutlamaya devam etmi\u015f; dayan\u0131\u015fma, vefa ve toplumsal fark\u0131ndal\u0131k mesajlar\u0131n\u0131 g\u00fc\u00e7lendirmi\u015ftir.<\/p>\n\n\n\n<h3 class=\"wp-block-heading\"><strong>4. Ko\u015fu \u2013 2026<\/strong> (<strong>Ankara, Do\u011fal Ya\u015fam ve Atat\u00fcrk \u00c7ocuklar\u0131 Park\u0131)<\/strong><\/h3>\n\n\n\n<p>2026 y\u0131l\u0131nda d\u00fczenlenecek <strong>4. Geleneksel 14 Mart T\u0131p Bayram\u0131 Ko\u015fusu<\/strong>, ge\u00e7mi\u015f y\u0131llar\u0131n birikimiyle; sa\u011fl\u0131k \u00e7al\u0131\u015fanlar\u0131n\u0131n fedak\u00e2rl\u0131\u011f\u0131n\u0131 onurland\u0131rmay\u0131, toplumsal birlikteli\u011fi peki\u015ftirmeyi ve T\u0131p Bayram\u0131\u2019n\u0131 umutla, hareketle ve birlikte kutlamay\u0131 hedeflemektedir.<\/p>\n\n\n\n<figure class=\"wp-block-image size-full\"><img decoding=\"async\" width=\"1080\" height=\"608\" src=\"https:\/\/tatd.org.tr\/tipbayramikosusu\/wp-content\/uploads\/sites\/37\/2026\/02\/WhatsApp-Image-2026-01-30-at-18.26.00-edited-1.jpeg\" alt=\"\" class=\"wp-image-486\" srcset=\"https:\/\/tatd.org.tr\/tipbayramikosusu\/wp-content\/uploads\/sites\/37\/2026\/02\/WhatsApp-Image-2026-01-30-at-18.26.00-edited-1.jpeg 1080w, https:\/\/tatd.org.tr\/tipbayramikosusu\/wp-content\/uploads\/sites\/37\/2026\/02\/WhatsApp-Image-2026-01-30-at-18.26.00-edited-1-300x169.jpeg 300w, https:\/\/tatd.org.tr\/tipbayramikosusu\/wp-content\/uploads\/sites\/37\/2026\/02\/WhatsApp-Image-2026-01-30-at-18.26.00-edited-1-1024x576.jpeg 1024w, https:\/\/tatd.org.tr\/tipbayramikosusu\/wp-content\/uploads\/sites\/37\/2026\/02\/WhatsApp-Image-2026-01-30-at-18.26.00-edited-1-768x432.jpeg 768w, https:\/\/tatd.org.tr\/tipbayramikosusu\/wp-content\/uploads\/sites\/37\/2026\/02\/WhatsApp-Image-2026-01-30-at-18.26.00-edited-1-585x329.jpeg 585w\" sizes=\"(max-width: 1080px) 100vw, 1080px\" \/><\/figure>\n\n\n\n<p><\/p>\n","protected":false},"excerpt":{"rendered":"<p>Ko\u015fu Tarih\u00e7esi 4. Geleneksel 14 Mart T\u0131p Bayram\u0131 Ko\u015fusu T\u00fcrkiye Acil T\u0131p Derne\u011fi (TATD) taraf\u0131ndan sosyal sorumluluk anlay\u0131\u015f\u0131yla hayata ge\u00e7irilen 14 Mart T\u0131p Bayram\u0131 Ko\u015fusu, 2026 y\u0131l\u0131nda d\u00f6rd\u00fcnc\u00fc kez d\u00fczenlenerek&hellip;<\/p>\n","protected":false},"author":3933,"featured_media":0,"parent":0,"menu_order":0,"comment_status":"closed","ping_status":"closed","template":"","meta":{"_acf_changed":false,"inline_featured_image":false,"_lmt_disableupdate":"","_lmt_disable":"","footnotes":""},"class_list":["post-32","page","type-page","status-publish","hentry"],"acf":[],"_links":{"self":[{"href":"https:\/\/tatd.org.tr\/tipbayramikosusu\/wp-json\/wp\/v2\/pages\/32","targetHints":{"allow":["GET"]}}],"collection":[{"href":"https:\/\/tatd.org.tr\/tipbayramikosusu\/wp-json\/wp\/v2\/pages"}],"about":[{"href":"https:\/\/tatd.org.tr\/tipbayramikosusu\/wp-json\/wp\/v2\/types\/page"}],"author":[{"embeddable":true,"href":"https:\/\/tatd.org.tr\/tipbayramikosusu\/wp-json\/wp\/v2\/users\/3933"}],"replies":[{"embeddable":true,"href":"https:\/\/tatd.org.tr\/tipbayramikosusu\/wp-json\/wp\/v2\/comments?post=32"}],"version-history":[{"count":0,"href":"https:\/\/tatd.org.tr\/tipbayramikosusu\/wp-json\/wp\/v2\/pages\/32\/revisions"}],"wp:attachment":[{"href":"https:\/\/tatd.org.tr\/tipbayramikosusu\/wp-json\/wp\/v2\/media?parent=32"}],"curies":[{"name":"wp","href":"https:\/\/api.w.org\/{rel}","templated":true}]}}