{"id":319,"date":"2024-03-09T05:45:23","date_gmt":"2024-03-09T05:45:23","guid":{"rendered":"https:\/\/tatd.org.tr\/tipbayramikosusu\/?page_id=319"},"modified":"2026-01-27T20:03:40","modified_gmt":"2026-01-27T20:03:40","slug":"2025sonuclari","status":"publish","type":"page","link":"https:\/\/tatd.org.tr\/tipbayramikosusu\/2025sonuclari\/","title":{"rendered":"2025 Yar\u0131\u015f Sonu\u00e7lar\u0131"},"content":{"rendered":"\n<div class=\"wp-block-buttons is-content-justification-center is-layout-flex wp-container-core-buttons-is-layout-16018d1d wp-block-buttons-is-layout-flex\">\n<div class=\"wp-block-button\"><a class=\"wp-block-button__link wp-element-button\">2025 Yar\u0131\u015f Sonu\u00e7lar\u0131<\/a><\/div>\n<\/div>\n\n\n\n<p><\/p>\n","protected":false},"excerpt":{"rendered":"","protected":false},"author":3933,"featured_media":0,"parent":0,"menu_order":0,"comment_status":"closed","ping_status":"closed","template":"","meta":{"_acf_changed":false,"inline_featured_image":false,"_lmt_disableupdate":"","_lmt_disable":"","footnotes":""},"class_list":["post-319","page","type-page","status-publish","hentry"],"acf":[],"_links":{"self":[{"href":"https:\/\/tatd.org.tr\/tipbayramikosusu\/wp-json\/wp\/v2\/pages\/319","targetHints":{"allow":["GET"]}}],"collection":[{"href":"https:\/\/tatd.org.tr\/tipbayramikosusu\/wp-json\/wp\/v2\/pages"}],"about":[{"href":"https:\/\/tatd.org.tr\/tipbayramikosusu\/wp-json\/wp\/v2\/types\/page"}],"author":[{"embeddable":true,"href":"https:\/\/tatd.org.tr\/tipbayramikosusu\/wp-json\/wp\/v2\/users\/3933"}],"replies":[{"embeddable":true,"href":"https:\/\/tatd.org.tr\/tipbayramikosusu\/wp-json\/wp\/v2\/comments?post=319"}],"version-history":[{"count":0,"href":"https:\/\/tatd.org.tr\/tipbayramikosusu\/wp-json\/wp\/v2\/pages\/319\/revisions"}],"wp:attachment":[{"href":"https:\/\/tatd.org.tr\/tipbayramikosusu\/wp-json\/wp\/v2\/media?parent=319"}],"curies":[{"name":"wp","href":"https:\/\/api.w.org\/{rel}","templated":true}]}}