{"id":256,"date":"2024-02-10T06:26:26","date_gmt":"2024-02-10T06:26:26","guid":{"rendered":"https:\/\/tatd.org.tr\/tipbayramikosusu\/?page_id=256"},"modified":"2025-03-08T14:05:39","modified_gmt":"2025-03-08T14:05:39","slug":"kurumsal-destekciler","status":"publish","type":"page","link":"https:\/\/tatd.org.tr\/tipbayramikosusu\/kurumsal-destekciler\/","title":{"rendered":"Kurumsal Destek\u00e7iler"},"content":{"rendered":"\n<p>T\u00fcrkiye Acil T\u0131p Derne\u011fi olarak bu sene \u00fc\u00e7\u00fcnc\u00fcs\u00fcn\u00fc d\u00fczenledi\u011fimiz \u201c3. Geleneksel 14 Mart T\u0131p Bayram\u0131 Ko\u015fusu\u201d&nbsp;Ankara B\u00fcy\u00fck \u015eehir Belediyesi,  T\u00fcrkiye Atletizm Federasyonu, T\u00fcrkiye Ormanc\u0131lar Derne\u011fi&#8217;nin ko\u015fulsuz destekleri ile d\u00fczenlenmektedir.<\/p>\n\n\n\n<div class=\"wp-block-group\"><div class=\"wp-block-group__inner-container is-layout-constrained wp-block-group-is-layout-constrained\">\n<figure class=\"wp-block-table\"><div class=\"pcrstb-wrap\"><table class=\"has-fixed-layout\"><tbody><tr><td><img decoding=\"async\" src=\"https:\/\/tatd.org.tr\/tipbayramikosusu\/wp-content\/uploads\/sites\/37\/2024\/02\/1bc37ac2305be8803270af549832664c-724x1024.jpg\" alt=\"\"><\/td><td><img decoding=\"async\" src=\"https:\/\/tatd.org.tr\/tipbayramikosusu\/wp-content\/uploads\/sites\/37\/2024\/02\/a332828f65df7b920db46c233a1b5b8b.png\" alt=\"\"><\/td><td><img decoding=\"async\" src=\"https:\/\/tatd.org.tr\/tipbayramikosusu\/wp-content\/uploads\/sites\/37\/2024\/02\/eadbbba9ec84495c30ac06c9c678f33e-1024x1002.jpeg\" alt=\"\"><\/td><\/tr><\/tbody><\/table><\/div><\/figure>\n<\/div><\/div>\n\n\n\n<p><\/p>\n\n\n","protected":false},"excerpt":{"rendered":"<p>T\u00fcrkiye Acil T\u0131p Derne\u011fi olarak bu sene \u00fc\u00e7\u00fcnc\u00fcs\u00fcn\u00fc d\u00fczenledi\u011fimiz \u201c3. Geleneksel 14 Mart T\u0131p Bayram\u0131 Ko\u015fusu\u201d&nbsp;Ankara B\u00fcy\u00fck \u015eehir Belediyesi, T\u00fcrkiye Atletizm Federasyonu, T\u00fcrkiye Ormanc\u0131lar Derne\u011fi&#8217;nin ko\u015fulsuz destekleri ile d\u00fczenlenmektedir.<\/p>\n","protected":false},"author":1185,"featured_media":0,"parent":0,"menu_order":0,"comment_status":"closed","ping_status":"closed","template":"","meta":{"_acf_changed":false,"inline_featured_image":false,"_lmt_disableupdate":"","_lmt_disable":"","footnotes":""},"class_list":["post-256","page","type-page","status-publish","hentry"],"acf":[],"_links":{"self":[{"href":"https:\/\/tatd.org.tr\/tipbayramikosusu\/wp-json\/wp\/v2\/pages\/256","targetHints":{"allow":["GET"]}}],"collection":[{"href":"https:\/\/tatd.org.tr\/tipbayramikosusu\/wp-json\/wp\/v2\/pages"}],"about":[{"href":"https:\/\/tatd.org.tr\/tipbayramikosusu\/wp-json\/wp\/v2\/types\/page"}],"author":[{"embeddable":true,"href":"https:\/\/tatd.org.tr\/tipbayramikosusu\/wp-json\/wp\/v2\/users\/1185"}],"replies":[{"embeddable":true,"href":"https:\/\/tatd.org.tr\/tipbayramikosusu\/wp-json\/wp\/v2\/comments?post=256"}],"version-history":[{"count":0,"href":"https:\/\/tatd.org.tr\/tipbayramikosusu\/wp-json\/wp\/v2\/pages\/256\/revisions"}],"wp:attachment":[{"href":"https:\/\/tatd.org.tr\/tipbayramikosusu\/wp-json\/wp\/v2\/media?parent=256"}],"curies":[{"name":"wp","href":"https:\/\/api.w.org\/{rel}","templated":true}]}}