{"id":5079,"date":"2025-08-09T02:44:42","date_gmt":"2025-08-08T23:44:42","guid":{"rendered":"https:\/\/tatd.org.tr\/tatdus\/?page_id=5079"},"modified":"2026-01-08T09:14:22","modified_gmt":"2026-01-08T06:14:22","slug":"yurutme-kurulu","status":"publish","type":"page","link":"https:\/\/tatd.org.tr\/tatdus\/homepage\/kurullarimiz\/yurutme-kurulu\/","title":{"rendered":"Y\u00fcr\u00fctme Kurulu"},"content":{"rendered":"<div class=\"wp-block-image\">\n<figure class=\"aligncenter size-full\"><img fetchpriority=\"high\" decoding=\"async\" width=\"1000\" height=\"1000\" src=\"https:\/\/tatd.org.tr\/tatdus\/wp-content\/uploads\/sites\/5\/2026\/01\/Ali-Batur.jpg\" alt=\"\" class=\"wp-image-5152\" srcset=\"https:\/\/tatd.org.tr\/tatdus\/wp-content\/uploads\/sites\/5\/2026\/01\/Ali-Batur.jpg 1000w, https:\/\/tatd.org.tr\/tatdus\/wp-content\/uploads\/sites\/5\/2026\/01\/Ali-Batur-300x300.jpg 300w, https:\/\/tatd.org.tr\/tatdus\/wp-content\/uploads\/sites\/5\/2026\/01\/Ali-Batur-150x150.jpg 150w, https:\/\/tatd.org.tr\/tatdus\/wp-content\/uploads\/sites\/5\/2026\/01\/Ali-Batur-768x768.jpg 768w, https:\/\/tatd.org.tr\/tatdus\/wp-content\/uploads\/sites\/5\/2026\/01\/Ali-Batur-585x585.jpg 585w\" sizes=\"(max-width: 1000px) 100vw, 1000px\" \/><\/figure>\n<\/div>\n\n\n<figure class=\"wp-block-table\"><div class=\"pcrstb-wrap\"><table><tbody><tr><td><strong>D\u00f6nem<\/strong><\/td><td><strong>Ba\u015fkan<\/strong><\/td><td><strong>G\u00f6rev S\u00fcresi<\/strong><\/td><\/tr><tr><td><strong>9.<\/strong><\/td><td>Ali Batur<\/td><td>2026 \u2013 2027<\/td><\/tr><\/tbody><\/table><\/div><\/figure>\n\n\n<div class=\"wp-block-image\">\n<figure class=\"aligncenter size-full\"><img decoding=\"async\" width=\"1000\" height=\"1000\" src=\"https:\/\/tatd.org.tr\/tatdus\/wp-content\/uploads\/sites\/5\/2026\/01\/Suleyman-IBZE.jpg\" alt=\"\" class=\"wp-image-5154\" srcset=\"https:\/\/tatd.org.tr\/tatdus\/wp-content\/uploads\/sites\/5\/2026\/01\/Suleyman-IBZE.jpg 1000w, https:\/\/tatd.org.tr\/tatdus\/wp-content\/uploads\/sites\/5\/2026\/01\/Suleyman-IBZE-300x300.jpg 300w, https:\/\/tatd.org.tr\/tatdus\/wp-content\/uploads\/sites\/5\/2026\/01\/Suleyman-IBZE-150x150.jpg 150w, https:\/\/tatd.org.tr\/tatdus\/wp-content\/uploads\/sites\/5\/2026\/01\/Suleyman-IBZE-768x768.jpg 768w, https:\/\/tatd.org.tr\/tatdus\/wp-content\/uploads\/sites\/5\/2026\/01\/Suleyman-IBZE-585x585.jpg 585w\" sizes=\"(max-width: 1000px) 100vw, 1000px\" \/><\/figure>\n<\/div>\n\n\n<figure class=\"wp-block-table\"><div class=\"pcrstb-wrap\"><table><tbody><tr><td><strong>D\u00f6nem<\/strong><\/td><td><strong>Sekreter<\/strong><\/td><td><strong>G\u00f6rev S\u00fcresi<\/strong><\/td><\/tr><tr><td><strong>9.<\/strong><\/td><td>S\u00fcleyman \u0130bze<\/td><td>2026 \u2013 2027<\/td><\/tr><\/tbody><\/table><\/div><\/figure>\n\n\n\n<p><\/p>\n","protected":false},"excerpt":{"rendered":"<p>D\u00f6nem Ba\u015fkan G\u00f6rev S\u00fcresi 9. Ali Batur 2026 \u2013 2027 D\u00f6nem Sekreter G\u00f6rev S\u00fcresi 9. S\u00fcleyman \u0130bze 2026 \u2013 2027<\/p>\n","protected":false},"author":17,"featured_media":0,"parent":3192,"menu_order":0,"comment_status":"closed","ping_status":"closed","template":"","meta":{"_acf_changed":false,"inline_featured_image":false,"_lmt_disableupdate":"","_lmt_disable":"","footnotes":""},"class_list":["post-5079","page","type-page","status-publish","hentry"],"acf":[],"_links":{"self":[{"href":"https:\/\/tatd.org.tr\/tatdus\/wp-json\/wp\/v2\/pages\/5079","targetHints":{"allow":["GET"]}}],"collection":[{"href":"https:\/\/tatd.org.tr\/tatdus\/wp-json\/wp\/v2\/pages"}],"about":[{"href":"https:\/\/tatd.org.tr\/tatdus\/wp-json\/wp\/v2\/types\/page"}],"author":[{"embeddable":true,"href":"https:\/\/tatd.org.tr\/tatdus\/wp-json\/wp\/v2\/users\/17"}],"replies":[{"embeddable":true,"href":"https:\/\/tatd.org.tr\/tatdus\/wp-json\/wp\/v2\/comments?post=5079"}],"version-history":[{"count":0,"href":"https:\/\/tatd.org.tr\/tatdus\/wp-json\/wp\/v2\/pages\/5079\/revisions"}],"up":[{"embeddable":true,"href":"https:\/\/tatd.org.tr\/tatdus\/wp-json\/wp\/v2\/pages\/3192"}],"wp:attachment":[{"href":"https:\/\/tatd.org.tr\/tatdus\/wp-json\/wp\/v2\/media?parent=5079"}],"curies":[{"name":"wp","href":"https:\/\/api.w.org\/{rel}","templated":true}]}}