{"id":4028,"date":"2021-12-19T02:56:39","date_gmt":"2021-12-18T23:56:39","guid":{"rendered":"https:\/\/tatd.org.tr\/tatdus\/?page_id=4028"},"modified":"2022-03-09T20:38:07","modified_gmt":"2022-03-09T17:38:07","slug":"nobetten-merhaba","status":"publish","type":"page","link":"https:\/\/tatd.org.tr\/tatdus\/nobetten-merhaba\/","title":{"rendered":"N\u00f6betten Merhaba"},"content":{"rendered":"<p><img fetchpriority=\"high\" decoding=\"async\" class=\"alignnone wp-image-4057\" src=\"https:\/\/tatd.org.tr\/tatdus\/wp-content\/uploads\/sites\/5\/2021\/12\/Nobetten-Merhaba-1.jpeg\" alt=\"\" width=\"692\" height=\"692\" srcset=\"https:\/\/tatd.org.tr\/tatdus\/wp-content\/uploads\/sites\/5\/2021\/12\/Nobetten-Merhaba-1.jpeg 1024w, https:\/\/tatd.org.tr\/tatdus\/wp-content\/uploads\/sites\/5\/2021\/12\/Nobetten-Merhaba-1-300x300.jpeg 300w, https:\/\/tatd.org.tr\/tatdus\/wp-content\/uploads\/sites\/5\/2021\/12\/Nobetten-Merhaba-1-150x150.jpeg 150w, https:\/\/tatd.org.tr\/tatdus\/wp-content\/uploads\/sites\/5\/2021\/12\/Nobetten-Merhaba-1-768x768.jpeg 768w, https:\/\/tatd.org.tr\/tatdus\/wp-content\/uploads\/sites\/5\/2021\/12\/Nobetten-Merhaba-1-630x630.jpeg 630w\" sizes=\"(max-width: 692px) 100vw, 692px\" \/><\/p>\n<p><a class=\"btn btn-outline-primary fw-bold text-start\" href=\"https:\/\/tatd.org.tr\/tatdus\/wp-content\/uploads\/sites\/5\/2022\/01\/e46ca526312cabba29a3c4aad13842b6.pdf\" target=\"_blank\" rel=\"noopener\"><i class=\"fas fa-file-pdf me-2\"><\/i>No\u0308betten merhaba ic\u0327erik haz\u0131rl\u0131k formu_TATD (2,60 MB)<\/a><\/p>\n<p><a class=\"btn btn-outline-primary fw-bold text-start\" href=\"https:\/\/tatd.org.tr\/tatdus\/wp-content\/uploads\/sites\/5\/2022\/01\/b01886dcfddb20fa31d6e68f307a613e.pdf\" target=\"_blank\" rel=\"noopener\"><i class=\"fas fa-file-pdf me-2\"><\/i>TATD T\u0131bbi go\u0308ru\u0308ntu\u0308 ve fotog\u0306raf ic\u0327in bilgilendirme ve onam formu (2,91 MB)<\/a><\/p>\n<p><strong>Olgumu nas\u0131l y\u00fcklerim?<\/strong><\/p>\n<p>Yatak ba\u015f\u0131 ultrasonografi ile ilgilenen bir bran\u015fta hekim iseniz, i\u00e7erik haz\u0131rl\u0131k ve onam formu doldurulduktan sonra payla\u015fmak istedi\u011finiz g\u00f6r\u00fcnt\u00fcy\u00fc klinik bilgi ile birlikte<a href=\"mailto:tatdus@tatd.org.tr\"> tatdus@tatd.org.tr <\/a>adresine mail yolu ile g\u00f6nderebilirsiniz.<\/p>\n<p>Doldurdu\u011funuz haz\u0131rl\u0131k ve onam formlar\u0131n\u0131n g\u00f6r\u00fcnt\u00fclerini asl\u0131 sizde sakl\u0131 kalacak \u015fekilde, foto\u011fraf veya tarama g\u00f6r\u00fcnt\u00fcs\u00fc olarak g\u00f6nderebilirsiniz&#8230;<\/p>\n","protected":false},"excerpt":{"rendered":"<p>No\u0308betten merhaba ic\u0327erik haz\u0131rl\u0131k formu_TATD (2,60 MB) TATD T\u0131bbi go\u0308ru\u0308ntu\u0308 ve fotog\u0306raf ic\u0327in bilgilendirme ve onam formu (2,91 MB) Olgumu nas\u0131l y\u00fcklerim?&hellip;<\/p>\n","protected":false},"author":3140,"featured_media":4057,"parent":0,"menu_order":0,"comment_status":"closed","ping_status":"closed","template":"","meta":{"_acf_changed":false,"inline_featured_image":false,"_lmt_disableupdate":"","_lmt_disable":"","footnotes":""},"class_list":["post-4028","page","type-page","status-publish","has-post-thumbnail","hentry"],"acf":[],"_links":{"self":[{"href":"https:\/\/tatd.org.tr\/tatdus\/wp-json\/wp\/v2\/pages\/4028","targetHints":{"allow":["GET"]}}],"collection":[{"href":"https:\/\/tatd.org.tr\/tatdus\/wp-json\/wp\/v2\/pages"}],"about":[{"href":"https:\/\/tatd.org.tr\/tatdus\/wp-json\/wp\/v2\/types\/page"}],"author":[{"embeddable":true,"href":"https:\/\/tatd.org.tr\/tatdus\/wp-json\/wp\/v2\/users\/3140"}],"replies":[{"embeddable":true,"href":"https:\/\/tatd.org.tr\/tatdus\/wp-json\/wp\/v2\/comments?post=4028"}],"version-history":[{"count":0,"href":"https:\/\/tatd.org.tr\/tatdus\/wp-json\/wp\/v2\/pages\/4028\/revisions"}],"wp:featuredmedia":[{"embeddable":true,"href":"https:\/\/tatd.org.tr\/tatdus\/wp-json\/wp\/v2\/media\/4057"}],"wp:attachment":[{"href":"https:\/\/tatd.org.tr\/tatdus\/wp-json\/wp\/v2\/media?parent=4028"}],"curies":[{"name":"wp","href":"https:\/\/api.w.org\/{rel}","templated":true}]}}