{"id":3194,"date":"2021-11-21T22:21:36","date_gmt":"2021-11-21T19:21:36","guid":{"rendered":"https:\/\/tatd.org.tr\/tatdus\/?page_id=3194"},"modified":"2024-01-16T13:55:50","modified_gmt":"2024-01-16T10:55:50","slug":"bildiri-kitapciklari","status":"publish","type":"page","link":"https:\/\/tatd.org.tr\/tatdus\/homepage\/belgeler\/bildiri-kitapciklari\/","title":{"rendered":"Bildiri Kitap\u00e7\u0131klar\u0131"},"content":{"rendered":"<p><a class=\"btn btn-outline-primary fw-bold text-start\" href=\"https:\/\/tatd.org.tr\/tatdus\/wp-content\/uploads\/sites\/5\/2021\/10\/USG-Sempozyumu-2019.pdf\" target=\"_blank\" rel=\"noopener\">Acil ve Kritik Hastada Ultrasonografi Sempozyumu 22-24 \u015eubat 2019, Bildiri Kitab\u0131 ve Program<\/a><\/p>\n<p><a class=\"btn btn-outline-primary fw-bold text-start\" href=\"https:\/\/tatd.org.tr\/wp-content\/uploads\/2024\/01\/eadab5c4f7672e8777aa441855052e2c.pdf\" target=\"_blank\" rel=\"noopener\">2. Acil ve Kritik Hastada Ultrasonografi Sempozyumu 9-12 Kas\u0131m 2023, Bildiri Kitab\u0131 ve Program<\/a><\/p>\n","protected":false},"excerpt":{"rendered":"<p>Acil ve Kritik Hastada Ultrasonografi Sempozyumu 22-24 \u015eubat 2019, Bildiri Kitab\u0131 ve Program 2. Acil ve Kritik Hastada Ultrasonografi Sempozyumu 9-12 Kas\u0131m&hellip;<\/p>\n","protected":false},"author":1561,"featured_media":0,"parent":60,"menu_order":12,"comment_status":"closed","ping_status":"closed","template":"","meta":{"_acf_changed":false,"inline_featured_image":false,"_lmt_disableupdate":"","_lmt_disable":"","footnotes":""},"class_list":["post-3194","page","type-page","status-publish","hentry"],"acf":[],"_links":{"self":[{"href":"https:\/\/tatd.org.tr\/tatdus\/wp-json\/wp\/v2\/pages\/3194","targetHints":{"allow":["GET"]}}],"collection":[{"href":"https:\/\/tatd.org.tr\/tatdus\/wp-json\/wp\/v2\/pages"}],"about":[{"href":"https:\/\/tatd.org.tr\/tatdus\/wp-json\/wp\/v2\/types\/page"}],"author":[{"embeddable":true,"href":"https:\/\/tatd.org.tr\/tatdus\/wp-json\/wp\/v2\/users\/1561"}],"replies":[{"embeddable":true,"href":"https:\/\/tatd.org.tr\/tatdus\/wp-json\/wp\/v2\/comments?post=3194"}],"version-history":[{"count":0,"href":"https:\/\/tatd.org.tr\/tatdus\/wp-json\/wp\/v2\/pages\/3194\/revisions"}],"up":[{"embeddable":true,"href":"https:\/\/tatd.org.tr\/tatdus\/wp-json\/wp\/v2\/pages\/60"}],"wp:attachment":[{"href":"https:\/\/tatd.org.tr\/tatdus\/wp-json\/wp\/v2\/media?parent=3194"}],"curies":[{"name":"wp","href":"https:\/\/api.w.org\/{rel}","templated":true}]}}