{"id":3185,"date":"2021-11-21T22:14:58","date_gmt":"2021-11-21T19:14:58","guid":{"rendered":"https:\/\/tatd.org.tr\/tatdus\/?page_id=3185"},"modified":"2024-01-12T02:26:13","modified_gmt":"2024-01-11T23:26:13","slug":"faaliyet-raporlari","status":"publish","type":"page","link":"https:\/\/tatd.org.tr\/tatdus\/homepage\/belgeler\/faaliyet-raporlari\/","title":{"rendered":"Faaliyet Raporlar\u0131"},"content":{"rendered":"<div class=\"pcrstb-wrap\"><table style=\"border-collapse: collapse;width: 100%\" border=\"1\">\n<tbody>\n<tr style=\"height: 24px\">\n<td style=\"width: 13.488%;height: 24px\"><strong>Y\u0131l<\/strong><\/td>\n<td style=\"width: 40.0647%;height: 24px\"><strong>Y\u00fcr\u00fctme Kurulu<\/strong><\/td>\n<td style=\"width: 46.4473%;height: 24px\"><strong>Faaliyet Raporu<\/strong><\/td>\n<\/tr>\n<tr style=\"height: 46px\">\n<td style=\"width: 13.488%;height: 46px\">2022-2023<\/td>\n<td style=\"width: 40.0647%;height: 46px\">Ba\u015fkan: \u00d6zlem Dikme, Sekreter: Burcu Azapo\u011flu Kaymak<\/td>\n<td style=\"width: 46.4473%;height: 46px\"><a class=\"btn btn-outline-primary fw-bold text-start\" href=\"https:\/\/tatd.org.tr\/tatdus\/wp-content\/uploads\/sites\/5\/2024\/01\/439be3959751382225f0035f8c6c2729.pdf\" target=\"_blank\" rel=\"noopener\">TATDUS 2022-23 Faaliyet Raporu<\/a><\/td>\n<\/tr>\n<tr style=\"height: 24px\">\n<td style=\"width: 13.488%;height: 24px\">2020-2021<\/td>\n<td style=\"width: 40.0647%;height: 24px\">Ba\u015fkan: Asl\u0131han Y\u00fcr\u00fckt\u00fcmen \u00dcnal, Sekreter: Burcu Azapo\u011flu Kaymak<\/td>\n<td style=\"width: 46.4473%;height: 24px\"><a class=\"btn btn-outline-primary fw-bold text-start\" href=\"https:\/\/tatd.org.tr\/tatdus\/wp-content\/uploads\/sites\/5\/2022\/05\/2ed1dec29f131087d5a9ffe7cbcbd7e9.pdf\" target=\"_blank\" rel=\"noopener\">TATDUS 2020-21 Faaliyet Raporu<\/a><\/td>\n<\/tr>\n<tr style=\"height: 24px\">\n<td style=\"width: 13.488%;height: 24px\">2018-2019<\/td>\n<td style=\"width: 40.0647%;height: 24px\">Ba\u015fkan: Funda Karbek Akarca, Sekreter: Volkan Arslan<\/td>\n<td style=\"width: 46.4473%;height: 24px\"><a class=\"btn btn-outline-primary fw-bold text-start\" href=\"https:\/\/tatd.org.tr\/tatdus\/wp-content\/uploads\/sites\/5\/2021\/11\/TATDUS-2017-19-Faaliyet-Raporu.pdf\" target=\"_blank\" rel=\"noopener\">TATDUS 2017-19 Faaliyet Raporu<\/a><\/td>\n<\/tr>\n<tr style=\"height: 24px\">\n<td style=\"width: 13.488%;height: 24px\">2016-2017<\/td>\n<td style=\"width: 40.0647%;height: 24px\">Ba\u015fkan: Asl\u0131han Y\u00fcr\u00fckt\u00fcmen \u00dcnal, Sekreter: \u00d6zlem Dikme<\/td>\n<td style=\"width: 46.4473%;height: 24px\"><a class=\"btn btn-outline-primary fw-bold text-start\" href=\"https:\/\/tatd.org.tr\/tatdus\/wp-content\/uploads\/sites\/5\/2021\/11\/TATDUS-2015-17-Faaliyet-Raporu.pdf\" target=\"_blank\" rel=\"noopener\">TATDUS 2015-17 Faaliyet Raporu<\/a><\/td>\n<\/tr>\n<tr style=\"height: 24px\">\n<td style=\"width: 13.488%;height: 24px\">2014-2015<\/td>\n<td style=\"width: 40.0647%;height: 24px\">Ba\u015fkan: Murat Ye\u015filaras (-Kas\u0131m), Sekreter: \u00d6zg\u00fcr \u00c7evrim (-Kas\u0131m)<\/td>\n<td style=\"width: 46.4473%;height: 24px\"><a class=\"btn btn-outline-primary fw-bold text-start\" href=\"https:\/\/tatd.org.tr\/tatdus\/wp-content\/uploads\/sites\/5\/2021\/11\/TATDUS-2014-15-Eg\u0306itimleri.pdf\" target=\"_blank\" rel=\"noopener\">TATDUS 2014-15 Eg\u0306itimleri<\/a><\/td>\n<\/tr>\n<tr style=\"height: 24px\">\n<td style=\"width: 13.488%;height: 24px\">2011-2014<\/td>\n<td style=\"width: 40.0647%;height: 24px\">Ba\u015fkan: Funda Karbek Akarca (-Haziran),<\/td>\n<td style=\"width: 46.4473%;height: 24px\"><a class=\"btn btn-outline-primary fw-bold text-start\" href=\"https:\/\/tatd.org.tr\/tatdus\/wp-content\/uploads\/sites\/5\/2021\/11\/TATDUS-2011-14-Eg\u0306itimleri.pdf\" target=\"_blank\" rel=\"noopener\">TATDUS 2011-14 Eg\u0306itimleri <\/a><\/td>\n<\/tr>\n<tr style=\"height: 23px\">\n<td style=\"width: 13.488%;height: 23px\">2008-2011<\/td>\n<td style=\"width: 40.0647%;height: 23px\">Ba\u015fkan: Asl\u0131han Y\u00fcr\u00fckt\u00fcmen \u00dcnal (-May\u0131s)<\/td>\n<td style=\"width: 46.4473%;height: 23px\"><a class=\"btn btn-outline-primary fw-bold text-start\" href=\"https:\/\/tatd.org.tr\/tatdus\/wp-content\/uploads\/sites\/5\/2021\/11\/TATDUS-2008-11-Eg\u0306itimleri.pdf\" target=\"_blank\" rel=\"noopener\">TATDUS 2008-11 Eg\u0306itimleri<\/a><\/td>\n<\/tr>\n<\/tbody>\n<\/table><\/div>\n<p>\u00c7al\u0131\u015fma Grubunun y\u0131ll\u0131k faaliyet raporlar\u0131 buraya y\u00fcklenecektir.\u00a0Faaliyet raporlar\u0131 sadece TATD \u00fcyelerine a\u00e7\u0131kt\u0131r.<\/p>\n","protected":false},"excerpt":{"rendered":"<p>Y\u0131l Y\u00fcr\u00fctme Kurulu Faaliyet Raporu 2022-2023 Ba\u015fkan: \u00d6zlem Dikme, Sekreter: Burcu Azapo\u011flu Kaymak TATDUS 2022-23 Faaliyet Raporu 2020-2021 Ba\u015fkan: Asl\u0131han Y\u00fcr\u00fckt\u00fcmen \u00dcnal,&hellip;<\/p>\n","protected":false},"author":1561,"featured_media":0,"parent":60,"menu_order":1,"comment_status":"closed","ping_status":"closed","template":"","meta":{"_acf_changed":false,"inline_featured_image":false,"_lmt_disableupdate":"","_lmt_disable":"","footnotes":""},"class_list":["post-3185","page","type-page","status-publish","hentry"],"acf":[],"_links":{"self":[{"href":"https:\/\/tatd.org.tr\/tatdus\/wp-json\/wp\/v2\/pages\/3185","targetHints":{"allow":["GET"]}}],"collection":[{"href":"https:\/\/tatd.org.tr\/tatdus\/wp-json\/wp\/v2\/pages"}],"about":[{"href":"https:\/\/tatd.org.tr\/tatdus\/wp-json\/wp\/v2\/types\/page"}],"author":[{"embeddable":true,"href":"https:\/\/tatd.org.tr\/tatdus\/wp-json\/wp\/v2\/users\/1561"}],"replies":[{"embeddable":true,"href":"https:\/\/tatd.org.tr\/tatdus\/wp-json\/wp\/v2\/comments?post=3185"}],"version-history":[{"count":0,"href":"https:\/\/tatd.org.tr\/tatdus\/wp-json\/wp\/v2\/pages\/3185\/revisions"}],"up":[{"embeddable":true,"href":"https:\/\/tatd.org.tr\/tatdus\/wp-json\/wp\/v2\/pages\/60"}],"wp:attachment":[{"href":"https:\/\/tatd.org.tr\/tatdus\/wp-json\/wp\/v2\/media?parent=3185"}],"curies":[{"name":"wp","href":"https:\/\/api.w.org\/{rel}","templated":true}]}}