{"id":3152,"date":"2021-11-20T03:07:23","date_gmt":"2021-11-20T00:07:23","guid":{"rendered":"https:\/\/tatd.org.tr\/tatdus\/?page_id=3152"},"modified":"2021-11-21T22:23:20","modified_gmt":"2021-11-21T19:23:20","slug":"raporlar","status":"publish","type":"page","link":"https:\/\/tatd.org.tr\/tatdus\/homepage\/belgeler\/raporlar\/","title":{"rendered":"Raporlar"},"content":{"rendered":"<p>Bu sayfada \u00c7al\u0131\u015fma Grubu taraf\u0131ndan haz\u0131rlanan rapor, k\u0131lavuz ya da yay\u0131nlara yer verilmektedir.<\/p>\n","protected":false},"excerpt":{"rendered":"<p>Bu sayfada \u00c7al\u0131\u015fma Grubu taraf\u0131ndan haz\u0131rlanan rapor, k\u0131lavuz ya da yay\u0131nlara yer verilmektedir.<\/p>\n","protected":false},"author":1561,"featured_media":0,"parent":60,"menu_order":15,"comment_status":"closed","ping_status":"closed","template":"","meta":{"_acf_changed":false,"inline_featured_image":false,"_lmt_disableupdate":"","_lmt_disable":"","footnotes":""},"class_list":["post-3152","page","type-page","status-publish","hentry"],"acf":[],"_links":{"self":[{"href":"https:\/\/tatd.org.tr\/tatdus\/wp-json\/wp\/v2\/pages\/3152","targetHints":{"allow":["GET"]}}],"collection":[{"href":"https:\/\/tatd.org.tr\/tatdus\/wp-json\/wp\/v2\/pages"}],"about":[{"href":"https:\/\/tatd.org.tr\/tatdus\/wp-json\/wp\/v2\/types\/page"}],"author":[{"embeddable":true,"href":"https:\/\/tatd.org.tr\/tatdus\/wp-json\/wp\/v2\/users\/1561"}],"replies":[{"embeddable":true,"href":"https:\/\/tatd.org.tr\/tatdus\/wp-json\/wp\/v2\/comments?post=3152"}],"version-history":[{"count":0,"href":"https:\/\/tatd.org.tr\/tatdus\/wp-json\/wp\/v2\/pages\/3152\/revisions"}],"up":[{"embeddable":true,"href":"https:\/\/tatd.org.tr\/tatdus\/wp-json\/wp\/v2\/pages\/60"}],"wp:attachment":[{"href":"https:\/\/tatd.org.tr\/tatdus\/wp-json\/wp\/v2\/media?parent=3152"}],"curies":[{"name":"wp","href":"https:\/\/api.w.org\/{rel}","templated":true}]}}