{"id":303,"date":"2020-01-29T15:15:28","date_gmt":"2020-01-29T12:15:28","guid":{"rendered":"https:\/\/tatdus.acilarastirma.net\/?page_id=303"},"modified":"2024-01-11T14:46:44","modified_gmt":"2024-01-11T11:46:44","slug":"iletisim","status":"publish","type":"page","link":"https:\/\/tatd.org.tr\/tatdus\/homepage\/iletisim\/","title":{"rendered":"\u0130leti\u015fim"},"content":{"rendered":"\n<p><strong>\u00d6NEML\u0130:<\/strong> \u0130leti\u015fim i\u00e7in <a href=\"mailto:tatdus@tatd.org.tr\">tatdus@tatd.org.tr<\/a> adresine mail atman\u0131z\u0131 rica ederiz.<\/p>\n","protected":false},"excerpt":{"rendered":"<p>\u00d6NEML\u0130: \u0130leti\u015fim i\u00e7in tatdus@tatd.org.tr adresine mail atman\u0131z\u0131 rica ederiz.<\/p>\n","protected":false},"author":1599,"featured_media":0,"parent":2908,"menu_order":99,"comment_status":"closed","ping_status":"closed","template":"contact.php","meta":{"_acf_changed":false,"inline_featured_image":false,"_lmt_disableupdate":"","_lmt_disable":"","footnotes":""},"class_list":["post-303","page","type-page","status-publish","hentry"],"acf":[],"_links":{"self":[{"href":"https:\/\/tatd.org.tr\/tatdus\/wp-json\/wp\/v2\/pages\/303","targetHints":{"allow":["GET"]}}],"collection":[{"href":"https:\/\/tatd.org.tr\/tatdus\/wp-json\/wp\/v2\/pages"}],"about":[{"href":"https:\/\/tatd.org.tr\/tatdus\/wp-json\/wp\/v2\/types\/page"}],"author":[{"embeddable":true,"href":"https:\/\/tatd.org.tr\/tatdus\/wp-json\/wp\/v2\/users\/1599"}],"replies":[{"embeddable":true,"href":"https:\/\/tatd.org.tr\/tatdus\/wp-json\/wp\/v2\/comments?post=303"}],"version-history":[{"count":0,"href":"https:\/\/tatd.org.tr\/tatdus\/wp-json\/wp\/v2\/pages\/303\/revisions"}],"up":[{"embeddable":true,"href":"https:\/\/tatd.org.tr\/tatdus\/wp-json\/wp\/v2\/pages\/2908"}],"wp:attachment":[{"href":"https:\/\/tatd.org.tr\/tatdus\/wp-json\/wp\/v2\/media?parent=303"}],"curies":[{"name":"wp","href":"https:\/\/api.w.org\/{rel}","templated":true}]}}