{"id":2545,"date":"2021-10-20T22:35:18","date_gmt":"2021-10-20T19:35:18","guid":{"rendered":"https:\/\/tatd.org.tr\/tatdus\/?page_id=2545"},"modified":"2024-01-11T12:35:52","modified_gmt":"2024-01-11T09:35:52","slug":"editorler-editor","status":"publish","type":"page","link":"https:\/\/tatd.org.tr\/tatdus\/homepage\/kurullarimiz\/editorler-editor\/","title":{"rendered":"\u0130\u00e7erik Edit\u00f6rleri"},"content":{"rendered":"","protected":false},"excerpt":{"rendered":"","protected":false},"author":1561,"featured_media":0,"parent":3192,"menu_order":3,"comment_status":"closed","ping_status":"closed","template":"team.php","meta":{"_acf_changed":false,"inline_featured_image":false,"_lmt_disableupdate":"","_lmt_disable":"","footnotes":""},"class_list":["post-2545","page","type-page","status-publish","hentry"],"acf":[],"_links":{"self":[{"href":"https:\/\/tatd.org.tr\/tatdus\/wp-json\/wp\/v2\/pages\/2545","targetHints":{"allow":["GET"]}}],"collection":[{"href":"https:\/\/tatd.org.tr\/tatdus\/wp-json\/wp\/v2\/pages"}],"about":[{"href":"https:\/\/tatd.org.tr\/tatdus\/wp-json\/wp\/v2\/types\/page"}],"author":[{"embeddable":true,"href":"https:\/\/tatd.org.tr\/tatdus\/wp-json\/wp\/v2\/users\/1561"}],"replies":[{"embeddable":true,"href":"https:\/\/tatd.org.tr\/tatdus\/wp-json\/wp\/v2\/comments?post=2545"}],"version-history":[{"count":0,"href":"https:\/\/tatd.org.tr\/tatdus\/wp-json\/wp\/v2\/pages\/2545\/revisions"}],"up":[{"embeddable":true,"href":"https:\/\/tatd.org.tr\/tatdus\/wp-json\/wp\/v2\/pages\/3192"}],"wp:attachment":[{"href":"https:\/\/tatd.org.tr\/tatdus\/wp-json\/wp\/v2\/media?parent=2545"}],"curies":[{"name":"wp","href":"https:\/\/api.w.org\/{rel}","templated":true}]}}