{"id":2541,"date":"2021-10-20T22:31:52","date_gmt":"2021-10-20T19:31:52","guid":{"rendered":"https:\/\/tatd.org.tr\/tatdus\/?page_id=2541"},"modified":"2025-08-09T02:29:09","modified_gmt":"2025-08-08T23:29:09","slug":"sosyal-medya","status":"publish","type":"page","link":"https:\/\/tatd.org.tr\/tatdus\/homepage\/kurullarimiz\/sosyal-medya\/","title":{"rendered":"Sosyal Medya Ekibi"},"content":{"rendered":"\n<figure class=\"wp-block-table\"><div class=\"pcrstb-wrap\"><table><tbody><tr><td>Dr. \u00d6\u011fr. \u00dcyesi<\/td><td>Faruk Dan\u0131\u015f<\/td><\/tr><tr><td>Dr. \u00d6\u011fr. G\u00f6r<\/td><td>S\u00fcleyman \u0130bze<\/td><\/tr><tr><td>Uz. Dr.<\/td><td>Agit Akg\u00fcl<\/td><\/tr><tr><td>Uz. Dr.<\/td><td>B\u00fc\u015fra Erdem<\/td><\/tr><tr><td>Uz. Dr.<\/td><td>Ertu\u011f G\u00fcnsoy<\/td><\/tr><tr><td>Uz. Dr.<\/td><td>M\u00fcmin Murat Yaz\u0131c\u0131<\/td><\/tr><tr><td>Uz. Dr.<\/td><td>Onur Cem B\u00fcy\u00fckta\u015f<\/td><\/tr><tr><td>Uz. Dr.<\/td><td>Sacit Akdeniz<\/td><\/tr><\/tbody><\/table><\/div><\/figure>\n\n\n\n<p><\/p>\n","protected":false},"excerpt":{"rendered":"<p>Dr. \u00d6\u011fr. \u00dcyesi Faruk Dan\u0131\u015f Dr. \u00d6\u011fr. G\u00f6r S\u00fcleyman \u0130bze Uz. Dr. Agit Akg\u00fcl Uz. Dr. B\u00fc\u015fra Erdem Uz. Dr. Ertu\u011f G\u00fcnsoy&hellip;<\/p>\n","protected":false},"author":1561,"featured_media":0,"parent":3192,"menu_order":5,"comment_status":"closed","ping_status":"closed","template":"","meta":{"_acf_changed":false,"inline_featured_image":false,"_lmt_disableupdate":"","_lmt_disable":"","footnotes":""},"class_list":["post-2541","page","type-page","status-publish","hentry"],"acf":[],"_links":{"self":[{"href":"https:\/\/tatd.org.tr\/tatdus\/wp-json\/wp\/v2\/pages\/2541","targetHints":{"allow":["GET"]}}],"collection":[{"href":"https:\/\/tatd.org.tr\/tatdus\/wp-json\/wp\/v2\/pages"}],"about":[{"href":"https:\/\/tatd.org.tr\/tatdus\/wp-json\/wp\/v2\/types\/page"}],"author":[{"embeddable":true,"href":"https:\/\/tatd.org.tr\/tatdus\/wp-json\/wp\/v2\/users\/1561"}],"replies":[{"embeddable":true,"href":"https:\/\/tatd.org.tr\/tatdus\/wp-json\/wp\/v2\/comments?post=2541"}],"version-history":[{"count":0,"href":"https:\/\/tatd.org.tr\/tatdus\/wp-json\/wp\/v2\/pages\/2541\/revisions"}],"up":[{"embeddable":true,"href":"https:\/\/tatd.org.tr\/tatdus\/wp-json\/wp\/v2\/pages\/3192"}],"wp:attachment":[{"href":"https:\/\/tatd.org.tr\/tatdus\/wp-json\/wp\/v2\/media?parent=2541"}],"curies":[{"name":"wp","href":"https:\/\/api.w.org\/{rel}","templated":true}]}}