{"id":226,"date":"2021-10-17T23:07:10","date_gmt":"2021-10-17T20:07:10","guid":{"rendered":"https:\/\/tatd.org.tr\/template\/?page_id=10"},"modified":"2021-11-21T18:45:25","modified_gmt":"2021-11-21T15:45:25","slug":"vizyon-misyon-ve-tanimlar","status":"publish","type":"page","link":"https:\/\/tatd.org.tr\/tatdhayat\/hakkimizda\/vizyon-misyon-ve-tanimlar\/","title":{"rendered":"Vizyon, Misyon ve Tan\u0131mlar"},"content":{"rendered":"<h3><strong>V\u0130ZYON<\/strong><\/h3>\n<p>Acil T\u0131p \u00e7al\u0131\u015fanlar\u0131 aras\u0131nda hekim sa\u011fl\u0131\u011f\u0131 i\u00e7in i\u015fbirli\u011fi yapmak, i\u015fyerinde sa\u011fl\u0131kl\u0131 ya\u015fam ile ilgili fark\u0131ndal\u0131k yaratmak, t\u00fckenmi\u015flik sendromunu azaltarak, hekimlerde ideal esnekli\u011fi art\u0131rmak ve genel ya\u015fam kalitesini y\u00fckseltmek nihai hedefimizdir.<\/p>\n<h3><strong>M\u0130SYON<\/strong><\/h3>\n<p>Bireysel, kurumsal, yerel, ulusal, yenilik\u00e7i ve pozitif de\u011fi\u015fimi katalize etmek, Hekim sa\u011fl\u0131\u011f\u0131n\u0131 desteklemek i\u00e7in de\u011fi\u015fimi etkilemenin en etkili yollar\u0131n\u0131 belirlemek<\/p>\n","protected":false},"excerpt":{"rendered":"<p>V\u0130ZYON Acil T\u0131p \u00e7al\u0131\u015fanlar\u0131 aras\u0131nda hekim sa\u011fl\u0131\u011f\u0131 i\u00e7in i\u015fbirli\u011fi yapmak, i\u015fyerinde sa\u011fl\u0131kl\u0131 ya\u015fam ile ilgili fark\u0131ndal\u0131k yaratmak, t\u00fckenmi\u015flik sendromunu azaltarak, hekimlerde ideal&hellip;<\/p>\n","protected":false},"author":1,"featured_media":0,"parent":224,"menu_order":1,"comment_status":"closed","ping_status":"closed","template":"","meta":{"_acf_changed":false,"inline_featured_image":false,"_lmt_disableupdate":"","_lmt_disable":"","footnotes":""},"class_list":["post-226","page","type-page","status-publish","hentry"],"acf":[],"_links":{"self":[{"href":"https:\/\/tatd.org.tr\/tatdhayat\/wp-json\/wp\/v2\/pages\/226","targetHints":{"allow":["GET"]}}],"collection":[{"href":"https:\/\/tatd.org.tr\/tatdhayat\/wp-json\/wp\/v2\/pages"}],"about":[{"href":"https:\/\/tatd.org.tr\/tatdhayat\/wp-json\/wp\/v2\/types\/page"}],"author":[{"embeddable":true,"href":"https:\/\/tatd.org.tr\/tatdhayat\/wp-json\/wp\/v2\/users\/1"}],"replies":[{"embeddable":true,"href":"https:\/\/tatd.org.tr\/tatdhayat\/wp-json\/wp\/v2\/comments?post=226"}],"version-history":[{"count":0,"href":"https:\/\/tatd.org.tr\/tatdhayat\/wp-json\/wp\/v2\/pages\/226\/revisions"}],"up":[{"embeddable":true,"href":"https:\/\/tatd.org.tr\/tatdhayat\/wp-json\/wp\/v2\/pages\/224"}],"wp:attachment":[{"href":"https:\/\/tatd.org.tr\/tatdhayat\/wp-json\/wp\/v2\/media?parent=226"}],"curies":[{"name":"wp","href":"https:\/\/api.w.org\/{rel}","templated":true}]}}