{"id":225,"date":"2021-10-17T23:06:18","date_gmt":"2021-10-17T20:06:18","guid":{"rendered":"https:\/\/tatd.org.tr\/template\/?page_id=8"},"modified":"2021-11-21T18:44:10","modified_gmt":"2021-11-21T15:44:10","slug":"tarihce","status":"publish","type":"page","link":"https:\/\/tatd.org.tr\/tatdhayat\/hakkimizda\/tarihce\/","title":{"rendered":"Tarih\u00e7e"},"content":{"rendered":"<p>TATD Sa\u011fl\u0131kl\u0131 Ya\u015fam \u00c7al\u0131\u015fma Grubu, 11-17 Mart 2018&#8217;de ilk kez d\u00fczenlenen Uluslararas\u0131 Sa\u011fl\u0131kl\u0131 Ya\u015fam Haftas\u0131 organizasyonu i\u00e7in\u00a0ACEP (ABD),\u00a0CAEP\u00a0(Kanada),\u00a0ACEM (Avustralya),\u00a0WrAP (Avustralya)\u00a0ve\u00a0TATD (T\u00fcrkiye) olmak \u00fczere 5 derne\u011fin bir araya gelmesi esnas\u0131nda bir komite olarak g\u00f6revine ba\u015flam\u0131\u015ft\u0131r. 2018 Kongresinde ise faaliyetlerini \u00c7al\u0131\u015fma Grubu olarak y\u00fcr\u00fctmek \u00fczere ilk Y\u00fcr\u00fctme Kurulu se\u00e7imlerini yaparak resmen g\u00f6reve ba\u015flam\u0131\u015ft\u0131r.<\/p>\n<div class=\"pcrstb-wrap\"><table style=\"border-collapse: collapse; width: 100%;\" border=\"1\">\n<tbody>\n<tr style=\"height: 24px;\">\n<td style=\"width: 3.80577%; height: 24px;\"><strong>Kurulu\u015f Tarihi<\/strong><\/td>\n<td style=\"width: 28.6745%; height: 24px;\">2018<\/td>\n<\/tr>\n<tr style=\"height: 24px;\">\n<td style=\"width: 3.80577%; height: 24px;\"><strong>Kurucu Ba\u015fkan<\/strong><\/td>\n<td style=\"width: 28.6745%; height: 24px;\">\u00d6zlem K\u00f6ksal<\/td>\n<\/tr>\n<\/tbody>\n<\/table><\/div>\n<p>&nbsp;<\/p>\n<div class=\"pcrstb-wrap\"><table style=\"border-collapse: collapse; width: 100%;\" border=\"1\">\n<tbody>\n<tr>\n<td style=\"width: 25%;\"><strong>Ba\u015fkan<\/strong><\/td>\n<td style=\"width: 25%;\"><strong>G\u00f6rev S\u00fcresi<\/strong><\/td>\n<td style=\"width: 25%;\"><strong>Sekreter<\/strong><\/td>\n<td style=\"width: 25%;\"><strong>G\u00f6rev S\u00fcresi<\/strong><\/td>\n<\/tr>\n<tr>\n<td style=\"width: 25%;\">Ay\u00e7a Koca<\/td>\n<td style=\"width: 25%;\">Kas\u0131m 2019 &#8211; 2021<\/td>\n<td style=\"width: 25%;\">Merve Ek\u015fio\u011flu<\/td>\n<td style=\"width: 25%;\">Kas\u0131m 2019 &#8211; 2021<\/td>\n<\/tr>\n<tr>\n<td style=\"width: 25%;\">Ebru \u00dcnal Ako\u011flu (\u0130lk Se\u00e7imli YK)<\/td>\n<td style=\"width: 25%;\">9 Kas\u0131m 2018 &#8211; Kas\u0131m 2019<\/td>\n<td style=\"width: 25%;\">G\u00fcltekin Kad\u0131<\/td>\n<td style=\"width: 25%;\">9 Kas\u0131m 2018 &#8211; Kas\u0131m 2019<\/td>\n<\/tr>\n<tr>\n<td style=\"width: 25%;\">\u00d6zlem K\u00f6ksal (Kurucu, Komite)<\/td>\n<td style=\"width: 25%;\">1 Mart 2018 &#8211; 9 Kas\u0131m 2018<\/td>\n<td style=\"width: 25%;\">Murat \u00c7etin<\/td>\n<td style=\"width: 25%;\">1 Mart 2018 &#8211; 9 Kas\u0131m 2018<\/td>\n<\/tr>\n<\/tbody>\n<\/table><\/div>\n<p>G\u00f6rev s\u00fcresi, belirtilen y\u0131l yap\u0131lan se\u00e7imli Genel Kurul sonras\u0131ndaki \u00c7al\u0131\u015fma Grubu se\u00e7imlerini ifade etmektedir.<\/p>\n","protected":false},"excerpt":{"rendered":"<p>TATD Sa\u011fl\u0131kl\u0131 Ya\u015fam \u00c7al\u0131\u015fma Grubu, 11-17 Mart 2018&#8217;de ilk kez d\u00fczenlenen Uluslararas\u0131 Sa\u011fl\u0131kl\u0131 Ya\u015fam Haftas\u0131 organizasyonu i\u00e7in\u00a0ACEP (ABD),\u00a0CAEP\u00a0(Kanada),\u00a0ACEM (Avustralya),\u00a0WrAP (Avustralya)\u00a0ve\u00a0TATD (T\u00fcrkiye) olmak&hellip;<\/p>\n","protected":false},"author":1,"featured_media":0,"parent":224,"menu_order":0,"comment_status":"closed","ping_status":"closed","template":"","meta":{"_acf_changed":false,"inline_featured_image":false,"_lmt_disableupdate":"","_lmt_disable":"","footnotes":""},"class_list":["post-225","page","type-page","status-publish","hentry"],"acf":[],"_links":{"self":[{"href":"https:\/\/tatd.org.tr\/tatdhayat\/wp-json\/wp\/v2\/pages\/225","targetHints":{"allow":["GET"]}}],"collection":[{"href":"https:\/\/tatd.org.tr\/tatdhayat\/wp-json\/wp\/v2\/pages"}],"about":[{"href":"https:\/\/tatd.org.tr\/tatdhayat\/wp-json\/wp\/v2\/types\/page"}],"author":[{"embeddable":true,"href":"https:\/\/tatd.org.tr\/tatdhayat\/wp-json\/wp\/v2\/users\/1"}],"replies":[{"embeddable":true,"href":"https:\/\/tatd.org.tr\/tatdhayat\/wp-json\/wp\/v2\/comments?post=225"}],"version-history":[{"count":0,"href":"https:\/\/tatd.org.tr\/tatdhayat\/wp-json\/wp\/v2\/pages\/225\/revisions"}],"up":[{"embeddable":true,"href":"https:\/\/tatd.org.tr\/tatdhayat\/wp-json\/wp\/v2\/pages\/224"}],"wp:attachment":[{"href":"https:\/\/tatd.org.tr\/tatdhayat\/wp-json\/wp\/v2\/media?parent=225"}],"curies":[{"name":"wp","href":"https:\/\/api.w.org\/{rel}","templated":true}]}}